{"id":2688,"date":"2020-04-11T11:46:46","date_gmt":"2020-04-11T09:46:46","guid":{"rendered":"http:\/\/violmax.pl\/?post_type=product&#038;p=2688"},"modified":"2025-12-02T13:27:44","modified_gmt":"2025-12-02T12:27:44","slug":"zakopane-szklanka-do-piwa-stopka-500-ml-szron-gubalowka","status":"publish","type":"product","link":"https:\/\/violmax.pl\/index.php\/produkt\/zakopane-szklanka-do-piwa-stopka-500-ml-szron-gubalowka\/","title":{"rendered":"ZAKOPANE, SZKLANKA DO PIWA &#8220;MA\u0141GOSIA&#8221; 500 ML, SZRON GUBA\u0141\u00d3WKA"},"content":{"rendered":"<p><img loading=\"lazy\" class=\"alignnone size-medium wp-image-2648\" src=\"http:\/\/violmax.pl\/wp-content\/uploads\/2020\/04\/ZAKOPANE_SZKLANKA_DO_PIWA_STOPKA_500_ML_SZRON_GUBALOWKA_2SZT-300x300.jpg\" alt=\"\" width=\"300\" height=\"300\" srcset=\"https:\/\/violmax.pl\/wp-content\/uploads\/2020\/04\/ZAKOPANE_SZKLANKA_DO_PIWA_STOPKA_500_ML_SZRON_GUBALOWKA_2SZT-300x300.jpg 300w, https:\/\/violmax.pl\/wp-content\/uploads\/2020\/04\/ZAKOPANE_SZKLANKA_DO_PIWA_STOPKA_500_ML_SZRON_GUBALOWKA_2SZT-150x150.jpg 150w, https:\/\/violmax.pl\/wp-content\/uploads\/2020\/04\/ZAKOPANE_SZKLANKA_DO_PIWA_STOPKA_500_ML_SZRON_GUBALOWKA_2SZT-768x768.jpg 768w, https:\/\/violmax.pl\/wp-content\/uploads\/2020\/04\/ZAKOPANE_SZKLANKA_DO_PIWA_STOPKA_500_ML_SZRON_GUBALOWKA_2SZT-680x680.jpg 680w, https:\/\/violmax.pl\/wp-content\/uploads\/2020\/04\/ZAKOPANE_SZKLANKA_DO_PIWA_STOPKA_500_ML_SZRON_GUBALOWKA_2SZT-100x100.jpg 100w, https:\/\/violmax.pl\/wp-content\/uploads\/2020\/04\/ZAKOPANE_SZKLANKA_DO_PIWA_STOPKA_500_ML_SZRON_GUBALOWKA_2SZT.jpg 1000w\" sizes=\"(max-width: 300px) 100vw, 300px\" \/><\/p>\n<p>Szklanka do piwa na stopce &#8220;MA\u0141GOSIA&#8221; o litra\u017cu 0,5 l. Elegancka pami\u0105tka szczeg\u00f3\u0142owo wypiaskowana, z motywem Harnasia, Giewontu, Krup\u00f3wki, Guba\u0142\u00f3wka, Wielka Krokiew, z wypiaskowanym dok\u0142adnie napisem Zakopane. Wygodna szklanka ze stopk\u0105. Nadaje si\u0119 do mycia w zmywarce.<\/p>\n","protected":false},"excerpt":{"rendered":"<p><img loading=\"lazy\" class=\"alignnone size-full wp-image-5364\" src=\"http:\/\/violmax.pl\/wp-content\/uploads\/2020\/10\/VIOLMAX_POLSKA-3.jpg\" alt=\"\" width=\"300\" height=\"28\" \/><\/p>\n<p>&nbsp;<\/p>\n<p>Szklanka do piwa na stopce &#8220;MA\u0141GOSIA&#8221; o litra\u017cu 0,5 l. Elegancka pami\u0105tka szczeg\u00f3\u0142owo wypiaskowana, z motywem Harnasia, Giewontu, Krup\u00f3wki, Guba\u0142\u00f3wka, Wielka Krokiew, z wypiaskowanym dok\u0142adnie napisem Zakopane. Wygodna szklanka ze stopk\u0105. Nadaje si\u0119 do mycia w zmywarce.<\/p>\n<p><strong><em>Minimalna ilo\u015b\u0107 zam\u00f3wienia &#8211; 6 sztuk (1 opakowanie)<\/em><br \/>\n<\/strong><\/p>\n<p><strong><em>Towar sprzedawany na opakowania<\/em><\/strong><\/p>\n<h3><span style=\"color: #ff0000;\">PRZY DODAWANIU DO KOSZYKA, NALE\u017bY DODAWA\u0106 KROTNO\u015a\u0106\u00a0 LICZBY 6 &#8211; (1 opak)\u00a0 np: 6 ; 12 ; 18 itd<\/span><\/h3>\n<h3><strong>CENA ZA SZTUK\u0118.<\/strong><\/h3>\n","protected":false},"featured_media":2648,"comment_status":"open","ping_status":"closed","template":"","meta":[],"_links":{"self":[{"href":"https:\/\/violmax.pl\/index.php\/wp-json\/wp\/v2\/product\/2688"}],"collection":[{"href":"https:\/\/violmax.pl\/index.php\/wp-json\/wp\/v2\/product"}],"about":[{"href":"https:\/\/violmax.pl\/index.php\/wp-json\/wp\/v2\/types\/product"}],"replies":[{"embeddable":true,"href":"https:\/\/violmax.pl\/index.php\/wp-json\/wp\/v2\/comments?post=2688"}],"wp:featuredmedia":[{"embeddable":true,"href":"https:\/\/violmax.pl\/index.php\/wp-json\/wp\/v2\/media\/2648"}],"wp:attachment":[{"href":"https:\/\/violmax.pl\/index.php\/wp-json\/wp\/v2\/media?parent=2688"}],"curies":[{"name":"wp","href":"https:\/\/api.w.org\/{rel}","templated":true}]}}