{"id":2668,"date":"2020-04-10T18:49:36","date_gmt":"2020-04-10T16:49:36","guid":{"rendered":"http:\/\/violmax.pl\/?post_type=product&#038;p=2668"},"modified":"2025-12-02T13:27:45","modified_gmt":"2025-12-02T12:27:45","slug":"zakopane-szklanka-do-piwa-spirala-500-ml-krupowki-szron","status":"publish","type":"product","link":"https:\/\/violmax.pl\/index.php\/produkt\/zakopane-szklanka-do-piwa-spirala-500-ml-krupowki-szron\/","title":{"rendered":"ZAKOPANE, SZKLANKA DO PIWA &#8220;SPIRALA&#8221; 665 ML, KRUP\u00d3WKI SZRON"},"content":{"rendered":"<p><img loading=\"lazy\" class=\"alignnone size-medium wp-image-5712\" src=\"http:\/\/violmax.pl\/wp-content\/uploads\/2020\/11\/Zakopane_szklanka_do_piwa_spirala_500_ml_krupowki_szron-240x300.png\" alt=\"\" width=\"240\" height=\"300\" srcset=\"https:\/\/violmax.pl\/wp-content\/uploads\/2020\/11\/Zakopane_szklanka_do_piwa_spirala_500_ml_krupowki_szron-240x300.png 240w, https:\/\/violmax.pl\/wp-content\/uploads\/2020\/11\/Zakopane_szklanka_do_piwa_spirala_500_ml_krupowki_szron-680x850.png 680w, https:\/\/violmax.pl\/wp-content\/uploads\/2020\/11\/Zakopane_szklanka_do_piwa_spirala_500_ml_krupowki_szron.png 720w\" sizes=\"(max-width: 240px) 100vw, 240px\" \/><\/p>\n<p>&nbsp;<\/p>\n<p>Szklanka do piwa &#8220;SPIRALA&#8221; o litra\u017cu 0,665 litra. Zdobiona efektownymi frezami w szkle na dole. Do po\u0142owy w szronie, z wypiaskowanym motywem Krup\u00f3wek w Zakopanem . Piaskowanie sprawia \u017ce szklanka sprawia wra\u017cenia jak by by\u0142a zmro\u017cona. Przepi\u0119kna i dostojna pami\u0105tka z robi\u0105cymi wra\u017cenie zdobieniem. Idealna pami\u0105tka z Zakopanego. Nadaje si\u0119 do mycia w zmywarce.<\/p>\n","protected":false},"excerpt":{"rendered":"<p><img loading=\"lazy\" class=\"alignnone size-full wp-image-5364\" src=\"http:\/\/violmax.pl\/wp-content\/uploads\/2020\/10\/VIOLMAX_POLSKA-3.jpg\" alt=\"\" width=\"300\" height=\"28\" \/><\/p>\n<p>&nbsp;<\/p>\n<p>Szklanka do piwa &#8220;SPIRALA&#8221; o litra\u017cu 0,665 litra. Zdobiona efektownymi frezami w szkle na dole. Do po\u0142owy w szronie, z wypiaskowanym motywem Krup\u00f3wek w Zakopanem . Piaskowanie sprawia \u017ce szklanka sprawia wra\u017cenia jak by by\u0142a zmro\u017cona. Przepi\u0119kna i dostojna pami\u0105tka z robi\u0105cymi wra\u017cenie zdobieniem. Idealna pami\u0105tka z Zakopanego. Nadaje si\u0119 do mycia w zmywarce.<\/p>\n<p><strong><em>Minimalna ilo\u015b\u0107 zam\u00f3wienia &#8211; 6 sztuk (1 opakowanie)<\/em><br \/>\n<\/strong><\/p>\n<p><strong><em>Towar sprzedawany na opakowania<\/em><\/strong><\/p>\n<h3><span style=\"color: #ff0000;\">PRZY DODAWANIU DO KOSZYKA, NALE\u017bY DODAWA\u0106 KROTNO\u015a\u0106\u00a0 LICZBY 6 &#8211; (1 opak)\u00a0 np: 6 ; 12 ; 18 itd<\/span><\/h3>\n<h3><strong>CENA ZA SZTUK\u0118.<\/strong><\/h3>\n","protected":false},"featured_media":5712,"comment_status":"open","ping_status":"closed","template":"","meta":[],"_links":{"self":[{"href":"https:\/\/violmax.pl\/index.php\/wp-json\/wp\/v2\/product\/2668"}],"collection":[{"href":"https:\/\/violmax.pl\/index.php\/wp-json\/wp\/v2\/product"}],"about":[{"href":"https:\/\/violmax.pl\/index.php\/wp-json\/wp\/v2\/types\/product"}],"replies":[{"embeddable":true,"href":"https:\/\/violmax.pl\/index.php\/wp-json\/wp\/v2\/comments?post=2668"}],"wp:featuredmedia":[{"embeddable":true,"href":"https:\/\/violmax.pl\/index.php\/wp-json\/wp\/v2\/media\/5712"}],"wp:attachment":[{"href":"https:\/\/violmax.pl\/index.php\/wp-json\/wp\/v2\/media?parent=2668"}],"curies":[{"name":"wp","href":"https:\/\/api.w.org\/{rel}","templated":true}]}}