{"id":266,"date":"2019-08-28T13:52:16","date_gmt":"2019-08-28T11:52:16","guid":{"rendered":"http:\/\/violmax.wroclaw.pl\/?post_type=product&#038;p=266"},"modified":"2025-12-02T13:30:49","modified_gmt":"2025-12-02T12:30:49","slug":"zakopane-kieliszek-do-wodki-shot-50-ml-lufa-harnasia","status":"publish","type":"product","link":"https:\/\/violmax.pl\/index.php\/produkt\/zakopane-kieliszek-do-wodki-shot-50-ml-lufa-harnasia\/","title":{"rendered":"ZAKOPANE, KIELISZEK DO W\u00d3DKI &#8220;SHOT 50&#8221; ML, LUFA HARNASIA"},"content":{"rendered":"<p>&nbsp;<\/p>\n<p><img loading=\"lazy\" class=\"alignnone size-medium wp-image-4295\" src=\"http:\/\/violmax.pl\/wp-content\/uploads\/2020\/05\/ZAKOPANE_KIELISZEK_DO_WODKI_SCHOT_50_ML_LUFA_HARNASIA-300x200.jpg\" alt=\"\" width=\"300\" height=\"200\" srcset=\"https:\/\/violmax.pl\/wp-content\/uploads\/2020\/05\/ZAKOPANE_KIELISZEK_DO_WODKI_SCHOT_50_ML_LUFA_HARNASIA-300x200.jpg 300w, https:\/\/violmax.pl\/wp-content\/uploads\/2020\/05\/ZAKOPANE_KIELISZEK_DO_WODKI_SCHOT_50_ML_LUFA_HARNASIA-768x512.jpg 768w, https:\/\/violmax.pl\/wp-content\/uploads\/2020\/05\/ZAKOPANE_KIELISZEK_DO_WODKI_SCHOT_50_ML_LUFA_HARNASIA-680x454.jpg 680w, https:\/\/violmax.pl\/wp-content\/uploads\/2020\/05\/ZAKOPANE_KIELISZEK_DO_WODKI_SCHOT_50_ML_LUFA_HARNASIA.jpg 1000w\" sizes=\"(max-width: 300px) 100vw, 300px\" \/><\/p>\n<p>Kieliszek do w\u00f3dki o pojemno\u015bci 50ml, potocznie nazywany &#8221;Lufa Harnasia. To porz\u0105dny kieliszek, wykonany z grubego, mocnego szk\u0142a. Ozdobiony jest metalowym, kolorowym\u00a0 harnasiem. Na pami\u0105tce widnieje metalowa szarfa z napisem : &#8221; Lufa Harnasia&#8221; &#8211; na \u017cyczenie klienta mo\u017cemy umie\u015bci\u0107 napis Zakopane. Pami\u0105tka, kt\u00f3ra z pewno\u015bci\u0105 wywo\u0142a u\u015bmiech.<\/p>\n","protected":false},"excerpt":{"rendered":"<p><img loading=\"lazy\" class=\"alignnone size-medium wp-image-4222\" src=\"http:\/\/violmax.pl\/wp-content\/uploads\/2020\/05\/VIOLMAX_POLSKA-5-300x28.jpg\" alt=\"\" width=\"300\" height=\"28\" \/><\/p>\n<p>&nbsp;<\/p>\n<p>Kieliszek do w\u00f3dki o pojemno\u015bci 50ml, potocznie nazywany &#8221;Lufa Harnasia. To porz\u0105dny kieliszek, wykonany z grubego, mocnego szk\u0142a. Ozdobiony jest metalowym, kolorowym\u00a0 harnasiem. Na pami\u0105tce widnieje metalowa szarfa z napisem : &#8221; Lufa Harnasia&#8221; &#8211; na \u017cyczenie klienta mo\u017cemy umie\u015bci\u0107 napis Zakopane. Pami\u0105tka, kt\u00f3ra z pewno\u015bci\u0105 wywo\u0142a u\u015bmiech.<\/p>\n<p><strong><em>Minimalna ilo\u015b\u0107 zam\u00f3wienia &#8211; 6 sztuk (1 opakowanie)<\/em><br \/>\n<\/strong><\/p>\n<p><strong><em>Towar sprzedawany na opakowania<\/em><\/strong><\/p>\n<h3><span style=\"color: #ff0000;\">PRZY DODAWANIU DO KOSZYKA, NALE\u017bY DODAWA\u0106 KROTNO\u015a\u0106\u00a0 LICZBY 6 &#8211; (1 opak)\u00a0 np: 6 ; 12 ; 18 itd<\/span><\/h3>\n<h3><strong>CENA ZA SZTUK\u0118.<\/strong><\/h3>\n","protected":false},"featured_media":4295,"comment_status":"open","ping_status":"closed","template":"","meta":[],"_links":{"self":[{"href":"https:\/\/violmax.pl\/index.php\/wp-json\/wp\/v2\/product\/266"}],"collection":[{"href":"https:\/\/violmax.pl\/index.php\/wp-json\/wp\/v2\/product"}],"about":[{"href":"https:\/\/violmax.pl\/index.php\/wp-json\/wp\/v2\/types\/product"}],"replies":[{"embeddable":true,"href":"https:\/\/violmax.pl\/index.php\/wp-json\/wp\/v2\/comments?post=266"}],"wp:featuredmedia":[{"embeddable":true,"href":"https:\/\/violmax.pl\/index.php\/wp-json\/wp\/v2\/media\/4295"}],"wp:attachment":[{"href":"https:\/\/violmax.pl\/index.php\/wp-json\/wp\/v2\/media?parent=266"}],"curies":[{"name":"wp","href":"https:\/\/api.w.org\/{rel}","templated":true}]}}