{"id":2605,"date":"2020-04-08T22:19:31","date_gmt":"2020-04-08T20:19:31","guid":{"rendered":"http:\/\/violmax.pl\/?post_type=product&#038;p=2605"},"modified":"2025-12-02T13:27:45","modified_gmt":"2025-12-02T12:27:45","slug":"poznan-kufel-do-piwa-bremen-067-litra-odlew-2d-kolor","status":"publish","type":"product","link":"https:\/\/violmax.pl\/index.php\/produkt\/poznan-kufel-do-piwa-bremen-067-litra-odlew-2d-kolor\/","title":{"rendered":"POZNA\u0143, KUFEL DO PIWA &#8220;BREMEN&#8221; 0,67 LITRA, KOZIO\u0141KI RATUSZ 2D KOLOR"},"content":{"rendered":"<p><img loading=\"lazy\" class=\"alignnone size-medium wp-image-6553\" src=\"http:\/\/violmax.pl\/wp-content\/uploads\/2021\/01\/poznan_kufel_do_piwa_bremen_670_ml_odlew_2d_kolor-240x300.png\" alt=\"\" width=\"240\" height=\"300\" srcset=\"https:\/\/violmax.pl\/wp-content\/uploads\/2021\/01\/poznan_kufel_do_piwa_bremen_670_ml_odlew_2d_kolor-240x300.png 240w, https:\/\/violmax.pl\/wp-content\/uploads\/2021\/01\/poznan_kufel_do_piwa_bremen_670_ml_odlew_2d_kolor-680x850.png 680w, https:\/\/violmax.pl\/wp-content\/uploads\/2021\/01\/poznan_kufel_do_piwa_bremen_670_ml_odlew_2d_kolor.png 720w\" sizes=\"(max-width: 240px) 100vw, 240px\" \/><\/p>\n<p>&nbsp;<\/p>\n<p>Kufel do piwa \u201eBremen\u201d o litra\u017cu 0,67 . Ozdobiony jest okaza\u0142ym metalowym odlewem z motywem kozio\u0142k\u00f3w pozna\u0144skich w kolorze i nazw\u0105 miasta Pozna\u0144. Znakomicie sprawdzi si\u0119 jako kufel do codziennego u\u017cytku lub jako \u015bwietna pami\u0105tka z Poznania. Idealny na prezent dla lubuj\u0105cych si\u0119 w piwie lub os\u00f3b, kt\u00f3re ceni\u0105 sobie pami\u0105tki ze smakiem. Ozdobi ka\u017cde wn\u0119trze i zachwyci go\u015bci.Idealna pami\u0105tka z Poznania.<\/p>\n","protected":false},"excerpt":{"rendered":"<p><img loading=\"lazy\" class=\"alignnone size-full wp-image-5364\" src=\"http:\/\/violmax.pl\/wp-content\/uploads\/2020\/10\/VIOLMAX_POLSKA-3.jpg\" alt=\"\" width=\"300\" height=\"28\" \/><\/p>\n<p>&nbsp;<\/p>\n<p>Kufel do piwa \u201eBremen\u201d o litra\u017cu 0,67 . Ozdobiony jest okaza\u0142ym metalowym odlewem z motywem kozio\u0142k\u00f3w pozna\u0144skich w kolorze i nazw\u0105 miasta Pozna\u0144. Znakomicie sprawdzi si\u0119 jako kufel do codziennego u\u017cytku lub jako \u015bwietna pami\u0105tka z Poznania. Idealny na prezent dla lubuj\u0105cych si\u0119 w piwie lub os\u00f3b, kt\u00f3re ceni\u0105 sobie pami\u0105tki ze smakiem. Ozdobi ka\u017cde wn\u0119trze i zachwyci go\u015bci.Idealna pami\u0105tka z Poznania.<\/p>\n<p><strong><em>Minimalna ilo\u015b\u0107 zam\u00f3wienia &#8211; 6 sztuk (1 opakowanie)<\/em><br \/>\n<\/strong><\/p>\n<p><strong><em>Towar sprzedawany na opakowania<\/em><\/strong><\/p>\n<h3><span style=\"color: #ff0000;\">PRZY DODAWANIU DO KOSZYKA, NALE\u017bY DODAWA\u0106 KROTNO\u015a\u0106\u00a0 LICZBY 6 &#8211; (1 opak)\u00a0 np: 6 ; 12 ; 18 itd<\/span><\/h3>\n<h3><strong>CENA ZA SZTUK\u0118.<\/strong><\/h3>\n","protected":false},"featured_media":6553,"comment_status":"open","ping_status":"closed","template":"","meta":[],"_links":{"self":[{"href":"https:\/\/violmax.pl\/index.php\/wp-json\/wp\/v2\/product\/2605"}],"collection":[{"href":"https:\/\/violmax.pl\/index.php\/wp-json\/wp\/v2\/product"}],"about":[{"href":"https:\/\/violmax.pl\/index.php\/wp-json\/wp\/v2\/types\/product"}],"replies":[{"embeddable":true,"href":"https:\/\/violmax.pl\/index.php\/wp-json\/wp\/v2\/comments?post=2605"}],"wp:featuredmedia":[{"embeddable":true,"href":"https:\/\/violmax.pl\/index.php\/wp-json\/wp\/v2\/media\/6553"}],"wp:attachment":[{"href":"https:\/\/violmax.pl\/index.php\/wp-json\/wp\/v2\/media?parent=2605"}],"curies":[{"name":"wp","href":"https:\/\/api.w.org\/{rel}","templated":true}]}}