{"id":256,"date":"2019-08-28T13:21:44","date_gmt":"2019-08-28T11:21:44","guid":{"rendered":"http:\/\/violmax.wroclaw.pl\/?post_type=product&#038;p=256"},"modified":"2025-12-02T13:30:50","modified_gmt":"2025-12-02T12:30:50","slug":"zakopane-kufel-do-piwa-brema-05-l-harnas-2d","status":"publish","type":"product","link":"https:\/\/violmax.pl\/index.php\/produkt\/zakopane-kufel-do-piwa-brema-05-l-harnas-2d\/","title":{"rendered":"ZAKOPANE, KUFEL DO PIWA &#8220;BREMA&#8221; 500 ML, HARNA\u015a 2D"},"content":{"rendered":"<p><img loading=\"lazy\" class=\"alignnone size-medium wp-image-7301\" src=\"http:\/\/violmax.pl\/wp-content\/uploads\/2021\/03\/ZAKOPANE_KUFEL_DO_PIWA_BREMA_500_ML_HARNAS_2D-300x240.png\" alt=\"\" width=\"300\" height=\"240\" srcset=\"https:\/\/violmax.pl\/wp-content\/uploads\/2021\/03\/ZAKOPANE_KUFEL_DO_PIWA_BREMA_500_ML_HARNAS_2D-300x240.png 300w, https:\/\/violmax.pl\/wp-content\/uploads\/2021\/03\/ZAKOPANE_KUFEL_DO_PIWA_BREMA_500_ML_HARNAS_2D-768x614.png 768w, https:\/\/violmax.pl\/wp-content\/uploads\/2021\/03\/ZAKOPANE_KUFEL_DO_PIWA_BREMA_500_ML_HARNAS_2D-320x256.png 320w, https:\/\/violmax.pl\/wp-content\/uploads\/2021\/03\/ZAKOPANE_KUFEL_DO_PIWA_BREMA_500_ML_HARNAS_2D-680x544.png 680w, https:\/\/violmax.pl\/wp-content\/uploads\/2021\/03\/ZAKOPANE_KUFEL_DO_PIWA_BREMA_500_ML_HARNAS_2D.png 1000w\" sizes=\"(max-width: 300px) 100vw, 300px\" \/><\/p>\n<p>&nbsp;<\/p>\n<p>Kufel do piwa o pojemno\u015bci 0,5 litra z eleganckimi wy\u017c\u0142obieniami w szkle. Na kuflu umieszczony zosta\u0142 bardzo okaza\u0142y Harna\u015b metalowy. Ciekawy pomys\u0142 na prezent lub pami\u0105tk\u0119 z Zakopanego. Ca\u0142y g\u00f3ral wykonany jest z metalu przypominaj\u0105cego stare z\u0142oto. Elegancka, dostojna pami\u0105tka.<\/p>\n","protected":false},"excerpt":{"rendered":"<p><img loading=\"lazy\" class=\"alignnone size-medium wp-image-3782\" src=\"http:\/\/violmax.pl\/wp-content\/uploads\/2020\/05\/VIOLMAX_POLSKA-6-300x28.jpg\" alt=\"\" width=\"300\" height=\"28\" \/><\/p>\n<p>&nbsp;<\/p>\n<p>Kufel do piwa o pojemno\u015bci 0,5 litra z eleganckimi wy\u017c\u0142obieniami w szkle. Na kuflu umieszczony zosta\u0142 bardzo okaza\u0142y Harna\u015b metalowy. Ciekawy pomys\u0142 na prezent lub pami\u0105tk\u0119 z Zakopanego. Ca\u0142y g\u00f3ral wykonany jest z metalu przypominaj\u0105cego stare z\u0142oto. Elegancka, dostojna pami\u0105tka.<\/p>\n<p><strong><em>Minimalna ilo\u015b\u0107 zam\u00f3wienia &#8211; 6 sztuk (1 opakowanie)<\/em><br \/>\n<\/strong><\/p>\n<p><strong><em>Towar sprzedawany na opakowania<\/em><\/strong><\/p>\n<h3><span style=\"color: #ff0000;\">PRZY DODAWANIU DO KOSZYKA, NALE\u017bY DODAWA\u0106 KROTNO\u015a\u0106\u00a0 LICZBY 6 &#8211; (1 opak)\u00a0 np: 6 ; 12 ; 18 itd<\/span><\/h3>\n<h3><strong>CENA ZA SZTUK\u0118.<\/strong><\/h3>\n","protected":false},"featured_media":7301,"comment_status":"open","ping_status":"closed","template":"","meta":[],"_links":{"self":[{"href":"https:\/\/violmax.pl\/index.php\/wp-json\/wp\/v2\/product\/256"}],"collection":[{"href":"https:\/\/violmax.pl\/index.php\/wp-json\/wp\/v2\/product"}],"about":[{"href":"https:\/\/violmax.pl\/index.php\/wp-json\/wp\/v2\/types\/product"}],"replies":[{"embeddable":true,"href":"https:\/\/violmax.pl\/index.php\/wp-json\/wp\/v2\/comments?post=256"}],"wp:featuredmedia":[{"embeddable":true,"href":"https:\/\/violmax.pl\/index.php\/wp-json\/wp\/v2\/media\/7301"}],"wp:attachment":[{"href":"https:\/\/violmax.pl\/index.php\/wp-json\/wp\/v2\/media?parent=256"}],"curies":[{"name":"wp","href":"https:\/\/api.w.org\/{rel}","templated":true}]}}