{"id":2541,"date":"2020-04-07T09:56:35","date_gmt":"2020-04-07T07:56:35","guid":{"rendered":"http:\/\/violmax.pl\/?post_type=product&#038;p=2541"},"modified":"2025-12-02T13:27:46","modified_gmt":"2025-12-02T12:27:46","slug":"bieszczady-szklanka-do-whisky-kwadrat-250-ml-rys-na-skale-szron","status":"publish","type":"product","link":"https:\/\/violmax.pl\/index.php\/produkt\/bieszczady-szklanka-do-whisky-kwadrat-250-ml-rys-na-skale-szron\/","title":{"rendered":"BIESZCZADY, SZKLANKA DO WHISKY &#8220;KWADRAT&#8221; 250 ML, RY\u015a NA KONARZE, SZRON"},"content":{"rendered":"<p><img loading=\"lazy\" class=\"alignnone size-medium wp-image-9966\" src=\"http:\/\/violmax.pl\/wp-content\/uploads\/2023\/03\/Bieszczady_szklanka_do_whisky_kwadrat_300_ml_rys_na_konarze_szron-300x240.png\" alt=\"\" width=\"300\" height=\"240\" srcset=\"https:\/\/violmax.pl\/wp-content\/uploads\/2023\/03\/Bieszczady_szklanka_do_whisky_kwadrat_300_ml_rys_na_konarze_szron-300x240.png 300w, https:\/\/violmax.pl\/wp-content\/uploads\/2023\/03\/Bieszczady_szklanka_do_whisky_kwadrat_300_ml_rys_na_konarze_szron-768x614.png 768w, https:\/\/violmax.pl\/wp-content\/uploads\/2023\/03\/Bieszczady_szklanka_do_whisky_kwadrat_300_ml_rys_na_konarze_szron-320x256.png 320w, https:\/\/violmax.pl\/wp-content\/uploads\/2023\/03\/Bieszczady_szklanka_do_whisky_kwadrat_300_ml_rys_na_konarze_szron-680x544.png 680w, https:\/\/violmax.pl\/wp-content\/uploads\/2023\/03\/Bieszczady_szklanka_do_whisky_kwadrat_300_ml_rys_na_konarze_szron.png 900w\" sizes=\"(max-width: 300px) 100vw, 300px\" \/><\/p>\n<p>Szklanka do whisky o pojemno\u015bci 250 ml. Ca\u0142a szklanka jest precyzyjnie wypiaskowana. Widnieje na niej wypiaskowany ry\u015b na konarze oraz z ty\u0142u napis \u201dBieszczady\u201d. Bardzo wygodnie utrzymuje si\u0119 w d\u0142oni dzi\u0119ki piaskowaniu do po\u0142owy. Idealna pami\u0105tka z Bieszczad. Nadaje si\u0119 do mycia w zmywarkach.<\/p>\n<p>Istnieje mo\u017cliwo\u015b\u0107 zdobienia w innym wzorze, pod zam\u00f3wienie klienta.<\/p>\n","protected":false},"excerpt":{"rendered":"<div class=\"woocommerce-product-details__short-description\">\n<div class=\"woocommerce-product-details__short-description\">\n<div class=\"woocommerce-product-details__short-description\">\n<div class=\"woocommerce-product-details__short-description\">\n<div class=\"woocommerce-product-details__short-description\">\n<p><img loading=\"lazy\" class=\"alignnone size-medium wp-image-3492\" src=\"http:\/\/violmax.pl\/wp-content\/uploads\/2020\/05\/VIOLMAX_POLSKA-300x28.jpg\" alt=\"\" width=\"300\" height=\"28\" \/><\/p>\n<p>&nbsp;<\/p>\n<p>Szklanka do whisky o pojemno\u015bci 250 ml. Ca\u0142a szklanka jest precyzyjnie wypiaskowana. Widnieje na niej wypiaskowany ry\u015b na konarze oraz z ty\u0142u napis \u201dBieszczady\u201d. Bardzo wygodnie utrzymuje si\u0119 w d\u0142oni dzi\u0119ki piaskowaniu do po\u0142owy. Idealna pami\u0105tka z Bieszczad. Nadaje si\u0119 do mycia w zmywarkach.<\/p>\n<p>Istnieje mo\u017cliwo\u015b\u0107 zdobienia w innym wzorze, pod zam\u00f3wienie klienta.<\/p>\n<p><strong><em>Minimalna ilo\u015b\u0107 zam\u00f3wienia \u2013 6 sztuk (1 opakowanie)<\/em><br \/>\n<\/strong><\/p>\n<p><strong><em>Towar sprzedawany na opakowania<\/em><\/strong><\/p>\n<h3><span style=\"color: #ff0000;\">PRZY DODAWANIU DO KOSZYKA, NALE\u017bY DODAWA\u0106 KROTNO\u015a\u0106\u00a0 LICZBY 6 &#8211; (1 opak)\u00a0 np: 6 ; 12 ; 18 itd<\/span><\/h3>\n<h3><strong>CENA ZA SZTUK\u0118.<\/strong><\/h3>\n<\/div>\n<\/div>\n<\/div>\n<\/div>\n<\/div>\n","protected":false},"featured_media":9966,"comment_status":"open","ping_status":"closed","template":"","meta":[],"_links":{"self":[{"href":"https:\/\/violmax.pl\/index.php\/wp-json\/wp\/v2\/product\/2541"}],"collection":[{"href":"https:\/\/violmax.pl\/index.php\/wp-json\/wp\/v2\/product"}],"about":[{"href":"https:\/\/violmax.pl\/index.php\/wp-json\/wp\/v2\/types\/product"}],"replies":[{"embeddable":true,"href":"https:\/\/violmax.pl\/index.php\/wp-json\/wp\/v2\/comments?post=2541"}],"wp:featuredmedia":[{"embeddable":true,"href":"https:\/\/violmax.pl\/index.php\/wp-json\/wp\/v2\/media\/9966"}],"wp:attachment":[{"href":"https:\/\/violmax.pl\/index.php\/wp-json\/wp\/v2\/media?parent=2541"}],"curies":[{"name":"wp","href":"https:\/\/api.w.org\/{rel}","templated":true}]}}