{"id":254,"date":"2019-08-28T13:16:48","date_gmt":"2019-08-28T11:16:48","guid":{"rendered":"http:\/\/violmax.wroclaw.pl\/?post_type=product&#038;p=254"},"modified":"2025-12-02T13:30:50","modified_gmt":"2025-12-02T12:30:50","slug":"zakopane-kufel-do-piwa-szef-05-litra-harnas-2d-kolor","status":"publish","type":"product","link":"https:\/\/violmax.pl\/index.php\/produkt\/zakopane-kufel-do-piwa-szef-05-litra-harnas-2d-kolor\/","title":{"rendered":"ZAKOPANE, KUFEL DO PIWA &#8220;SZEF&#8221; 500 ML, HARNA\u015a 2D KOLOR"},"content":{"rendered":"<p><img loading=\"lazy\" class=\"alignnone size-medium wp-image-6029\" src=\"http:\/\/violmax.pl\/wp-content\/uploads\/2020\/12\/Zakopane_kufel_do_piwa_szef_500_ml_harnas_2d_kolor-300x300.png\" alt=\"\" width=\"300\" height=\"300\" srcset=\"https:\/\/violmax.pl\/wp-content\/uploads\/2020\/12\/Zakopane_kufel_do_piwa_szef_500_ml_harnas_2d_kolor-300x300.png 300w, https:\/\/violmax.pl\/wp-content\/uploads\/2020\/12\/Zakopane_kufel_do_piwa_szef_500_ml_harnas_2d_kolor-150x150.png 150w, https:\/\/violmax.pl\/wp-content\/uploads\/2020\/12\/Zakopane_kufel_do_piwa_szef_500_ml_harnas_2d_kolor-768x768.png 768w, https:\/\/violmax.pl\/wp-content\/uploads\/2020\/12\/Zakopane_kufel_do_piwa_szef_500_ml_harnas_2d_kolor-680x680.png 680w, https:\/\/violmax.pl\/wp-content\/uploads\/2020\/12\/Zakopane_kufel_do_piwa_szef_500_ml_harnas_2d_kolor-100x100.png 100w, https:\/\/violmax.pl\/wp-content\/uploads\/2020\/12\/Zakopane_kufel_do_piwa_szef_500_ml_harnas_2d_kolor.png 900w\" sizes=\"(max-width: 300px) 100vw, 300px\" \/><\/p>\n<p>&nbsp;<\/p>\n<p>Kufel do piwa &#8221;SZEF&#8221; o pojemno\u015bci 0,5 litra ozdobiony metalowym motywem Harnasia w kolorze. To bardzo okaza\u0142y kufel idealnie pasuj\u0105cy do du\u017cej, m\u0119skiej d\u0142oni. Na pami\u0105tce widzimy bardzo du\u017cego g\u00f3rala, ca\u0142ego wykonanego z grubego metalu co robi niebagatelne wra\u017cenie.Idealna pami\u0105tka z g\u00f3r.<\/p>\n","protected":false},"excerpt":{"rendered":"<p><img loading=\"lazy\" class=\"alignnone size-full wp-image-5364\" src=\"http:\/\/violmax.pl\/wp-content\/uploads\/2020\/10\/VIOLMAX_POLSKA-3.jpg\" alt=\"\" width=\"300\" height=\"28\" \/><\/p>\n<p>&nbsp;<\/p>\n<p>Kufel do piwa &#8221;SZEF&#8221; o pojemno\u015bci 0,5 litra ozdobiony metalowym motywem Harnasia w kolorze. To bardzo okaza\u0142y kufel idealnie pasuj\u0105cy do du\u017cej, m\u0119skiej d\u0142oni. Na pami\u0105tce widzimy bardzo du\u017cego g\u00f3rala, ca\u0142ego wykonanego z grubego metalu co robi niebagatelne wra\u017cenie.Idealna pami\u0105tka z g\u00f3r.<\/p>\n<p><strong><em>Minimalna ilo\u015b\u0107 zam\u00f3wienia &#8211; 6 sztuk (1 opakowanie)<\/em><br \/>\n<\/strong><\/p>\n<p><strong><em>Towar sprzedawany na opakowania<\/em><\/strong><\/p>\n<h3><span style=\"color: #ff0000;\">PRZY DODAWANIU DO KOSZYKA, NALE\u017bY DODAWA\u0106 KROTNO\u015a\u0106\u00a0 LICZBY 6 &#8211; (1 opak)\u00a0 np: 6 ; 12 ; 18 itd<\/span><\/h3>\n<h3><strong>CENA ZA SZTUK\u0118.<\/strong><\/h3>\n","protected":false},"featured_media":6029,"comment_status":"open","ping_status":"closed","template":"","meta":[],"_links":{"self":[{"href":"https:\/\/violmax.pl\/index.php\/wp-json\/wp\/v2\/product\/254"}],"collection":[{"href":"https:\/\/violmax.pl\/index.php\/wp-json\/wp\/v2\/product"}],"about":[{"href":"https:\/\/violmax.pl\/index.php\/wp-json\/wp\/v2\/types\/product"}],"replies":[{"embeddable":true,"href":"https:\/\/violmax.pl\/index.php\/wp-json\/wp\/v2\/comments?post=254"}],"wp:featuredmedia":[{"embeddable":true,"href":"https:\/\/violmax.pl\/index.php\/wp-json\/wp\/v2\/media\/6029"}],"wp:attachment":[{"href":"https:\/\/violmax.pl\/index.php\/wp-json\/wp\/v2\/media?parent=254"}],"curies":[{"name":"wp","href":"https:\/\/api.w.org\/{rel}","templated":true}]}}