{"id":250,"date":"2019-08-28T13:09:15","date_gmt":"2019-08-28T11:09:15","guid":{"rendered":"http:\/\/violmax.wroclaw.pl\/?post_type=product&#038;p=250"},"modified":"2025-12-02T13:30:51","modified_gmt":"2025-12-02T12:30:51","slug":"zakopane-kieliszek-do-wodki-x-50ml-szron-podkowa","status":"publish","type":"product","link":"https:\/\/violmax.pl\/index.php\/produkt\/zakopane-kieliszek-do-wodki-x-50ml-szron-podkowa\/","title":{"rendered":"ZAKOPANE, KIELISZEK DO W\u00d3DKI &#8220;X 50&#8221; ML, SZRON + PODKOWA"},"content":{"rendered":"<p><img loading=\"lazy\" class=\"alignnone size-medium wp-image-4391\" src=\"http:\/\/violmax.pl\/wp-content\/uploads\/2020\/06\/ZAKOPANE_KIELISZEK_DO_WODKI_SHOT_X_50_ML_PODKOWA_SZRON-300x200.jpg\" alt=\"\" width=\"300\" height=\"200\" srcset=\"https:\/\/violmax.pl\/wp-content\/uploads\/2020\/06\/ZAKOPANE_KIELISZEK_DO_WODKI_SHOT_X_50_ML_PODKOWA_SZRON-300x200.jpg 300w, https:\/\/violmax.pl\/wp-content\/uploads\/2020\/06\/ZAKOPANE_KIELISZEK_DO_WODKI_SHOT_X_50_ML_PODKOWA_SZRON-768x512.jpg 768w, https:\/\/violmax.pl\/wp-content\/uploads\/2020\/06\/ZAKOPANE_KIELISZEK_DO_WODKI_SHOT_X_50_ML_PODKOWA_SZRON-680x454.jpg 680w, https:\/\/violmax.pl\/wp-content\/uploads\/2020\/06\/ZAKOPANE_KIELISZEK_DO_WODKI_SHOT_X_50_ML_PODKOWA_SZRON.jpg 1000w\" sizes=\"(max-width: 300px) 100vw, 300px\" \/><\/p>\n<p>Kieliszek do w\u00f3dki o pojemno\u015bci 50ml. Kieliszek jest pi\u0119knie oszroniony do po\u0142owy, na samym \u015brodku umieszczona zosta\u0142a metalowa ozdoba &#8211; podkowa z g\u0142ow\u0105 konia. Napis &#8221;Zakopane&#8221; zosta\u0142 precyzyjnie wypiaskowany. Takie pami\u0105tki zawsze robi\u0105 wra\u017cenie. Po\u0142\u0105czenie praktycznej rzeczy z oryginaln\u0105 pami\u0105tk\u0105 i ozdob\u0105 np w kuchennej szafce czy eleganckim barku, w salonie.Idealna pami\u0105tka z g\u00f3r.<\/p>\n","protected":false},"excerpt":{"rendered":"<p><img loading=\"lazy\" class=\"alignnone size-medium wp-image-4389\" src=\"http:\/\/violmax.pl\/wp-content\/uploads\/2020\/06\/VIOLMAX_POLSKA-300x28.jpg\" alt=\"\" width=\"300\" height=\"28\" \/><\/p>\n<p>&nbsp;<\/p>\n<p>Kieliszek do w\u00f3dki o pojemno\u015bci 50ml. Kieliszek jest pi\u0119knie oszroniony do po\u0142owy, na samym \u015brodku umieszczona zosta\u0142a metalowa ozdoba &#8211; podkowa z g\u0142ow\u0105 konia. Napis &#8221;Zakopane&#8221; zosta\u0142 precyzyjnie wypiaskowany. Takie pami\u0105tki zawsze robi\u0105 wra\u017cenie. Po\u0142\u0105czenie praktycznej rzeczy z oryginaln\u0105 pami\u0105tk\u0105 i ozdob\u0105 np w kuchennej szafce czy eleganckim barku, w salonie.Idealna pami\u0105tka z g\u00f3r.<\/p>\n<p><strong><em>Minimalna ilo\u015b\u0107 zam\u00f3wienia &#8211; 6 sztuk (1 opakowanie)<\/em><br \/>\n<\/strong><\/p>\n<p><strong><em>Towar sprzedawany na opakowania<\/em><\/strong><\/p>\n<h3><span style=\"color: #ff0000;\">PRZY DODAWANIU DO KOSZYKA, NALE\u017bY DODAWA\u0106 KROTNO\u015a\u0106\u00a0 LICZBY 6 &#8211; (1 opak)\u00a0 np: 6 ; 12 ; 18 itd<\/span><\/h3>\n<h3><strong>CENA ZA SZTUK\u0118.<\/strong><\/h3>\n","protected":false},"featured_media":4391,"comment_status":"open","ping_status":"closed","template":"","meta":[],"_links":{"self":[{"href":"https:\/\/violmax.pl\/index.php\/wp-json\/wp\/v2\/product\/250"}],"collection":[{"href":"https:\/\/violmax.pl\/index.php\/wp-json\/wp\/v2\/product"}],"about":[{"href":"https:\/\/violmax.pl\/index.php\/wp-json\/wp\/v2\/types\/product"}],"replies":[{"embeddable":true,"href":"https:\/\/violmax.pl\/index.php\/wp-json\/wp\/v2\/comments?post=250"}],"wp:featuredmedia":[{"embeddable":true,"href":"https:\/\/violmax.pl\/index.php\/wp-json\/wp\/v2\/media\/4391"}],"wp:attachment":[{"href":"https:\/\/violmax.pl\/index.php\/wp-json\/wp\/v2\/media?parent=250"}],"curies":[{"name":"wp","href":"https:\/\/api.w.org\/{rel}","templated":true}]}}