{"id":2412,"date":"2020-04-03T22:22:28","date_gmt":"2020-04-03T20:22:28","guid":{"rendered":"http:\/\/violmax.pl\/?post_type=product&#038;p=2412"},"modified":"2025-12-02T13:27:47","modified_gmt":"2025-12-02T12:27:47","slug":"polanczyk-szklanka-do-piwa-spirala-500-ml-szron-zaglowka","status":"publish","type":"product","link":"https:\/\/violmax.pl\/index.php\/produkt\/polanczyk-szklanka-do-piwa-spirala-500-ml-szron-zaglowka\/","title":{"rendered":"POLA\u0143CZYK, SZKLANKA DO PIWA &#8220;SPIRALA&#8221; 665 ML, SZRON \u017bAGL\u00d3WKA"},"content":{"rendered":"<p><img loading=\"lazy\" class=\"alignnone size-medium wp-image-3211\" src=\"http:\/\/violmax.pl\/wp-content\/uploads\/2020\/04\/POLANCZYK_SZKLANKA_DO_PIWA_SPIRALA_500_ML_SZRON_ZAGLOWKA-300x300.jpg\" alt=\"\" width=\"300\" height=\"300\" srcset=\"https:\/\/violmax.pl\/wp-content\/uploads\/2020\/04\/POLANCZYK_SZKLANKA_DO_PIWA_SPIRALA_500_ML_SZRON_ZAGLOWKA-300x300.jpg 300w, https:\/\/violmax.pl\/wp-content\/uploads\/2020\/04\/POLANCZYK_SZKLANKA_DO_PIWA_SPIRALA_500_ML_SZRON_ZAGLOWKA-150x150.jpg 150w, https:\/\/violmax.pl\/wp-content\/uploads\/2020\/04\/POLANCZYK_SZKLANKA_DO_PIWA_SPIRALA_500_ML_SZRON_ZAGLOWKA-768x768.jpg 768w, https:\/\/violmax.pl\/wp-content\/uploads\/2020\/04\/POLANCZYK_SZKLANKA_DO_PIWA_SPIRALA_500_ML_SZRON_ZAGLOWKA-680x680.jpg 680w, https:\/\/violmax.pl\/wp-content\/uploads\/2020\/04\/POLANCZYK_SZKLANKA_DO_PIWA_SPIRALA_500_ML_SZRON_ZAGLOWKA-100x100.jpg 100w, https:\/\/violmax.pl\/wp-content\/uploads\/2020\/04\/POLANCZYK_SZKLANKA_DO_PIWA_SPIRALA_500_ML_SZRON_ZAGLOWKA.jpg 1000w\" sizes=\"(max-width: 300px) 100vw, 300px\" \/><\/p>\n<p>Szklanka do piwa &#8220;SPIRALA&#8221; o litra\u017cu 0,665 litra. Zdobiona efektownymi frezami w szkle na dole. Do po\u0142owy w szronie, z wypiaskowanymi motywami typowymi dla Pola\u0144czyka. Przepi\u0119kna i dostojna pami\u0105tka z robi\u0105cymi wra\u017cenie zdobieniami.Idealna pami\u0105tka z Pola\u0144czyka. Nadaje si\u0119 do mycia w zmywarce.<\/p>\n<p>Istnieje mo\u017cliwo\u015b\u0107 zdobienia w innym wzorze, pod zam\u00f3wienie klienta.<\/p>\n","protected":false},"excerpt":{"rendered":"<div class=\"woocommerce-product-details__short-description\">\n<div class=\"woocommerce-product-details__short-description\">\n<div class=\"woocommerce-product-details__short-description\">\n<div class=\"woocommerce-product-details__short-description\">\n<p><img loading=\"lazy\" class=\"alignnone size-medium wp-image-4074\" src=\"http:\/\/violmax.pl\/wp-content\/uploads\/2020\/05\/VIOLMAX_POLSKA-11-300x28.jpg\" alt=\"\" width=\"300\" height=\"28\" \/><\/p>\n<p>&nbsp;<\/p>\n<p>Szklanka do piwa &#8220;SPIRALA&#8221; o litra\u017cu 0,665 litra. Zdobiona efektownymi frezami w szkle na dole. Do po\u0142owy w szronie, z wypiaskowanymi motywami typowymi dla Pola\u0144czyka. Przepi\u0119kna i dostojna pami\u0105tka z robi\u0105cymi wra\u017cenie zdobieniami.Idealna pami\u0105tka z Pola\u0144czyka. Nadaje si\u0119 do mycia w zmywarce.<\/p>\n<p>Istnieje mo\u017cliwo\u015b\u0107 zdobienia w innym wzorze, pod zam\u00f3wienie klienta.<\/p>\n<p><strong><em>Minimalna ilo\u015b\u0107 zam\u00f3wienia \u2013 6 sztuk (1 opakowanie)<\/em><br \/>\n<\/strong><\/p>\n<p><strong><em>Towar sprzedawany na opakowania<\/em><\/strong><\/p>\n<h3><span style=\"color: #ff0000;\">PRZY DODAWANIU DO KOSZYKA, NALE\u017bY DODAWA\u0106 KROTNO\u015a\u0106\u00a0 LICZBY 6 &#8211; (1 opak)\u00a0 np: 6 ; 12 ; 18 itd<\/span><\/h3>\n<h3><strong>CENA ZA SZTUK\u0118.<\/strong><\/h3>\n<\/div>\n<\/div>\n<\/div>\n<\/div>\n","protected":false},"featured_media":3211,"comment_status":"open","ping_status":"closed","template":"","meta":[],"_links":{"self":[{"href":"https:\/\/violmax.pl\/index.php\/wp-json\/wp\/v2\/product\/2412"}],"collection":[{"href":"https:\/\/violmax.pl\/index.php\/wp-json\/wp\/v2\/product"}],"about":[{"href":"https:\/\/violmax.pl\/index.php\/wp-json\/wp\/v2\/types\/product"}],"replies":[{"embeddable":true,"href":"https:\/\/violmax.pl\/index.php\/wp-json\/wp\/v2\/comments?post=2412"}],"wp:featuredmedia":[{"embeddable":true,"href":"https:\/\/violmax.pl\/index.php\/wp-json\/wp\/v2\/media\/3211"}],"wp:attachment":[{"href":"https:\/\/violmax.pl\/index.php\/wp-json\/wp\/v2\/media?parent=2412"}],"curies":[{"name":"wp","href":"https:\/\/api.w.org\/{rel}","templated":true}]}}