{"id":2363,"date":"2020-04-02T21:07:30","date_gmt":"2020-04-02T19:07:30","guid":{"rendered":"http:\/\/violmax.pl\/?post_type=product&#038;p=2363"},"modified":"2025-12-02T13:27:48","modified_gmt":"2025-12-02T12:27:48","slug":"krakow-szklanka-hisar-250-ml-szron-zamek-krolewski-na-wawelu","status":"publish","type":"product","link":"https:\/\/violmax.pl\/index.php\/produkt\/krakow-szklanka-hisar-250-ml-szron-zamek-krolewski-na-wawelu\/","title":{"rendered":"KRAK\u00d3W, SZKLANKA DO NAPOJ\u00d3W &#8220;HISAR&#8221; 250 ML, ZAMEK KR\u00d3LEWSKI NA WAWELU, SZRON"},"content":{"rendered":"<p><img loading=\"lazy\" class=\"alignnone size-medium wp-image-6424\" src=\"http:\/\/violmax.pl\/wp-content\/uploads\/2020\/12\/krakow_szklanka_do_whisky_hisar_250_ml_wawel_szron-300x200.png\" alt=\"\" width=\"300\" height=\"200\" srcset=\"https:\/\/violmax.pl\/wp-content\/uploads\/2020\/12\/krakow_szklanka_do_whisky_hisar_250_ml_wawel_szron-300x200.png 300w, https:\/\/violmax.pl\/wp-content\/uploads\/2020\/12\/krakow_szklanka_do_whisky_hisar_250_ml_wawel_szron-768x512.png 768w, https:\/\/violmax.pl\/wp-content\/uploads\/2020\/12\/krakow_szklanka_do_whisky_hisar_250_ml_wawel_szron-680x453.png 680w, https:\/\/violmax.pl\/wp-content\/uploads\/2020\/12\/krakow_szklanka_do_whisky_hisar_250_ml_wawel_szron.png 900w\" sizes=\"(max-width: 300px) 100vw, 300px\" \/><\/p>\n<p>Szklanka do napoj\u00f3w &#8220;HISAR&#8221; o pojemno\u015bci 250 ml. Ca\u0142a szklanka jest precyzyjnie wypiaskowana. Widnieje na niej wypiaskowany Zamek Kr\u00f3lewski oraz napis \u201dKrak\u00f3w\u201d. Bardzo wygodnie utrzymuje si\u0119 w d\u0142oni dzi\u0119ki piaskowaniu do po\u0142owy. Idealna pami\u0105tka z Krakowa. Nadaje si\u0119 do mycia w zmywarce.<\/p>\n<p>Istnieje mo\u017cliwo\u015b\u0107 zdobienia w innym wzorze, pod zam\u00f3wienie klienta.<\/p>\n","protected":false},"excerpt":{"rendered":"<div class=\"woocommerce-product-details__short-description\">\n<p><img loading=\"lazy\" class=\"alignnone size-full wp-image-5364\" src=\"http:\/\/violmax.pl\/wp-content\/uploads\/2020\/10\/VIOLMAX_POLSKA-3.jpg\" alt=\"\" width=\"300\" height=\"28\" \/><\/p>\n<p>&nbsp;<\/p>\n<p>Szklanka do napoj\u00f3w &#8220;HISAR&#8221; o pojemno\u015bci 250 ml. Ca\u0142a szklanka jest precyzyjnie wypiaskowana. Widnieje na niej wypiaskowany Zamek Kr\u00f3lewski oraz napis \u201dKrak\u00f3w\u201d. Bardzo wygodnie utrzymuje si\u0119 w d\u0142oni dzi\u0119ki piaskowaniu do po\u0142owy. Idealna pami\u0105tka z Krakowa. Nadaje si\u0119 do mycia w zmywarce.<\/p>\n<p>Istnieje mo\u017cliwo\u015b\u0107 zdobienia w innym wzorze, pod zam\u00f3wienie klienta.<\/p>\n<p><strong><em>Minimalna ilo\u015b\u0107 zam\u00f3wienia \u2013 3 sztuk (1 opakowanie)<\/em><br \/>\n<\/strong><\/p>\n<p><strong><em>Towar sprzedawany na opakowania<\/em><\/strong><\/p>\n<h3><span style=\"color: #ff0000;\">PRZY DODAWANIU DO KOSZYKA, NALE\u017bY DODAWA\u0106 KROTNO\u015a\u0106\u00a0 LICZBY 6 &#8211; (1 opak)\u00a0 np: 3 ; 6 ; 9 itd<\/span><\/h3>\n<h3><strong>CENA ZA SZTUK\u0118.<\/strong><\/h3>\n<\/div>\n","protected":false},"featured_media":6424,"comment_status":"open","ping_status":"closed","template":"","meta":[],"_links":{"self":[{"href":"https:\/\/violmax.pl\/index.php\/wp-json\/wp\/v2\/product\/2363"}],"collection":[{"href":"https:\/\/violmax.pl\/index.php\/wp-json\/wp\/v2\/product"}],"about":[{"href":"https:\/\/violmax.pl\/index.php\/wp-json\/wp\/v2\/types\/product"}],"replies":[{"embeddable":true,"href":"https:\/\/violmax.pl\/index.php\/wp-json\/wp\/v2\/comments?post=2363"}],"wp:featuredmedia":[{"embeddable":true,"href":"https:\/\/violmax.pl\/index.php\/wp-json\/wp\/v2\/media\/6424"}],"wp:attachment":[{"href":"https:\/\/violmax.pl\/index.php\/wp-json\/wp\/v2\/media?parent=2363"}],"curies":[{"name":"wp","href":"https:\/\/api.w.org\/{rel}","templated":true}]}}