{"id":236,"date":"2019-08-28T12:09:36","date_gmt":"2019-08-28T10:09:36","guid":{"rendered":"http:\/\/violmax.wroclaw.pl\/?post_type=product&#038;p=236"},"modified":"2025-12-02T13:30:52","modified_gmt":"2025-12-02T12:30:52","slug":"zakopane-kubek-lav-225ml-szron-goral-glowa","status":"publish","type":"product","link":"https:\/\/violmax.pl\/index.php\/produkt\/zakopane-kubek-lav-225ml-szron-goral-glowa\/","title":{"rendered":"ZAKOPANE, KUBEK &#8220;LAV 225&#8221; ML, SZRON G\u00d3RAL G\u0141OWA"},"content":{"rendered":"<p><img loading=\"lazy\" class=\"alignnone size-medium wp-image-2620\" src=\"http:\/\/violmax.pl\/wp-content\/uploads\/2020\/04\/ZAKOPANE_KUBEK_LAV_200_ML_SZRON_GORAL_GLOWA_2SZT-300x200.jpg\" alt=\"\" width=\"300\" height=\"200\" srcset=\"https:\/\/violmax.pl\/wp-content\/uploads\/2020\/04\/ZAKOPANE_KUBEK_LAV_200_ML_SZRON_GORAL_GLOWA_2SZT-300x200.jpg 300w, https:\/\/violmax.pl\/wp-content\/uploads\/2020\/04\/ZAKOPANE_KUBEK_LAV_200_ML_SZRON_GORAL_GLOWA_2SZT-768x512.jpg 768w, https:\/\/violmax.pl\/wp-content\/uploads\/2020\/04\/ZAKOPANE_KUBEK_LAV_200_ML_SZRON_GORAL_GLOWA_2SZT-1024x683.jpg 1024w, https:\/\/violmax.pl\/wp-content\/uploads\/2020\/04\/ZAKOPANE_KUBEK_LAV_200_ML_SZRON_GORAL_GLOWA_2SZT-680x453.jpg 680w, https:\/\/violmax.pl\/wp-content\/uploads\/2020\/04\/ZAKOPANE_KUBEK_LAV_200_ML_SZRON_GORAL_GLOWA_2SZT.jpg 1500w\" sizes=\"(max-width: 300px) 100vw, 300px\" \/><\/p>\n<p>Kubek o litra\u017cu 225 ml z wypiaskowanym motywem g\u00f3rala, potocznie nazywany &#8221;grza\u0144cem&#8221;. Na kubku widzimy wypiaskowanego g\u00f3rala oraz nazw\u0119 miejscowo\u015bci &#8211; w tym przypadku &#8221;Zakopane&#8221;. Kubek wykonany z najwy\u017cszej jako\u015bci szk\u0142a, bardzo wygodny w u\u017cyciu. Sprawdzi si\u0119 jako kubek do gor\u0105cych napoj\u00f3w, grzanego wina lub jako pami\u0105tka z g\u00f3r. Nie du\u017cy kubek pozwoli na delektowanie si\u0119 wybranym trunkiem i wspomnienie o pobycie w Zakopanem.Idealna pami\u0105tka z g\u00f3r. Nadaje si\u0119 do mycia w zmywarce.<\/p>\n","protected":false},"excerpt":{"rendered":"<p><img loading=\"lazy\" class=\"alignnone size-full wp-image-5364\" src=\"http:\/\/violmax.pl\/wp-content\/uploads\/2020\/10\/VIOLMAX_POLSKA-3.jpg\" alt=\"\" width=\"300\" height=\"28\" \/><\/p>\n<p>&nbsp;<\/p>\n<p>Kubek o litra\u017cu 225 ml z wypiaskowanym motywem g\u00f3rala, potocznie nazywany &#8221;grza\u0144cem&#8221;. Na kubku widzimy wypiaskowanego g\u00f3rala oraz nazw\u0119 miejscowo\u015bci &#8211; w tym przypadku &#8221;Zakopane&#8221;. Kubek wykonany z najwy\u017cszej jako\u015bci szk\u0142a, bardzo wygodny w u\u017cyciu. Sprawdzi si\u0119 jako kubek do gor\u0105cych napoj\u00f3w, grzanego wina lub jako pami\u0105tka z g\u00f3r. Nie du\u017cy kubek pozwoli na delektowanie si\u0119 wybranym trunkiem i wspomnienie o pobycie w Zakopanem.Idealna pami\u0105tka z g\u00f3r. Nadaje si\u0119 do mycia w zmywarce.<\/p>\n<p><strong><em>Minimalna ilo\u015b\u0107 zam\u00f3wienia &#8211; 6 sztuk (1 opakowanie)<\/em><br \/>\n<\/strong><\/p>\n<p><strong><em>Towar sprzedawany na opakowania<\/em><\/strong><\/p>\n<h3><span style=\"color: #ff0000;\">PRZY DODAWANIU DO KOSZYKA, NALE\u017bY DODAWA\u0106 KROTNO\u015a\u0106\u00a0 LICZBY 6 &#8211; (1 opak)\u00a0 np: 6 ; 12 ; 18 itd<\/span><\/h3>\n<h3><strong>CENA ZA SZTUK\u0118.<\/strong><\/h3>\n","protected":false},"featured_media":2620,"comment_status":"open","ping_status":"closed","template":"","meta":[],"_links":{"self":[{"href":"https:\/\/violmax.pl\/index.php\/wp-json\/wp\/v2\/product\/236"}],"collection":[{"href":"https:\/\/violmax.pl\/index.php\/wp-json\/wp\/v2\/product"}],"about":[{"href":"https:\/\/violmax.pl\/index.php\/wp-json\/wp\/v2\/types\/product"}],"replies":[{"embeddable":true,"href":"https:\/\/violmax.pl\/index.php\/wp-json\/wp\/v2\/comments?post=236"}],"wp:featuredmedia":[{"embeddable":true,"href":"https:\/\/violmax.pl\/index.php\/wp-json\/wp\/v2\/media\/2620"}],"wp:attachment":[{"href":"https:\/\/violmax.pl\/index.php\/wp-json\/wp\/v2\/media?parent=236"}],"curies":[{"name":"wp","href":"https:\/\/api.w.org\/{rel}","templated":true}]}}