{"id":2359,"date":"2020-04-02T18:35:37","date_gmt":"2020-04-02T16:35:37","guid":{"rendered":"http:\/\/violmax.pl\/?post_type=product&#038;p=2359"},"modified":"2025-12-02T13:27:48","modified_gmt":"2025-12-02T12:27:48","slug":"krakow-szklanka-long-drink-x-300-ml-szron-dorozka-krakowska","status":"publish","type":"product","link":"https:\/\/violmax.pl\/index.php\/produkt\/krakow-szklanka-long-drink-x-300-ml-szron-dorozka-krakowska\/","title":{"rendered":"KRAK\u00d3W, SZKLANKA LONG DRINK &#8220;X 300&#8221; ML, SZRON DORO\u017bKA KRAKOWSKA"},"content":{"rendered":"<p><img loading=\"lazy\" class=\"alignnone size-medium wp-image-6426\" src=\"http:\/\/violmax.pl\/wp-content\/uploads\/2020\/12\/krakow_szklanka_long_drink_300_ml_dorozka_szron-300x240.png\" alt=\"\" width=\"300\" height=\"240\" srcset=\"https:\/\/violmax.pl\/wp-content\/uploads\/2020\/12\/krakow_szklanka_long_drink_300_ml_dorozka_szron-300x240.png 300w, https:\/\/violmax.pl\/wp-content\/uploads\/2020\/12\/krakow_szklanka_long_drink_300_ml_dorozka_szron-768x614.png 768w, https:\/\/violmax.pl\/wp-content\/uploads\/2020\/12\/krakow_szklanka_long_drink_300_ml_dorozka_szron-320x256.png 320w, https:\/\/violmax.pl\/wp-content\/uploads\/2020\/12\/krakow_szklanka_long_drink_300_ml_dorozka_szron-680x544.png 680w, https:\/\/violmax.pl\/wp-content\/uploads\/2020\/12\/krakow_szklanka_long_drink_300_ml_dorozka_szron.png 900w\" sizes=\"(max-width: 300px) 100vw, 300px\" \/><\/p>\n<p>&nbsp;<\/p>\n<p>Szklanka do drink\u00f3w\/ napoj\u00f3w zimnych o pojemno\u015bci 300 ml w oryginalnym kszta\u0142cie &#8221;X&#8221;. Na szklance wypiaskowana jest doro\u017cka z Krakowa. Ka\u017cdy detal jest zachowany. Dzi\u0119ki pe\u0142nemu piaskowaniu do po\u0142owy, szklanka trzyma si\u0119 pewnie w d\u0142oni. Idealna pami\u0105tka z Krakowa. Nadaje si\u0119 do mycia w zmywarce.<\/p>\n<p>Istnieje mo\u017cliwo\u015b\u0107 zdobienia w innym wzorze, pod zam\u00f3wienie klienta.<\/p>\n","protected":false},"excerpt":{"rendered":"<p><img loading=\"lazy\" class=\"alignnone size-full wp-image-5364\" src=\"http:\/\/violmax.pl\/wp-content\/uploads\/2020\/10\/VIOLMAX_POLSKA-3.jpg\" alt=\"\" width=\"300\" height=\"28\" \/><\/p>\n<p>&nbsp;<\/p>\n<p>Szklanka do drink\u00f3w\/ napoj\u00f3w zimnych o pojemno\u015bci 300 ml w oryginalnym kszta\u0142cie &#8221;X&#8221;. Na szklance wypiaskowana jest doro\u017cka z Krakowa. Ka\u017cdy detal jest zachowany. Dzi\u0119ki pe\u0142nemu piaskowaniu do po\u0142owy, szklanka trzyma si\u0119 pewnie w d\u0142oni. Idealna pami\u0105tka z Krakowa. Nadaje si\u0119 do mycia w zmywarce.<\/p>\n<p>Istnieje mo\u017cliwo\u015b\u0107 zdobienia w innym wzorze, pod zam\u00f3wienie klienta.<\/p>\n<p><em>Minimalna ilo\u015b\u0107 zam\u00f3wienia &#8211; 6 sztuk (1 opakowanie)<\/em><\/p>\n<p><strong><em>Towar sprzedawany na opakowania<\/em><\/strong><\/p>\n<h3><span style=\"color: #ff0000;\">PRZY DODAWANIU DO KOSZYKA, NALE\u017bY DODAWA\u0106 KROTNO\u015a\u0106\u00a0 LICZBY 6 &#8211; (1 opak)\u00a0 np: 6 ; 12 ; 18 itd<\/span><\/h3>\n<h3><strong>CENA ZA SZTUK\u0118.<\/strong><\/h3>\n","protected":false},"featured_media":6426,"comment_status":"open","ping_status":"closed","template":"","meta":[],"_links":{"self":[{"href":"https:\/\/violmax.pl\/index.php\/wp-json\/wp\/v2\/product\/2359"}],"collection":[{"href":"https:\/\/violmax.pl\/index.php\/wp-json\/wp\/v2\/product"}],"about":[{"href":"https:\/\/violmax.pl\/index.php\/wp-json\/wp\/v2\/types\/product"}],"replies":[{"embeddable":true,"href":"https:\/\/violmax.pl\/index.php\/wp-json\/wp\/v2\/comments?post=2359"}],"wp:featuredmedia":[{"embeddable":true,"href":"https:\/\/violmax.pl\/index.php\/wp-json\/wp\/v2\/media\/6426"}],"wp:attachment":[{"href":"https:\/\/violmax.pl\/index.php\/wp-json\/wp\/v2\/media?parent=2359"}],"curies":[{"name":"wp","href":"https:\/\/api.w.org\/{rel}","templated":true}]}}