{"id":232,"date":"2019-08-28T11:57:35","date_gmt":"2019-08-28T09:57:35","guid":{"rendered":"http:\/\/violmax.wroclaw.pl\/?post_type=product&#038;p=232"},"modified":"2025-12-02T13:30:52","modified_gmt":"2025-12-02T12:30:52","slug":"zakopane-kufel-do-piwa-brema-500-litra-owal-harnas","status":"publish","type":"product","link":"https:\/\/violmax.pl\/index.php\/produkt\/zakopane-kufel-do-piwa-brema-500-litra-owal-harnas\/","title":{"rendered":"ZAKOPANE, KUFEL DO PIWA &#8220;BREMA&#8221; 500 ML, OWAL HARNA\u015a"},"content":{"rendered":"<p><img loading=\"lazy\" class=\"alignnone size-medium wp-image-7302\" src=\"http:\/\/violmax.pl\/wp-content\/uploads\/2021\/03\/ZAKOPANE_KUFEL_DO_PIWA_BREMA_500_ML_OWAL_HARNAS-250x300.png\" alt=\"\" width=\"250\" height=\"300\" srcset=\"https:\/\/violmax.pl\/wp-content\/uploads\/2021\/03\/ZAKOPANE_KUFEL_DO_PIWA_BREMA_500_ML_OWAL_HARNAS-250x300.png 250w, https:\/\/violmax.pl\/wp-content\/uploads\/2021\/03\/ZAKOPANE_KUFEL_DO_PIWA_BREMA_500_ML_OWAL_HARNAS-680x816.png 680w, https:\/\/violmax.pl\/wp-content\/uploads\/2021\/03\/ZAKOPANE_KUFEL_DO_PIWA_BREMA_500_ML_OWAL_HARNAS.png 750w\" sizes=\"(max-width: 250px) 100vw, 250px\" \/><\/p>\n<p>&nbsp;<\/p>\n<p>Kufel do piwa &#8220;Brema&#8221; o litra\u017cu 0,5 litra . Ozdobiony jest metalowym motywem w owalnym kszta\u0142cie.Produkt szklany, z wysokiej jako\u015bci szk\u0142a z motywem metalowym.\u00a0 Znakomicie sprawdzi si\u0119 jako kufel do codziennego u\u017cytku lub jako \u015bwietna pami\u0105tka z g\u00f3r. Idealny na prezent dla lubuj\u0105cych si\u0119 w piwie lub os\u00f3b, kt\u00f3re ceni\u0105 sobie pami\u0105tki ze smakiem. Ozdobi ka\u017cde wn\u0119trze i zachwyci go\u015bci.Idealna pami\u0105tka z g\u00f3r.<\/p>\n","protected":false},"excerpt":{"rendered":"<p><img loading=\"lazy\" class=\"alignnone size-full wp-image-5364\" src=\"http:\/\/violmax.pl\/wp-content\/uploads\/2020\/10\/VIOLMAX_POLSKA-3.jpg\" alt=\"\" width=\"300\" height=\"28\" \/><\/p>\n<p>&nbsp;<\/p>\n<p>Kufel do piwa &#8220;Brema&#8221; o litra\u017cu 0,5 litra . Ozdobiony jest metalowym motywem w owalnym kszta\u0142cie.Produkt szklany, z wysokiej jako\u015bci szk\u0142a z motywem metalowym.\u00a0 Znakomicie sprawdzi si\u0119 jako kufel do codziennego u\u017cytku lub jako \u015bwietna pami\u0105tka z g\u00f3r. Idealny na prezent dla lubuj\u0105cych si\u0119 w piwie lub os\u00f3b, kt\u00f3re ceni\u0105 sobie pami\u0105tki ze smakiem. Ozdobi ka\u017cde wn\u0119trze i zachwyci go\u015bci.Idealna pami\u0105tka z g\u00f3r.<\/p>\n<p><strong><em>Minimalna ilo\u015b\u0107 zam\u00f3wienia &#8211; 6 sztuk (1 opakowanie)<\/em><br \/>\n<\/strong><\/p>\n<p><strong><em>Towar sprzedawany na opakowania<\/em><\/strong><\/p>\n<h3><span style=\"color: #ff0000;\">PRZY DODAWANIU DO KOSZYKA, NALE\u017bY DODAWA\u0106 KROTNO\u015a\u0106\u00a0 LICZBY 6 &#8211; (1 opak)\u00a0 np: 6 ; 12 ; 18 itd<\/span><\/h3>\n<h3><strong>CENA ZA SZTUK\u0118.<\/strong><\/h3>\n","protected":false},"featured_media":7302,"comment_status":"open","ping_status":"closed","template":"","meta":[],"_links":{"self":[{"href":"https:\/\/violmax.pl\/index.php\/wp-json\/wp\/v2\/product\/232"}],"collection":[{"href":"https:\/\/violmax.pl\/index.php\/wp-json\/wp\/v2\/product"}],"about":[{"href":"https:\/\/violmax.pl\/index.php\/wp-json\/wp\/v2\/types\/product"}],"replies":[{"embeddable":true,"href":"https:\/\/violmax.pl\/index.php\/wp-json\/wp\/v2\/comments?post=232"}],"wp:featuredmedia":[{"embeddable":true,"href":"https:\/\/violmax.pl\/index.php\/wp-json\/wp\/v2\/media\/7302"}],"wp:attachment":[{"href":"https:\/\/violmax.pl\/index.php\/wp-json\/wp\/v2\/media?parent=232"}],"curies":[{"name":"wp","href":"https:\/\/api.w.org\/{rel}","templated":true}]}}