{"id":230,"date":"2019-08-28T11:54:40","date_gmt":"2019-08-28T09:54:40","guid":{"rendered":"http:\/\/violmax.wroclaw.pl\/?post_type=product&#038;p=230"},"modified":"2025-12-02T13:30:52","modified_gmt":"2025-12-02T12:30:52","slug":"zakopane-kufel-do-piwa-bremen-067-litra-harnas-2d","status":"publish","type":"product","link":"https:\/\/violmax.pl\/index.php\/produkt\/zakopane-kufel-do-piwa-bremen-067-litra-harnas-2d\/","title":{"rendered":"ZAKOPANE, KUFEL DO PIWA &#8220;BREMEN&#8221; 670 ML, HARNA\u015a 2D"},"content":{"rendered":"<p><img loading=\"lazy\" class=\"alignnone size-medium wp-image-5918\" src=\"http:\/\/violmax.pl\/wp-content\/uploads\/2020\/11\/ZAKOPANE_KUFEL_DO_PIWA_BREMEN_670_ML_HARNAS_2D-250x300.png\" alt=\"\" width=\"250\" height=\"300\" srcset=\"https:\/\/violmax.pl\/wp-content\/uploads\/2020\/11\/ZAKOPANE_KUFEL_DO_PIWA_BREMEN_670_ML_HARNAS_2D-250x300.png 250w, https:\/\/violmax.pl\/wp-content\/uploads\/2020\/11\/ZAKOPANE_KUFEL_DO_PIWA_BREMEN_670_ML_HARNAS_2D-680x816.png 680w, https:\/\/violmax.pl\/wp-content\/uploads\/2020\/11\/ZAKOPANE_KUFEL_DO_PIWA_BREMEN_670_ML_HARNAS_2D.png 750w\" sizes=\"(max-width: 250px) 100vw, 250px\" \/><\/p>\n<p>&nbsp;<\/p>\n<p>Kufel do piwa &#8220;Bremen&#8221; o litra\u017cu 0,67 . Ozdobiony jest metalowym motywem.Produkt szklany, z wysokiej jako\u015bci szk\u0142a z motywem metalowym przypominaj\u0105cym kolor starego z\u0142ota. Znakomicie sprawdzi si\u0119 jako kufel do codziennego u\u017cytku lub jako \u015bwietna pami\u0105tka z g\u00f3r. Idealny na prezent dla lubuj\u0105cych si\u0119 w piwie lub os\u00f3b, kt\u00f3re ceni\u0105 sobie pami\u0105tki ze smakiem. Ozdobi ka\u017cde wn\u0119trze i zachwyci go\u015bci.Idealna pami\u0105tka z g\u00f3r.<\/p>\n","protected":false},"excerpt":{"rendered":"<p><img loading=\"lazy\" class=\"alignnone size-medium wp-image-3782\" src=\"http:\/\/violmax.pl\/wp-content\/uploads\/2020\/05\/VIOLMAX_POLSKA-6-300x28.jpg\" alt=\"\" width=\"300\" height=\"28\" \/><\/p>\n<p>&nbsp;<\/p>\n<p>Kufel do piwa &#8220;Bremen&#8221; o litra\u017cu 0,67 . Ozdobiony jest metalowym motywem.Produkt szklany, z wysokiej jako\u015bci szk\u0142a z motywem metalowym przypominaj\u0105cym kolor starego z\u0142ota. Znakomicie sprawdzi si\u0119 jako kufel do codziennego u\u017cytku lub jako \u015bwietna pami\u0105tka z g\u00f3r. Idealny na prezent dla lubuj\u0105cych si\u0119 w piwie lub os\u00f3b, kt\u00f3re ceni\u0105 sobie pami\u0105tki ze smakiem. Ozdobi ka\u017cde wn\u0119trze i zachwyci go\u015bci.Idealna pami\u0105tka z g\u00f3r.<\/p>\n<p><strong><em>Minimalna ilo\u015b\u0107 zam\u00f3wienia &#8211; 6 sztuk (1 opakowanie)<\/em><br \/>\n<\/strong><\/p>\n<p><strong><em>Towar sprzedawany na opakowania<\/em><\/strong><\/p>\n<h3><span style=\"color: #ff0000;\">PRZY DODAWANIU DO KOSZYKA, NALE\u017bY DODAWA\u0106 KROTNO\u015a\u0106\u00a0 LICZBY 6 &#8211; (1 opak)\u00a0 np: 6 ; 12 ; 18 itd<\/span><\/h3>\n<h3><strong>CENA ZA SZTUK\u0118.<\/strong><\/h3>\n","protected":false},"featured_media":5918,"comment_status":"open","ping_status":"closed","template":"","meta":[],"_links":{"self":[{"href":"https:\/\/violmax.pl\/index.php\/wp-json\/wp\/v2\/product\/230"}],"collection":[{"href":"https:\/\/violmax.pl\/index.php\/wp-json\/wp\/v2\/product"}],"about":[{"href":"https:\/\/violmax.pl\/index.php\/wp-json\/wp\/v2\/types\/product"}],"replies":[{"embeddable":true,"href":"https:\/\/violmax.pl\/index.php\/wp-json\/wp\/v2\/comments?post=230"}],"wp:featuredmedia":[{"embeddable":true,"href":"https:\/\/violmax.pl\/index.php\/wp-json\/wp\/v2\/media\/5918"}],"wp:attachment":[{"href":"https:\/\/violmax.pl\/index.php\/wp-json\/wp\/v2\/media?parent=230"}],"curies":[{"name":"wp","href":"https:\/\/api.w.org\/{rel}","templated":true}]}}