{"id":2260,"date":"2020-03-27T11:20:12","date_gmt":"2020-03-27T10:20:12","guid":{"rendered":"http:\/\/violmax.pl\/?post_type=product&#038;p=2260"},"modified":"2025-12-02T13:28:12","modified_gmt":"2025-12-02T12:28:12","slug":"sandomierz-kufel-do-piwa-habsburg-500ml-szron-ratusz","status":"publish","type":"product","link":"https:\/\/violmax.pl\/index.php\/produkt\/sandomierz-kufel-do-piwa-habsburg-500ml-szron-ratusz\/","title":{"rendered":"SANDOMIERZ, KUFEL DO PIWA &#8220;HABSBURG&#8221; 500 ml, SZRON RATUSZ"},"content":{"rendered":"<p><img loading=\"lazy\" class=\"alignnone wp-image-2314\" src=\"http:\/\/violmax.pl\/wp-content\/uploads\/2020\/04\/SANDOMIERZ_KUFEL_DO_PIWA_HABSBURG_500_ML_GRAWER_RATUSZ-150x300.jpg\" alt=\"\" width=\"123\" height=\"246\" srcset=\"https:\/\/violmax.pl\/wp-content\/uploads\/2020\/04\/SANDOMIERZ_KUFEL_DO_PIWA_HABSBURG_500_ML_GRAWER_RATUSZ-150x300.jpg 150w, https:\/\/violmax.pl\/wp-content\/uploads\/2020\/04\/SANDOMIERZ_KUFEL_DO_PIWA_HABSBURG_500_ML_GRAWER_RATUSZ.jpg 500w\" sizes=\"(max-width: 123px) 100vw, 123px\" \/><img loading=\"lazy\" class=\"alignnone wp-image-2313\" src=\"http:\/\/violmax.pl\/wp-content\/uploads\/2020\/04\/SANDOMIERZ_KUFEL_DO_PIWA_HABSBURG_500_ML_GRAWER_MIX-300x200.jpg\" alt=\"\" width=\"371\" height=\"247\" srcset=\"https:\/\/violmax.pl\/wp-content\/uploads\/2020\/04\/SANDOMIERZ_KUFEL_DO_PIWA_HABSBURG_500_ML_GRAWER_MIX-300x200.jpg 300w, https:\/\/violmax.pl\/wp-content\/uploads\/2020\/04\/SANDOMIERZ_KUFEL_DO_PIWA_HABSBURG_500_ML_GRAWER_MIX-768x512.jpg 768w, https:\/\/violmax.pl\/wp-content\/uploads\/2020\/04\/SANDOMIERZ_KUFEL_DO_PIWA_HABSBURG_500_ML_GRAWER_MIX-1024x683.jpg 1024w, https:\/\/violmax.pl\/wp-content\/uploads\/2020\/04\/SANDOMIERZ_KUFEL_DO_PIWA_HABSBURG_500_ML_GRAWER_MIX-680x453.jpg 680w, https:\/\/violmax.pl\/wp-content\/uploads\/2020\/04\/SANDOMIERZ_KUFEL_DO_PIWA_HABSBURG_500_ML_GRAWER_MIX.jpg 1500w\" sizes=\"(max-width: 371px) 100vw, 371px\" \/><\/p>\n<p>Kufel do piwa HABSBURG o pojemno\u015bci 0,5 l, z wypiaskowanym motywem Ratusz i nazw\u0105 miasta. Bardzo okaza\u0142y kufel. \u015awietna pami\u0105tka dla lubuj\u0105cych si\u0119 w piwie, szczeg\u00f3lnie dla m\u0119skiej reki. To ci\u0119\u017cki, porz\u0105dny kufel kt\u00f3ry zawsze przypomni o pobycie w Sandomierzu. \u015awietna pami\u0105tka. Nadaje si\u0119 do mycia w zmywarce.<\/p>\n<p>Istnieje mo\u017cliwo\u015b\u0107 zdobienia w innym wzorze, pod zam\u00f3wienie klienta.<\/p>\n","protected":false},"excerpt":{"rendered":"<p><img loading=\"lazy\" class=\"alignnone size-full wp-image-5364\" src=\"http:\/\/violmax.pl\/wp-content\/uploads\/2020\/10\/VIOLMAX_POLSKA-3.jpg\" alt=\"\" width=\"300\" height=\"28\" \/><\/p>\n<p>&nbsp;<\/p>\n<p>Kufel do piwa HABSBURG o pojemno\u015bci 0,5 l, z wypiaskowanym motywem Ratusz i nazw\u0105 miasta. Bardzo okaza\u0142y kufel. \u015awietna pami\u0105tka dla lubuj\u0105cych si\u0119 w piwie, szczeg\u00f3lnie dla m\u0119skiej reki. To ci\u0119\u017cki, porz\u0105dny kufel kt\u00f3ry zawsze przypomni o pobycie w Sandomierzu. \u015awietna pami\u0105tka. Nadaje si\u0119 do mycia w zmywarce.<\/p>\n<p>Istnieje mo\u017cliwo\u015b\u0107 zdobienia w innym wzorze, pod zam\u00f3wienie klienta.<\/p>\n<h4><em>Minimalna ilo\u015b\u0107 zam\u00f3wienia &#8211; 6 szt (1 opakowanie)<\/em><\/h4>\n<p><strong><em>Towar sprzedawany na opakowania<\/em><\/strong><\/p>\n<h3><span style=\"color: #ff0000;\">PRZY DODAWANIU DO KOSZYKA, NALE\u017bY DODAWA\u0106 KROTNO\u015a\u0106\u00a0 LICZBY 6 &#8211; (1 opak)\u00a0 np: 6 ; 12 ; 18 itd<\/span><\/h3>\n<h3><strong>CENA ZA SZTUK\u0118.<\/strong><\/h3>\n<p>&nbsp;<\/p>\n","protected":false},"featured_media":2314,"comment_status":"open","ping_status":"closed","template":"","meta":[],"_links":{"self":[{"href":"https:\/\/violmax.pl\/index.php\/wp-json\/wp\/v2\/product\/2260"}],"collection":[{"href":"https:\/\/violmax.pl\/index.php\/wp-json\/wp\/v2\/product"}],"about":[{"href":"https:\/\/violmax.pl\/index.php\/wp-json\/wp\/v2\/types\/product"}],"replies":[{"embeddable":true,"href":"https:\/\/violmax.pl\/index.php\/wp-json\/wp\/v2\/comments?post=2260"}],"wp:featuredmedia":[{"embeddable":true,"href":"https:\/\/violmax.pl\/index.php\/wp-json\/wp\/v2\/media\/2314"}],"wp:attachment":[{"href":"https:\/\/violmax.pl\/index.php\/wp-json\/wp\/v2\/media?parent=2260"}],"curies":[{"name":"wp","href":"https:\/\/api.w.org\/{rel}","templated":true}]}}