{"id":2222,"date":"2020-03-26T18:36:10","date_gmt":"2020-03-26T17:36:10","guid":{"rendered":"http:\/\/violmax.pl\/?post_type=product&#038;p=2222"},"modified":"2025-12-02T13:28:14","modified_gmt":"2025-12-02T12:28:14","slug":"warszawa-kieliszek-do-wodki-25-ml-blaszka","status":"publish","type":"product","link":"https:\/\/violmax.pl\/index.php\/produkt\/warszawa-kieliszek-do-wodki-25-ml-blaszka\/","title":{"rendered":"WARSZAWA, KIELISZEK DO W\u00d3DKI &#8220;X 25&#8221; ML, BLASZKA"},"content":{"rendered":"<p><img loading=\"lazy\" class=\"alignnone size-medium wp-image-1916\" src=\"http:\/\/violmax.pl\/wp-content\/uploads\/2020\/03\/WARSZAWA_KIELISZEK_X25_blaszka-300x225.jpg\" alt=\"\" width=\"300\" height=\"225\" srcset=\"https:\/\/violmax.pl\/wp-content\/uploads\/2020\/03\/WARSZAWA_KIELISZEK_X25_blaszka-300x225.jpg 300w, https:\/\/violmax.pl\/wp-content\/uploads\/2020\/03\/WARSZAWA_KIELISZEK_X25_blaszka-768x576.jpg 768w, https:\/\/violmax.pl\/wp-content\/uploads\/2020\/03\/WARSZAWA_KIELISZEK_X25_blaszka-1024x768.jpg 1024w, https:\/\/violmax.pl\/wp-content\/uploads\/2020\/03\/WARSZAWA_KIELISZEK_X25_blaszka-680x510.jpg 680w, https:\/\/violmax.pl\/wp-content\/uploads\/2020\/03\/WARSZAWA_KIELISZEK_X25_blaszka-600x450.jpg 600w\" sizes=\"(max-width: 300px) 100vw, 300px\" \/><\/p>\n<p>Kieliszek do w\u00f3dki 25 ml. Na kieliszku umieszczony zosta\u0142 metalowy odlew z motywami na Warszaw\u0119. Wygodny kieliszek do codziennego u\u017cytku lub pami\u0105tka zdobi\u0105ca ka\u017cde wn\u0119trze. Idealna pami\u0105tka z Warszawy.<\/p>\n","protected":false},"excerpt":{"rendered":"<div class=\"woocommerce-product-details__short-description\">\n<div class=\"woocommerce-product-details__short-description\">\n<div class=\"woocommerce-product-details__short-description\">\n<div class=\"woocommerce-product-details__short-description\">\n<p><img loading=\"lazy\" class=\"alignnone size-full wp-image-5364\" src=\"http:\/\/violmax.pl\/wp-content\/uploads\/2020\/10\/VIOLMAX_POLSKA-3.jpg\" alt=\"\" width=\"300\" height=\"28\" \/><\/p>\n<p>&nbsp;<\/p>\n<p>Kieliszek do w\u00f3dki 25 ml. Na kieliszku umieszczony zosta\u0142 metalowy odlew z motywami na Warszaw\u0119. Wygodny kieliszek do codziennego u\u017cytku lub pami\u0105tka zdobi\u0105ca ka\u017cde wn\u0119trze. Idealna pami\u0105tka z Warszawy.<\/p>\n<p><strong><em>Minimalna ilo\u015b\u0107 zam\u00f3wienia \u2013 6 sztuk (1 opakowanie)<\/em><br \/>\n<\/strong><\/p>\n<p><strong><em>Towar sprzedawany na opakowania<\/em><\/strong><\/p>\n<h3><span style=\"color: #ff0000;\">PRZY DODAWANIU DO KOSZYKA, NALE\u017bY DODAWA\u0106 KROTNO\u015a\u0106\u00a0 LICZBY 6 &#8211; (1 opak)\u00a0 np: 6 ; 12 ; 18 itd<\/span><\/h3>\n<h3><strong>CENA ZA SZTUK\u0118.<\/strong><\/h3>\n<\/div>\n<\/div>\n<\/div>\n<\/div>\n","protected":false},"featured_media":1916,"comment_status":"open","ping_status":"closed","template":"","meta":[],"_links":{"self":[{"href":"https:\/\/violmax.pl\/index.php\/wp-json\/wp\/v2\/product\/2222"}],"collection":[{"href":"https:\/\/violmax.pl\/index.php\/wp-json\/wp\/v2\/product"}],"about":[{"href":"https:\/\/violmax.pl\/index.php\/wp-json\/wp\/v2\/types\/product"}],"replies":[{"embeddable":true,"href":"https:\/\/violmax.pl\/index.php\/wp-json\/wp\/v2\/comments?post=2222"}],"wp:featuredmedia":[{"embeddable":true,"href":"https:\/\/violmax.pl\/index.php\/wp-json\/wp\/v2\/media\/1916"}],"wp:attachment":[{"href":"https:\/\/violmax.pl\/index.php\/wp-json\/wp\/v2\/media?parent=2222"}],"curies":[{"name":"wp","href":"https:\/\/api.w.org\/{rel}","templated":true}]}}