{"id":2210,"date":"2020-03-26T17:54:39","date_gmt":"2020-03-26T16:54:39","guid":{"rendered":"http:\/\/violmax.pl\/?post_type=product&#038;p=2210"},"modified":"2025-12-02T13:28:14","modified_gmt":"2025-12-02T12:28:14","slug":"warszawa-kufel-do-piwa-bremen-670-ml-odlew-syrenka-warszawska-starowka","status":"publish","type":"product","link":"https:\/\/violmax.pl\/index.php\/produkt\/warszawa-kufel-do-piwa-bremen-670-ml-odlew-syrenka-warszawska-starowka\/","title":{"rendered":"WARSZAWA, KUFEL DO PIWA &#8220;BREMEN&#8221; 670 ML, ODLEW SYRENKA WARSZAWSKA NA STAR\u00d3WCE 2D"},"content":{"rendered":"<p><img loading=\"lazy\" class=\"alignnone size-medium wp-image-7592\" src=\"http:\/\/violmax.pl\/wp-content\/uploads\/2021\/04\/Warszawa_kufel_do_piwa_bremen_670_ml_syrenka_2d-300x300.png\" alt=\"\" width=\"300\" height=\"300\" srcset=\"https:\/\/violmax.pl\/wp-content\/uploads\/2021\/04\/Warszawa_kufel_do_piwa_bremen_670_ml_syrenka_2d-300x300.png 300w, https:\/\/violmax.pl\/wp-content\/uploads\/2021\/04\/Warszawa_kufel_do_piwa_bremen_670_ml_syrenka_2d-150x150.png 150w, https:\/\/violmax.pl\/wp-content\/uploads\/2021\/04\/Warszawa_kufel_do_piwa_bremen_670_ml_syrenka_2d-768x768.png 768w, https:\/\/violmax.pl\/wp-content\/uploads\/2021\/04\/Warszawa_kufel_do_piwa_bremen_670_ml_syrenka_2d-680x680.png 680w, https:\/\/violmax.pl\/wp-content\/uploads\/2021\/04\/Warszawa_kufel_do_piwa_bremen_670_ml_syrenka_2d-100x100.png 100w, https:\/\/violmax.pl\/wp-content\/uploads\/2021\/04\/Warszawa_kufel_do_piwa_bremen_670_ml_syrenka_2d.png 900w\" sizes=\"(max-width: 300px) 100vw, 300px\" \/><\/p>\n<p>Kufel do piwa BREMEN o litra\u017cu 0,5 l. Na kuflu umieszczony zosta\u0142 du\u017cy, metalowy odlew Syrenki Warszawskiej na Star\u00f3wce w Warszawie. Ozdoba jest du\u017ca, razem z szarf\u0105 robi wra\u017cenie. Wygodny kufel do codziennego u\u017cytku lub pami\u0105tka zdobi\u0105ca ka\u017cde wn\u0119trze. Idealna pami\u0105tka z Warszawy.<\/p>\n","protected":false},"excerpt":{"rendered":"<div class=\"woocommerce-product-details__short-description\">\n<div class=\"woocommerce-product-details__short-description\">\n<div class=\"woocommerce-product-details__short-description\">\n<div class=\"woocommerce-product-details__short-description\">\n<p><img loading=\"lazy\" class=\"alignnone size-full wp-image-5364\" src=\"http:\/\/violmax.pl\/wp-content\/uploads\/2020\/10\/VIOLMAX_POLSKA-3.jpg\" alt=\"\" width=\"300\" height=\"28\" \/><\/p>\n<p>&nbsp;<\/p>\n<p>Kufel do piwa BREMEN o litra\u017cu 0,5 l. Na kuflu umieszczony zosta\u0142 du\u017cy, metalowy odlew Syrenki Warszawskiej na Star\u00f3wce w Warszawie. Ozdoba jest du\u017ca, razem z szarf\u0105 robi wra\u017cenie. Wygodny kufel do codziennego u\u017cytku lub pami\u0105tka zdobi\u0105ca ka\u017cde wn\u0119trze. Idealna pami\u0105tka z Warszawy.<\/p>\n<p><strong><em>Minimalna ilo\u015b\u0107 zam\u00f3wienia \u2013 6 sztuk (1 opakowanie)<\/em><br \/>\n<\/strong><\/p>\n<p><strong><em>Towar sprzedawany na opakowania<\/em><\/strong><\/p>\n<h3><span style=\"color: #ff0000;\">PRZY DODAWANIU DO KOSZYKA, NALE\u017bY DODAWA\u0106 KROTNO\u015a\u0106\u00a0 LICZBY 6 &#8211; (1 opak)\u00a0 np: 6 ; 12 ; 18 itd<\/span><\/h3>\n<h3><strong>CENA ZA SZTUK\u0118.<\/strong><\/h3>\n<\/div>\n<\/div>\n<\/div>\n<\/div>\n","protected":false},"featured_media":7592,"comment_status":"open","ping_status":"closed","template":"","meta":[],"_links":{"self":[{"href":"https:\/\/violmax.pl\/index.php\/wp-json\/wp\/v2\/product\/2210"}],"collection":[{"href":"https:\/\/violmax.pl\/index.php\/wp-json\/wp\/v2\/product"}],"about":[{"href":"https:\/\/violmax.pl\/index.php\/wp-json\/wp\/v2\/types\/product"}],"replies":[{"embeddable":true,"href":"https:\/\/violmax.pl\/index.php\/wp-json\/wp\/v2\/comments?post=2210"}],"wp:featuredmedia":[{"embeddable":true,"href":"https:\/\/violmax.pl\/index.php\/wp-json\/wp\/v2\/media\/7592"}],"wp:attachment":[{"href":"https:\/\/violmax.pl\/index.php\/wp-json\/wp\/v2\/media?parent=2210"}],"curies":[{"name":"wp","href":"https:\/\/api.w.org\/{rel}","templated":true}]}}