{"id":2180,"date":"2020-03-26T16:47:32","date_gmt":"2020-03-26T15:47:32","guid":{"rendered":"http:\/\/violmax.pl\/?post_type=product&#038;p=2180"},"modified":"2025-12-02T13:28:16","modified_gmt":"2025-12-02T12:28:16","slug":"warszawa-szklanka-do-whisky-sterling-250-ml-frederik-chopin-szron","status":"publish","type":"product","link":"https:\/\/violmax.pl\/index.php\/produkt\/warszawa-szklanka-do-whisky-sterling-250-ml-frederik-chopin-szron\/","title":{"rendered":"WARSZAWA, SZKLANKA DO WHISKY &#8220;STERLING&#8221; 250 ML, FREDERIK CHOPIN, SZRON"},"content":{"rendered":"<p><img loading=\"lazy\" class=\"alignnone size-medium wp-image-11126\" src=\"https:\/\/violmax.pl\/wp-content\/uploads\/2024\/09\/Warszawa_szklanka_do_whisky_sterling_250_ml_frederik_chopin_szron-500x333.png\" alt=\"\" width=\"500\" height=\"333\" srcset=\"https:\/\/violmax.pl\/wp-content\/uploads\/2024\/09\/Warszawa_szklanka_do_whisky_sterling_250_ml_frederik_chopin_szron-500x333.png 500w, https:\/\/violmax.pl\/wp-content\/uploads\/2024\/09\/Warszawa_szklanka_do_whisky_sterling_250_ml_frederik_chopin_szron-768x512.png 768w, https:\/\/violmax.pl\/wp-content\/uploads\/2024\/09\/Warszawa_szklanka_do_whisky_sterling_250_ml_frederik_chopin_szron-680x453.png 680w, https:\/\/violmax.pl\/wp-content\/uploads\/2024\/09\/Warszawa_szklanka_do_whisky_sterling_250_ml_frederik_chopin_szron.png 900w\" sizes=\"(max-width: 500px) 100vw, 500px\" \/><\/p>\n<p>Szklanka do whisky &#8220;STERLING&#8221; o pojemno\u015bci 250 ml. Ca\u0142a szklanka jest precyzyjnie wypiaskowana. Widnieje na niej wypiaskowany Frederik Chopin oraz z ty\u0142u napis \u201dWarszawa\u201d. Bardzo wygodnie utrzymuje si\u0119 w d\u0142oni, posiada grube dno.\u00a0 Z g\u00f3ry ma kszta\u0142t kwadratu. Idealna pami\u0105tka z Warszawy. Nadaje si\u0119 do mycia w zmywarkach.<\/p>\n","protected":false},"excerpt":{"rendered":"<div class=\"woocommerce-product-details__short-description\">\n<div class=\"woocommerce-product-details__short-description\">\n<div class=\"woocommerce-product-details__short-description\">\n<div class=\"woocommerce-product-details__short-description\">\n<div class=\"woocommerce-product-details__short-description\">\n<p><img loading=\"lazy\" class=\"alignnone size-full wp-image-5364\" src=\"http:\/\/violmax.pl\/wp-content\/uploads\/2020\/10\/VIOLMAX_POLSKA-3.jpg\" alt=\"\" width=\"300\" height=\"28\" \/><\/p>\n<p>&nbsp;<\/p>\n<p>Szklanka do whisky &#8220;STERLING&#8221; o pojemno\u015bci 250 ml. Ca\u0142a szklanka jest precyzyjnie wypiaskowana. Widnieje na niej wypiaskowany Frederik Chopin oraz z ty\u0142u napis \u201dWarszawa\u201d. Bardzo wygodnie utrzymuje si\u0119 w d\u0142oni, posiada grube dno.\u00a0 Z g\u00f3ry ma kszta\u0142t kwadratu. Idealna pami\u0105tka z Warszawy. Nadaje si\u0119 do mycia w zmywarkach.<\/p>\n<p><strong><em>Minimalna ilo\u015b\u0107 zam\u00f3wienia \u2013 6 sztuk (1 opakowanie)<\/em><br \/>\n<\/strong><\/p>\n<p><strong><em>Towar sprzedawany na opakowania<\/em><\/strong><\/p>\n<h3><span style=\"color: #ff0000;\">PRZY DODAWANIU DO KOSZYKA, NALE\u017bY DODAWA\u0106 KROTNO\u015a\u0106\u00a0 LICZBY 6 &#8211; (1 opak)\u00a0 np: 6 ; 12 ; 18 itd<\/span><\/h3>\n<h3><strong>CENA ZA SZTUK\u0118.<\/strong><\/h3>\n<\/div>\n<\/div>\n<\/div>\n<\/div>\n<\/div>\n","protected":false},"featured_media":11126,"comment_status":"open","ping_status":"closed","template":"","meta":[],"_links":{"self":[{"href":"https:\/\/violmax.pl\/index.php\/wp-json\/wp\/v2\/product\/2180"}],"collection":[{"href":"https:\/\/violmax.pl\/index.php\/wp-json\/wp\/v2\/product"}],"about":[{"href":"https:\/\/violmax.pl\/index.php\/wp-json\/wp\/v2\/types\/product"}],"replies":[{"embeddable":true,"href":"https:\/\/violmax.pl\/index.php\/wp-json\/wp\/v2\/comments?post=2180"}],"wp:featuredmedia":[{"embeddable":true,"href":"https:\/\/violmax.pl\/index.php\/wp-json\/wp\/v2\/media\/11126"}],"wp:attachment":[{"href":"https:\/\/violmax.pl\/index.php\/wp-json\/wp\/v2\/media?parent=2180"}],"curies":[{"name":"wp","href":"https:\/\/api.w.org\/{rel}","templated":true}]}}