{"id":1866,"date":"2019-09-13T15:55:13","date_gmt":"2019-09-13T13:55:13","guid":{"rendered":"http:\/\/violmax.wroclaw.pl\/?post_type=product&#038;p=1866"},"modified":"2025-12-02T13:28:19","modified_gmt":"2025-12-02T12:28:19","slug":"warszawa-szklanka-do-whisky-luna-300-ml-zamek-krolewski","status":"publish","type":"product","link":"https:\/\/violmax.pl\/index.php\/produkt\/warszawa-szklanka-do-whisky-luna-300-ml-zamek-krolewski\/","title":{"rendered":"WARSZAWA, SZKLANKA  DO WHISKY &#8220;LUNA&#8221; 300 ML, SZRON ZAMEK KR\u00d3LEWSKI"},"content":{"rendered":"<p><img loading=\"lazy\" class=\"alignnone size-medium wp-image-1939\" src=\"http:\/\/violmax.pl\/wp-content\/uploads\/2020\/03\/Warszawa_LUNA_zamek_maly_rozmiar-300x300.jpg\" alt=\"\" width=\"300\" height=\"300\" srcset=\"https:\/\/violmax.pl\/wp-content\/uploads\/2020\/03\/Warszawa_LUNA_zamek_maly_rozmiar-300x300.jpg 300w, https:\/\/violmax.pl\/wp-content\/uploads\/2020\/03\/Warszawa_LUNA_zamek_maly_rozmiar-150x150.jpg 150w, https:\/\/violmax.pl\/wp-content\/uploads\/2020\/03\/Warszawa_LUNA_zamek_maly_rozmiar-768x768.jpg 768w, https:\/\/violmax.pl\/wp-content\/uploads\/2020\/03\/Warszawa_LUNA_zamek_maly_rozmiar-1024x1024.jpg 1024w, https:\/\/violmax.pl\/wp-content\/uploads\/2020\/03\/Warszawa_LUNA_zamek_maly_rozmiar-680x680.jpg 680w, https:\/\/violmax.pl\/wp-content\/uploads\/2020\/03\/Warszawa_LUNA_zamek_maly_rozmiar-100x100.jpg 100w\" sizes=\"(max-width: 300px) 100vw, 300px\" \/><\/p>\n<p>Szklanka do whisky LUNA o pojemno\u015bci 300 ml. Ca\u0142a szklanka jest precyzyjnie wypiaskowana. Widnieje na niej wypiaskowany motyw Zamku kr\u00f3lewskiego oraz napis \u201dWarszawa\u201d. Bardzo wygodnie utrzymuje si\u0119 w d\u0142oni dzi\u0119ki piaskowaniu do po\u0142owy. Idealna pami\u0105tka z Warszawy. Nadaje si\u0119 do mycia w zmywarce.<\/p>\n<p>Istnieje mo\u017cliwo\u015b\u0107 zdobienia w innym wzorze, pod zam\u00f3wienie klienta.<\/p>\n","protected":false},"excerpt":{"rendered":"<div class=\"woocommerce-product-details__short-description\">\n<p><img loading=\"lazy\" class=\"alignnone size-full wp-image-5364\" src=\"http:\/\/violmax.pl\/wp-content\/uploads\/2020\/10\/VIOLMAX_POLSKA-3.jpg\" alt=\"\" width=\"300\" height=\"28\" \/><\/p>\n<p>&nbsp;<\/p>\n<p>Szklanka do whisky LUNA o pojemno\u015bci 300 ml. Ca\u0142a szklanka jest precyzyjnie wypiaskowana. Widnieje na niej wypiaskowany motyw Zamku kr\u00f3lewskiego oraz napis \u201dWarszawa\u201d. Bardzo wygodnie utrzymuje si\u0119 w d\u0142oni dzi\u0119ki piaskowaniu do po\u0142owy. Idealna pami\u0105tka z Warszawy. Nadaje si\u0119 do mycia w zmywarce.<\/p>\n<p>Istnieje mo\u017cliwo\u015b\u0107 zdobienia w innym wzorze, pod zam\u00f3wienie klienta.<\/p>\n<p><strong><em>Minimalna ilo\u015b\u0107 zam\u00f3wienia \u2013 6 sztuk (1 opakowanie)<\/em><br \/>\n<\/strong><\/p>\n<p><strong><em>Towar sprzedawany na opakowania<\/em><\/strong><\/p>\n<h3><span style=\"color: #ff0000;\">PRZY DODAWANIU DO KOSZYKA, NALE\u017bY DODAWA\u0106 KROTNO\u015a\u0106\u00a0 LICZBY 6 &#8211; (1 opak)\u00a0 np: 6 ; 12 ; 18 itd<\/span><\/h3>\n<h3><strong>CENA ZA SZTUK\u0118.<\/strong><\/h3>\n<\/div>\n","protected":false},"featured_media":1939,"comment_status":"open","ping_status":"closed","template":"","meta":[],"_links":{"self":[{"href":"https:\/\/violmax.pl\/index.php\/wp-json\/wp\/v2\/product\/1866"}],"collection":[{"href":"https:\/\/violmax.pl\/index.php\/wp-json\/wp\/v2\/product"}],"about":[{"href":"https:\/\/violmax.pl\/index.php\/wp-json\/wp\/v2\/types\/product"}],"replies":[{"embeddable":true,"href":"https:\/\/violmax.pl\/index.php\/wp-json\/wp\/v2\/comments?post=1866"}],"wp:featuredmedia":[{"embeddable":true,"href":"https:\/\/violmax.pl\/index.php\/wp-json\/wp\/v2\/media\/1939"}],"wp:attachment":[{"href":"https:\/\/violmax.pl\/index.php\/wp-json\/wp\/v2\/media?parent=1866"}],"curies":[{"name":"wp","href":"https:\/\/api.w.org\/{rel}","templated":true}]}}