{"id":1855,"date":"2019-09-13T15:38:20","date_gmt":"2019-09-13T13:38:20","guid":{"rendered":"http:\/\/violmax.wroclaw.pl\/?post_type=product&#038;p=1855"},"modified":"2025-12-02T13:28:20","modified_gmt":"2025-12-02T12:28:20","slug":"sandomierz-pins-metalowy","status":"publish","type":"product","link":"https:\/\/violmax.pl\/index.php\/produkt\/sandomierz-pins-metalowy\/","title":{"rendered":"SANDOMIERZ, PIN METALOWY"},"content":{"rendered":"<p><img loading=\"lazy\" class=\"alignnone size-medium wp-image-2319\" src=\"http:\/\/violmax.pl\/wp-content\/uploads\/2020\/04\/SANDOMIERZ_PIN-300x300.jpg\" alt=\"\" width=\"300\" height=\"300\" srcset=\"https:\/\/violmax.pl\/wp-content\/uploads\/2020\/04\/SANDOMIERZ_PIN-300x300.jpg 300w, https:\/\/violmax.pl\/wp-content\/uploads\/2020\/04\/SANDOMIERZ_PIN-150x150.jpg 150w, https:\/\/violmax.pl\/wp-content\/uploads\/2020\/04\/SANDOMIERZ_PIN-768x768.jpg 768w, https:\/\/violmax.pl\/wp-content\/uploads\/2020\/04\/SANDOMIERZ_PIN-680x680.jpg 680w, https:\/\/violmax.pl\/wp-content\/uploads\/2020\/04\/SANDOMIERZ_PIN-100x100.jpg 100w, https:\/\/violmax.pl\/wp-content\/uploads\/2020\/04\/SANDOMIERZ_PIN.jpg 1000w\" sizes=\"(max-width: 300px) 100vw, 300px\" \/><\/p>\n<p>Metalowe Piny. Ka\u017cdy pin wykonany jest z metalu. Na pinach wy\u017c\u0142obione s\u0105 precyzyjnie niepowtarzalne motywy zwi\u0105zane z Sandomierza. Znaczki mo\u017cna zamocowa\u0107 do r\u00f3\u017cnego rodzaju materia\u0142u (ubranie,plecak,torebka) za pomoc\u0105 zapi\u0119cia tzw. \u201dmotylka\u201d, kt\u00f3ry jest na sta\u0142e przymocowany do znaczka. Genialna pami\u0105tka, kt\u00f3ra zawsze znajdzie swoje miejsce i przypomni o Sandomierzu. Warto zaznaczy\u0107, \u017ce ka\u017cdy motyw widniej\u0105cy na pinach (na wszystkich naszych produktach) to nasz autorski pomys\u0142. Idealna pami\u0105tka z Sandomierza.<\/p>\n","protected":false},"excerpt":{"rendered":"<p><img loading=\"lazy\" class=\"alignnone size-full wp-image-5364\" src=\"http:\/\/violmax.pl\/wp-content\/uploads\/2020\/10\/VIOLMAX_POLSKA-3.jpg\" alt=\"\" width=\"300\" height=\"28\" \/><\/p>\n<p>&nbsp;<\/p>\n<p>Metalowe Piny. Ka\u017cdy pin wykonany jest z metalu. Na pinach wy\u017c\u0142obione s\u0105 precyzyjnie niepowtarzalne motywy zwi\u0105zane z Sandomierza. Znaczki mo\u017cna zamocowa\u0107 do r\u00f3\u017cnego rodzaju materia\u0142u (ubranie,plecak,torebka) za pomoc\u0105 zapi\u0119cia tzw. \u201dmotylka\u201d, kt\u00f3ry jest na sta\u0142e przymocowany do znaczka. Genialna pami\u0105tka, kt\u00f3ra zawsze znajdzie swoje miejsce i przypomni o Sandomierzu. Warto zaznaczy\u0107, \u017ce ka\u017cdy motyw widniej\u0105cy na pinach (na wszystkich naszych produktach) to nasz autorski pomys\u0142. Idealna pami\u0105tka z Sandomierza.<\/p>\n<h4><em>Minimalna ilo\u015b\u0107 zam\u00f3wienia &#8211; 20 sztuk (1 opakowanie)<\/em><\/h4>\n<p><strong><em>Towar sprzedawany na opakowania<\/em><\/strong><\/p>\n<h3><span style=\"color: #ff0000;\">PRZY DODAWANIU DO KOSZYKA, NALE\u017bY DODAWA\u0106 KROTNO\u015a\u0106\u00a0 LICZBY 6 &#8211; (1 opak)\u00a0 np: 20 ; 40 ; 60 itd<\/span><\/h3>\n<h3><strong>CENA ZA SZTUK\u0118.<\/strong><\/h3>\n","protected":false},"featured_media":2319,"comment_status":"open","ping_status":"closed","template":"","meta":[],"_links":{"self":[{"href":"https:\/\/violmax.pl\/index.php\/wp-json\/wp\/v2\/product\/1855"}],"collection":[{"href":"https:\/\/violmax.pl\/index.php\/wp-json\/wp\/v2\/product"}],"about":[{"href":"https:\/\/violmax.pl\/index.php\/wp-json\/wp\/v2\/types\/product"}],"replies":[{"embeddable":true,"href":"https:\/\/violmax.pl\/index.php\/wp-json\/wp\/v2\/comments?post=1855"}],"wp:featuredmedia":[{"embeddable":true,"href":"https:\/\/violmax.pl\/index.php\/wp-json\/wp\/v2\/media\/2319"}],"wp:attachment":[{"href":"https:\/\/violmax.pl\/index.php\/wp-json\/wp\/v2\/media?parent=1855"}],"curies":[{"name":"wp","href":"https:\/\/api.w.org\/{rel}","templated":true}]}}