{"id":1823,"date":"2019-09-13T14:32:26","date_gmt":"2019-09-13T12:32:26","guid":{"rendered":"http:\/\/violmax.wroclaw.pl\/?post_type=product&#038;p=1823"},"modified":"2025-12-02T13:28:22","modified_gmt":"2025-12-02T12:28:22","slug":"sandomierz-kufel-do-piwa-bremen-670-ml-odlew-ratusz2d","status":"publish","type":"product","link":"https:\/\/violmax.pl\/index.php\/produkt\/sandomierz-kufel-do-piwa-bremen-670-ml-odlew-ratusz2d\/","title":{"rendered":"SANDOMIERZ, KUFEL DO PIWA &#8220;BREMEN&#8221; 670 ML, ODLEW RATUSZ 2D"},"content":{"rendered":"<p><img loading=\"lazy\" class=\"alignnone size-medium wp-image-1825\" src=\"http:\/\/violmax.pl\/wp-content\/uploads\/2019\/09\/BREMEN-BLACHA-2D--252x300.jpg\" alt=\"\" width=\"252\" height=\"300\" srcset=\"https:\/\/violmax.pl\/wp-content\/uploads\/2019\/09\/BREMEN-BLACHA-2D--252x300.jpg 252w, https:\/\/violmax.pl\/wp-content\/uploads\/2019\/09\/BREMEN-BLACHA-2D--768x916.jpg 768w, https:\/\/violmax.pl\/wp-content\/uploads\/2019\/09\/BREMEN-BLACHA-2D--859x1024.jpg 859w, https:\/\/violmax.pl\/wp-content\/uploads\/2019\/09\/BREMEN-BLACHA-2D--680x811.jpg 680w, https:\/\/violmax.pl\/wp-content\/uploads\/2019\/09\/BREMEN-BLACHA-2D-.jpg 1935w\" sizes=\"(max-width: 252px) 100vw, 252px\" \/><\/p>\n<p>Kufel do piwa \u201eBremen\u201d o litra\u017cu 0,67 . Ozdobiony jest metalowym odlewem z motywem sandomierskiego Ratusza.Produkt z wysokiej jako\u015bci szk\u0142a z metalowym, du\u017cym odlewem Ratusza. Znakomicie sprawdzi si\u0119 jako kufel do codziennego u\u017cytku lub jako \u015bwietna pami\u0105tka z Sandomierza. Idealny na prezent dla lubuj\u0105cych si\u0119 w piwie lub os\u00f3b, kt\u00f3re ceni\u0105 sobie pami\u0105tki ze smakiem. Ozdobi ka\u017cde wn\u0119trze i zachwyci go\u015bci.<\/p>\n","protected":false},"excerpt":{"rendered":"<div class=\"woocommerce-product-details__short-description\">\n<p><img loading=\"lazy\" class=\"alignnone size-medium wp-image-4074\" src=\"http:\/\/violmax.pl\/wp-content\/uploads\/2020\/05\/VIOLMAX_POLSKA-11-300x28.jpg\" alt=\"\" width=\"300\" height=\"28\" \/><\/p>\n<p>&nbsp;<\/p>\n<p>Kufel do piwa \u201eBremen\u201d o litra\u017cu 0,67 . Ozdobiony jest metalowym odlewem z motywem sandomierskiego Ratusza.Produkt z wysokiej jako\u015bci szk\u0142a z metalowym, du\u017cym odlewem Ratusza. Znakomicie sprawdzi si\u0119 jako kufel do codziennego u\u017cytku lub jako \u015bwietna pami\u0105tka z Sandomierza. Idealny na prezent dla lubuj\u0105cych si\u0119 w piwie lub os\u00f3b, kt\u00f3re ceni\u0105 sobie pami\u0105tki ze smakiem. Ozdobi ka\u017cde wn\u0119trze i zachwyci go\u015bci.<\/p>\n<p><strong><em>Minimalna ilo\u015b\u0107 zam\u00f3wienia \u2013 6 sztuk (1 opakowanie)<\/em><br \/>\n<\/strong><\/p>\n<p><strong><em>Towar sprzedawany na opakowania<\/em><\/strong><\/p>\n<h3><span style=\"color: #ff0000;\">PRZY DODAWANIU DO KOSZYKA, NALE\u017bY DODAWA\u0106 KROTNO\u015a\u0106\u00a0 LICZBY 6 &#8211; (1 opak)\u00a0 np: 6 ; 12 ; 18 itd<\/span><\/h3>\n<h3><strong>CENA ZA SZTUK\u0118.<\/strong><\/h3>\n<\/div>\n","protected":false},"featured_media":1825,"comment_status":"open","ping_status":"closed","template":"","meta":[],"_links":{"self":[{"href":"https:\/\/violmax.pl\/index.php\/wp-json\/wp\/v2\/product\/1823"}],"collection":[{"href":"https:\/\/violmax.pl\/index.php\/wp-json\/wp\/v2\/product"}],"about":[{"href":"https:\/\/violmax.pl\/index.php\/wp-json\/wp\/v2\/types\/product"}],"replies":[{"embeddable":true,"href":"https:\/\/violmax.pl\/index.php\/wp-json\/wp\/v2\/comments?post=1823"}],"wp:featuredmedia":[{"embeddable":true,"href":"https:\/\/violmax.pl\/index.php\/wp-json\/wp\/v2\/media\/1825"}],"wp:attachment":[{"href":"https:\/\/violmax.pl\/index.php\/wp-json\/wp\/v2\/media?parent=1823"}],"curies":[{"name":"wp","href":"https:\/\/api.w.org\/{rel}","templated":true}]}}