{"id":1816,"date":"2019-09-13T14:22:18","date_gmt":"2019-09-13T12:22:18","guid":{"rendered":"http:\/\/violmax.wroclaw.pl\/?post_type=product&#038;p=1816"},"modified":"2025-12-02T13:28:22","modified_gmt":"2025-12-02T12:28:22","slug":"bukowina-tatrzanska-szklanka-long-drink-x-300-ml-szron-parzenica","status":"publish","type":"product","link":"https:\/\/violmax.pl\/index.php\/produkt\/bukowina-tatrzanska-szklanka-long-drink-x-300-ml-szron-parzenica\/","title":{"rendered":"BUKOWINA TATRZA\u0143SKA, SZKLANKA LONG DRINK &#8220;X 300&#8221; ML, SZRON PARZENICA"},"content":{"rendered":"<p><img loading=\"lazy\" class=\"alignnone size-medium wp-image-1819\" src=\"http:\/\/violmax.pl\/wp-content\/uploads\/2019\/09\/SZKLANKA-X-2-DOCELOWY-198x300.jpg\" alt=\"\" width=\"198\" height=\"300\" srcset=\"https:\/\/violmax.pl\/wp-content\/uploads\/2019\/09\/SZKLANKA-X-2-DOCELOWY-198x300.jpg 198w, https:\/\/violmax.pl\/wp-content\/uploads\/2019\/09\/SZKLANKA-X-2-DOCELOWY-768x1165.jpg 768w, https:\/\/violmax.pl\/wp-content\/uploads\/2019\/09\/SZKLANKA-X-2-DOCELOWY-675x1024.jpg 675w, https:\/\/violmax.pl\/wp-content\/uploads\/2019\/09\/SZKLANKA-X-2-DOCELOWY-680x1032.jpg 680w\" sizes=\"(max-width: 198px) 100vw, 198px\" \/><img loading=\"lazy\" class=\"alignnone size-medium wp-image-1818\" src=\"http:\/\/violmax.pl\/wp-content\/uploads\/2019\/09\/SZKLANKA-X-DOCELOWY-232x300.jpg\" alt=\"\" width=\"232\" height=\"300\" srcset=\"https:\/\/violmax.pl\/wp-content\/uploads\/2019\/09\/SZKLANKA-X-DOCELOWY-232x300.jpg 232w, https:\/\/violmax.pl\/wp-content\/uploads\/2019\/09\/SZKLANKA-X-DOCELOWY-768x994.jpg 768w, https:\/\/violmax.pl\/wp-content\/uploads\/2019\/09\/SZKLANKA-X-DOCELOWY-791x1024.jpg 791w, https:\/\/violmax.pl\/wp-content\/uploads\/2019\/09\/SZKLANKA-X-DOCELOWY-70x90.jpg 70w, https:\/\/violmax.pl\/wp-content\/uploads\/2019\/09\/SZKLANKA-X-DOCELOWY-680x880.jpg 680w\" sizes=\"(max-width: 232px) 100vw, 232px\" \/><\/p>\n<p>Szklanka do drink\u00f3w\/ napoj\u00f3w zimnych o pojemno\u015bci 300 ml w oryginalnym kszta\u0142cie \u201dX\u201d. Szklanka wypiaskowana jest ca\u0142a w motywy typowe dla Bukowiny Tatrza\u0144skiej oraz wypiaskowana zosta\u0142a precyzyjnie parzenica. Ka\u017cdy detal jest zachowany. Dzi\u0119ki pe\u0142nemu piaskowaniu do po\u0142owy, szklanka trzyma si\u0119 pewnie w d\u0142oni. Idealna pami\u0105tka z Bukowiny Tatrza\u0144skiej. Nadaje si\u0119 do mycia w zmywarce.<\/p>\n<p>Istnieje mo\u017cliwo\u015b\u0107 zdobienia w innym wzorze, pod zam\u00f3wienie klienta.<\/p>\n","protected":false},"excerpt":{"rendered":"<div class=\"woocommerce-product-details__short-description\">\n<div class=\"woocommerce-product-details__short-description\">\n<p><img loading=\"lazy\" class=\"alignnone size-full wp-image-5364\" src=\"http:\/\/violmax.pl\/wp-content\/uploads\/2020\/10\/VIOLMAX_POLSKA-3.jpg\" alt=\"\" width=\"300\" height=\"28\" \/><\/p>\n<p>&nbsp;<\/p>\n<p>Szklanka do drink\u00f3w\/ napoj\u00f3w zimnych o pojemno\u015bci 300 ml w oryginalnym kszta\u0142cie \u201dX\u201d. Szklanka wypiaskowana jest ca\u0142a w motywy typowe dla Bukowiny Tatrza\u0144skiej oraz wypiaskowana zosta\u0142a precyzyjnie parzenica. Ka\u017cdy detal jest zachowany. Dzi\u0119ki pe\u0142nemu piaskowaniu do po\u0142owy, szklanka trzyma si\u0119 pewnie w d\u0142oni. Idealna pami\u0105tka z Bukowiny Tatrza\u0144skiej. Nadaje si\u0119 do mycia w zmywarce.<\/p>\n<p>Istnieje mo\u017cliwo\u015b\u0107 zdobienia w innym wzorze, pod zam\u00f3wienie klienta.<\/p>\n<\/div>\n<div class=\"woocommerce-product-details__short-description\">\n<p><strong><em>Minimalna ilo\u015b\u0107 zam\u00f3wienia \u2013 6 sztuk (1 opakowanie)<\/em><br \/>\n<\/strong><\/p>\n<p><strong><em>Towar sprzedawany na opakowania<\/em><\/strong><\/p>\n<h3><span style=\"color: #ff0000;\">PRZY DODAWANIU DO KOSZYKA, NALE\u017bY DODAWA\u0106 KROTNO\u015a\u0106\u00a0 LICZBY 6 &#8211; (1 opak)\u00a0 np: 6 ; 12 ; 18 itd<\/span><\/h3>\n<h3><strong>CENA ZA SZTUK\u0118.<\/strong><\/h3>\n<\/div>\n<\/div>\n","protected":false},"featured_media":1819,"comment_status":"open","ping_status":"closed","template":"","meta":[],"_links":{"self":[{"href":"https:\/\/violmax.pl\/index.php\/wp-json\/wp\/v2\/product\/1816"}],"collection":[{"href":"https:\/\/violmax.pl\/index.php\/wp-json\/wp\/v2\/product"}],"about":[{"href":"https:\/\/violmax.pl\/index.php\/wp-json\/wp\/v2\/types\/product"}],"replies":[{"embeddable":true,"href":"https:\/\/violmax.pl\/index.php\/wp-json\/wp\/v2\/comments?post=1816"}],"wp:featuredmedia":[{"embeddable":true,"href":"https:\/\/violmax.pl\/index.php\/wp-json\/wp\/v2\/media\/1819"}],"wp:attachment":[{"href":"https:\/\/violmax.pl\/index.php\/wp-json\/wp\/v2\/media?parent=1816"}],"curies":[{"name":"wp","href":"https:\/\/api.w.org\/{rel}","templated":true}]}}