{"id":1813,"date":"2019-09-13T14:03:54","date_gmt":"2019-09-13T12:03:54","guid":{"rendered":"http:\/\/violmax.wroclaw.pl\/?post_type=product&#038;p=1813"},"modified":"2025-12-02T13:28:23","modified_gmt":"2025-12-02T12:28:23","slug":"bukowina-tatrzanska-kufel-do-piwa-miodzio-500-ml-parzenica","status":"publish","type":"product","link":"https:\/\/violmax.pl\/index.php\/produkt\/bukowina-tatrzanska-kufel-do-piwa-miodzio-500-ml-parzenica\/","title":{"rendered":"BUKOWINA TATRZA\u0143SKA, KUFEL DO PIWA &#8220;MIODZIO 2&#8221; 0,5 LITRA, PARZENICA METAL"},"content":{"rendered":"<p><img loading=\"lazy\" class=\"alignnone size-medium wp-image-1815\" src=\"http:\/\/violmax.pl\/wp-content\/uploads\/2019\/09\/MIODZIO-PARZENICA-METAL-DOCELOWY-1-217x300.jpg\" alt=\"\" width=\"217\" height=\"300\" srcset=\"https:\/\/violmax.pl\/wp-content\/uploads\/2019\/09\/MIODZIO-PARZENICA-METAL-DOCELOWY-1-217x300.jpg 217w, https:\/\/violmax.pl\/wp-content\/uploads\/2019\/09\/MIODZIO-PARZENICA-METAL-DOCELOWY-1-768x1063.jpg 768w, https:\/\/violmax.pl\/wp-content\/uploads\/2019\/09\/MIODZIO-PARZENICA-METAL-DOCELOWY-1-740x1024.jpg 740w, https:\/\/violmax.pl\/wp-content\/uploads\/2019\/09\/MIODZIO-PARZENICA-METAL-DOCELOWY-1-680x941.jpg 680w\" sizes=\"(max-width: 217px) 100vw, 217px\" \/><\/p>\n<p>Kufel do piwa \u201dMiodzio\u201d o litra\u017cu 0,5 litra. Na kuflu s\u0105 wy\u017c\u0142obione charakterystyczne dla \u201dmiodzia\u201d p\u0142aty w szkle. Na \u015brodku kufla widzimy metalowy odlew \u2013 parzenic\u0119. Klasyczny, wygodny kufel, kt\u00f3ry sprawdzi si\u0119 u ka\u017cdego. Idealna pami\u0105tka z Bukowiny Tatrza\u0144skiej.<\/p>\n","protected":false},"excerpt":{"rendered":"<div class=\"woocommerce-product-details__short-description\">\n<p><img loading=\"lazy\" class=\"alignnone size-full wp-image-5364\" src=\"http:\/\/violmax.pl\/wp-content\/uploads\/2020\/10\/VIOLMAX_POLSKA-3.jpg\" alt=\"\" width=\"300\" height=\"28\" \/><\/p>\n<p>&nbsp;<\/p>\n<p>Kufel do piwa \u201dMiodzio\u201d o litra\u017cu 0,5 litra. Na kuflu s\u0105 wy\u017c\u0142obione charakterystyczne dla \u201dmiodzia\u201d p\u0142aty w szkle. Na \u015brodku kufla widzimy metalowy odlew \u2013 parzenic\u0119. Klasyczny, wygodny kufel, kt\u00f3ry sprawdzi si\u0119 u ka\u017cdego. Idealna pami\u0105tka z Bukowiny Tatrza\u0144skiej.<\/p>\n<p><strong><em>Minimalna ilo\u015b\u0107 zam\u00f3wienia &#8211; 6 szt (1 opakowanie)<\/em><br \/>\n<\/strong><\/p>\n<p><strong><em>Towar sprzedawany na opakowania<\/em><\/strong><\/p>\n<h3><span style=\"color: #ff0000;\">PRZY DODAWANIU DO KOSZYKA, NALE\u017bY DODAWA\u0106 KROTNO\u015a\u0106\u00a0 LICZBY 6 &#8211; (1 opak)\u00a0 np: 6 ; 12 ; 18 itd<\/span><\/h3>\n<h3><strong>CENA ZA SZTUK\u0118.<\/strong><\/h3>\n<\/div>\n","protected":false},"featured_media":1815,"comment_status":"open","ping_status":"closed","template":"","meta":[],"_links":{"self":[{"href":"https:\/\/violmax.pl\/index.php\/wp-json\/wp\/v2\/product\/1813"}],"collection":[{"href":"https:\/\/violmax.pl\/index.php\/wp-json\/wp\/v2\/product"}],"about":[{"href":"https:\/\/violmax.pl\/index.php\/wp-json\/wp\/v2\/types\/product"}],"replies":[{"embeddable":true,"href":"https:\/\/violmax.pl\/index.php\/wp-json\/wp\/v2\/comments?post=1813"}],"wp:featuredmedia":[{"embeddable":true,"href":"https:\/\/violmax.pl\/index.php\/wp-json\/wp\/v2\/media\/1815"}],"wp:attachment":[{"href":"https:\/\/violmax.pl\/index.php\/wp-json\/wp\/v2\/media?parent=1813"}],"curies":[{"name":"wp","href":"https:\/\/api.w.org\/{rel}","templated":true}]}}