{"id":1810,"date":"2019-09-13T13:55:20","date_gmt":"2019-09-13T11:55:20","guid":{"rendered":"http:\/\/violmax.wroclaw.pl\/?post_type=product&#038;p=1810"},"modified":"2025-12-02T13:28:23","modified_gmt":"2025-12-02T12:28:23","slug":"bukowina-tatrzanska-kufel-do-piwa-isar-500-ml-harnas-2d","status":"publish","type":"product","link":"https:\/\/violmax.pl\/index.php\/produkt\/bukowina-tatrzanska-kufel-do-piwa-isar-500-ml-harnas-2d\/","title":{"rendered":"BUKOWINA TATRZA\u0143SKA, KUFEL DO PIWA &#8220;ISAR&#8221; 500 ML, HARNA\u015a 2D"},"content":{"rendered":"<p><img loading=\"lazy\" class=\"alignnone size-medium wp-image-1812\" src=\"http:\/\/violmax.pl\/wp-content\/uploads\/2019\/09\/MIODZIO-2-HARNA\u015a-METAL-DOCELOWY-1-166x300.jpg\" alt=\"\" width=\"166\" height=\"300\" srcset=\"https:\/\/violmax.pl\/wp-content\/uploads\/2019\/09\/MIODZIO-2-HARNA\u015a-METAL-DOCELOWY-1-166x300.jpg 166w, https:\/\/violmax.pl\/wp-content\/uploads\/2019\/09\/MIODZIO-2-HARNA\u015a-METAL-DOCELOWY-1-768x1385.jpg 768w, https:\/\/violmax.pl\/wp-content\/uploads\/2019\/09\/MIODZIO-2-HARNA\u015a-METAL-DOCELOWY-1-568x1024.jpg 568w, https:\/\/violmax.pl\/wp-content\/uploads\/2019\/09\/MIODZIO-2-HARNA\u015a-METAL-DOCELOWY-1-680x1226.jpg 680w\" sizes=\"(max-width: 166px) 100vw, 166px\" \/><\/p>\n<p>Kufel do piwa \u201eISAR\u201d o litra\u017cu 0,5 . Ozdobiony jest metalowym motywem Harnasia. Produkt\u00a0 z wysokiej jako\u015bci szk\u0142a z motywem metalowym \u2013 g\u00f3ralem. Znakomicie sprawdzi si\u0119 jako kufel do codziennego u\u017cytku lub jako \u015bwietna pami\u0105tka z g\u00f3r. Idealny na prezent dla lubuj\u0105cych si\u0119 w piwie lub os\u00f3b, kt\u00f3re ceni\u0105 sobie pami\u0105tki ze smakiem. Ozdobi ka\u017cde wn\u0119trze i zachwyci go\u015bci.Idealna pami\u0105tka z Bukowiny Tatrza\u0144skiej.<\/p>\n","protected":false},"excerpt":{"rendered":"<div class=\"woocommerce-product-details__short-description\">\n<div class=\"woocommerce-product-details__short-description\">\n<div class=\"woocommerce-product-details__short-description\">\n<p><img loading=\"lazy\" class=\"alignnone size-full wp-image-5364\" src=\"http:\/\/violmax.pl\/wp-content\/uploads\/2020\/10\/VIOLMAX_POLSKA-3.jpg\" alt=\"\" width=\"300\" height=\"28\" \/><\/p>\n<p>&nbsp;<\/p>\n<p>Kufel do piwa \u201eISAR\u201d o litra\u017cu 0,5 . Ozdobiony jest metalowym motywem Harnasia. Produkt\u00a0 z wysokiej jako\u015bci szk\u0142a z motywem metalowym \u2013 g\u00f3ralem. Znakomicie sprawdzi si\u0119 jako kufel do codziennego u\u017cytku lub jako \u015bwietna pami\u0105tka z g\u00f3r. Idealny na prezent dla lubuj\u0105cych si\u0119 w piwie lub os\u00f3b, kt\u00f3re ceni\u0105 sobie pami\u0105tki ze smakiem. Ozdobi ka\u017cde wn\u0119trze i zachwyci go\u015bci.Idealna pami\u0105tka z Bukowiny Tatrza\u0144skiej.<\/p>\n<p><strong><em>Minimalna ilo\u015b\u0107 zam\u00f3wienia \u2013 6 sztuk (1 opakowanie)<\/em><br \/>\n<\/strong><\/p>\n<p><strong><em>Towar sprzedawany na opakowania<\/em><\/strong><\/p>\n<h3><span style=\"color: #ff0000;\">PRZY DODAWANIU DO KOSZYKA, NALE\u017bY DODAWA\u0106 KROTNO\u015a\u0106\u00a0 LICZBY 6 &#8211; (1 opak)\u00a0 np: 6 ; 12 ; 18 itd<\/span><\/h3>\n<h3><strong>CENA ZA SZTUK\u0118.<\/strong><\/h3>\n<\/div>\n<\/div>\n<\/div>\n","protected":false},"featured_media":1812,"comment_status":"open","ping_status":"closed","template":"","meta":[],"_links":{"self":[{"href":"https:\/\/violmax.pl\/index.php\/wp-json\/wp\/v2\/product\/1810"}],"collection":[{"href":"https:\/\/violmax.pl\/index.php\/wp-json\/wp\/v2\/product"}],"about":[{"href":"https:\/\/violmax.pl\/index.php\/wp-json\/wp\/v2\/types\/product"}],"replies":[{"embeddable":true,"href":"https:\/\/violmax.pl\/index.php\/wp-json\/wp\/v2\/comments?post=1810"}],"wp:featuredmedia":[{"embeddable":true,"href":"https:\/\/violmax.pl\/index.php\/wp-json\/wp\/v2\/media\/1812"}],"wp:attachment":[{"href":"https:\/\/violmax.pl\/index.php\/wp-json\/wp\/v2\/media?parent=1810"}],"curies":[{"name":"wp","href":"https:\/\/api.w.org\/{rel}","templated":true}]}}