{"id":1693,"date":"2019-09-12T11:58:06","date_gmt":"2019-09-12T09:58:06","guid":{"rendered":"http:\/\/violmax.wroclaw.pl\/?post_type=product&#038;p=1693"},"modified":"2025-12-02T13:28:27","modified_gmt":"2025-12-02T12:28:27","slug":"kufel-miodzio-05-litra-harnas-2d-kolor-szczawnica","status":"publish","type":"product","link":"https:\/\/violmax.pl\/index.php\/produkt\/kufel-miodzio-05-litra-harnas-2d-kolor-szczawnica\/","title":{"rendered":"SZCZAWNICA, KUFEL DO PIWA &#8220;MIODZIO 2&#8221; 0,5 LITRA, HARNA\u015a 2D KOLOR"},"content":{"rendered":"<p><img loading=\"lazy\" class=\"alignnone size-medium wp-image-1695\" src=\"http:\/\/violmax.pl\/wp-content\/uploads\/2019\/09\/MIODZIO-HARNA\u015a-METAL-DOCELOWY--235x300.jpg\" alt=\"\" width=\"235\" height=\"300\" \/><\/p>\n<p>&nbsp;<\/p>\n<p>Kufel do piwa \u201dMiodzio\u201d o litra\u017cu 0,5 litra. Na kuflu s\u0105 wy\u017c\u0142obione charakterystyczne dla \u201dmiodzia\u201d p\u0142aty w szkle. Na \u015brodku kufla umieszczony zosta\u0142 motyw Harnasia w kolorze. Ca\u0142o\u015b\u0107 sprawia, \u017ce pami\u0105tka staje si\u0119 bardzo ciekawa, a zarazem elegancka. Zestawienie metalu z kolorem nadaje kuflowi wyrazisto\u015bci. Idealna pami\u0105tka ze Szczawnicy.<\/p>\n","protected":false},"excerpt":{"rendered":"<div class=\"woocommerce-product-details__short-description\">\n<p><img loading=\"lazy\" class=\"alignnone size-full wp-image-5364\" src=\"http:\/\/violmax.pl\/wp-content\/uploads\/2020\/10\/VIOLMAX_POLSKA-3.jpg\" alt=\"\" width=\"300\" height=\"28\" \/><\/p>\n<p>&nbsp;<\/p>\n<p>Kufel do piwa \u201dMiodzio\u201d o litra\u017cu 0,5 litra. Na kuflu s\u0105 wy\u017c\u0142obione charakterystyczne dla \u201dmiodzia\u201d p\u0142aty w szkle. Na \u015brodku kufla umieszczony zosta\u0142 motyw Harnasia w kolorze. Ca\u0142o\u015b\u0107 sprawia, \u017ce pami\u0105tka staje si\u0119 bardzo ciekawa, a zarazem elegancka. Zestawienie metalu z kolorem nadaje kuflowi wyrazisto\u015bci. Idealna pami\u0105tka ze Szczawnicy.<\/p>\n<p><strong><em>Minimalna ilo\u015b\u0107 zam\u00f3wienia \u2013 6 sztuk (1 opakowanie)<\/em><br \/>\n<\/strong><\/p>\n<p><strong><em>Towar sprzedawany na opakowania<\/em><\/strong><\/p>\n<h3><span style=\"color: #ff0000;\">PRZY DODAWANIU DO KOSZYKA, NALE\u017bY DODAWA\u0106 KROTNO\u015a\u0106\u00a0 LICZBY 6 &#8211; (1 opak)\u00a0 np: 6 ; 12 ; 18 itd<\/span><\/h3>\n<h3><strong>CENA ZA SZTUK\u0118.<\/strong><\/h3>\n<\/div>\n","protected":false},"featured_media":1695,"comment_status":"open","ping_status":"closed","template":"","meta":[],"_links":{"self":[{"href":"https:\/\/violmax.pl\/index.php\/wp-json\/wp\/v2\/product\/1693"}],"collection":[{"href":"https:\/\/violmax.pl\/index.php\/wp-json\/wp\/v2\/product"}],"about":[{"href":"https:\/\/violmax.pl\/index.php\/wp-json\/wp\/v2\/types\/product"}],"replies":[{"embeddable":true,"href":"https:\/\/violmax.pl\/index.php\/wp-json\/wp\/v2\/comments?post=1693"}],"wp:featuredmedia":[{"embeddable":true,"href":"https:\/\/violmax.pl\/index.php\/wp-json\/wp\/v2\/media\/1695"}],"wp:attachment":[{"href":"https:\/\/violmax.pl\/index.php\/wp-json\/wp\/v2\/media?parent=1693"}],"curies":[{"name":"wp","href":"https:\/\/api.w.org\/{rel}","templated":true}]}}