{"id":1687,"date":"2019-09-12T11:49:09","date_gmt":"2019-09-12T09:49:09","guid":{"rendered":"http:\/\/violmax.wroclaw.pl\/?post_type=product&#038;p=1687"},"modified":"2025-12-02T13:28:27","modified_gmt":"2025-12-02T12:28:27","slug":"kufel-berna-05-litra-taniec-goralski-szczawnica","status":"publish","type":"product","link":"https:\/\/violmax.pl\/index.php\/produkt\/kufel-berna-05-litra-taniec-goralski-szczawnica\/","title":{"rendered":"SZCZAWNICA, KUFEL DO PIWA &#8220;BERNA&#8221; 0,5 LITRA, TANIEC G\u00d3RALSKI"},"content":{"rendered":"<p><img loading=\"lazy\" class=\"alignnone size-medium wp-image-1689\" src=\"http:\/\/violmax.pl\/wp-content\/uploads\/2019\/09\/KUFEL-HABSURG-TANIEC-DOCELOWY--235x300.jpg\" alt=\"\" width=\"235\" height=\"300\" \/><\/p>\n<p>&nbsp;<\/p>\n<p>Kufel do piwa \u201dBERNA\u201d o litra\u017cu 0,5 litra z motywem g\u00f3ralki i g\u00f3rala w ta\u0144cu. Ca\u0142o\u015b\u0107 metalowego motywu jest w kolorze. Bardzo okaza\u0142y kufel. \u015awietna pami\u0105tka dla lubuj\u0105cych si\u0119 w piwie, szczeg\u00f3lnie dla m\u0119skiej r\u0119ki. To ci\u0119\u017cki, porz\u0105dny kufel, kt\u00f3ry zawsze przypomni o pobycie w Szczawnicy. \u015awietna pami\u0105tka z g\u00f3r.<\/p>\n","protected":false},"excerpt":{"rendered":"<div class=\"woocommerce-product-details__short-description\">\n<p><img loading=\"lazy\" class=\"alignnone size-full wp-image-5364\" src=\"http:\/\/violmax.pl\/wp-content\/uploads\/2020\/10\/VIOLMAX_POLSKA-3.jpg\" alt=\"\" width=\"300\" height=\"28\" \/><\/p>\n<p>&nbsp;<\/p>\n<p>Kufel do piwa \u201dBERNA\u201d o litra\u017cu 0,5 litra z motywem g\u00f3ralki i g\u00f3rala w ta\u0144cu. Ca\u0142o\u015b\u0107 metalowego motywu jest w kolorze. Bardzo okaza\u0142y kufel. \u015awietna pami\u0105tka dla lubuj\u0105cych si\u0119 w piwie, szczeg\u00f3lnie dla m\u0119skiej r\u0119ki. To ci\u0119\u017cki, porz\u0105dny kufel, kt\u00f3ry zawsze przypomni o pobycie w Szczawnicy. \u015awietna pami\u0105tka z g\u00f3r.<\/p>\n<p><strong><em>Minimalna ilo\u015b\u0107 zam\u00f3wienia \u2013 6 sztuk (1 opakowanie)<\/em><br \/>\n<\/strong><\/p>\n<p><strong><em>Towar sprzedawany na opakowania<\/em><\/strong><\/p>\n<h3><span style=\"color: #ff0000;\">PRZY DODAWANIU DO KOSZYKA, NALE\u017bY DODAWA\u0106 KROTNO\u015a\u0106\u00a0 LICZBY 6 &#8211; (1 opak)\u00a0 np: 6 ; 12 ; 18 itd<\/span><\/h3>\n<h3><strong>CENA ZA SZTUK\u0118.<\/strong><\/h3>\n<\/div>\n","protected":false},"featured_media":1689,"comment_status":"open","ping_status":"closed","template":"","meta":[],"_links":{"self":[{"href":"https:\/\/violmax.pl\/index.php\/wp-json\/wp\/v2\/product\/1687"}],"collection":[{"href":"https:\/\/violmax.pl\/index.php\/wp-json\/wp\/v2\/product"}],"about":[{"href":"https:\/\/violmax.pl\/index.php\/wp-json\/wp\/v2\/types\/product"}],"replies":[{"embeddable":true,"href":"https:\/\/violmax.pl\/index.php\/wp-json\/wp\/v2\/comments?post=1687"}],"wp:featuredmedia":[{"embeddable":true,"href":"https:\/\/violmax.pl\/index.php\/wp-json\/wp\/v2\/media\/1689"}],"wp:attachment":[{"href":"https:\/\/violmax.pl\/index.php\/wp-json\/wp\/v2\/media?parent=1687"}],"curies":[{"name":"wp","href":"https:\/\/api.w.org\/{rel}","templated":true}]}}