{"id":1676,"date":"2019-09-12T11:18:42","date_gmt":"2019-09-12T09:18:42","guid":{"rendered":"http:\/\/violmax.wroclaw.pl\/?post_type=product&#038;p=1676"},"modified":"2025-12-02T13:28:28","modified_gmt":"2025-12-02T12:28:28","slug":"leba-szklanka-do-piwa-stopka-05-litra-szron-zaglowiec","status":"publish","type":"product","link":"https:\/\/violmax.pl\/index.php\/produkt\/leba-szklanka-do-piwa-stopka-05-litra-szron-zaglowiec\/","title":{"rendered":"\u0141EBA, SZKLANKA DO PIWO &#8220;MA\u0141GOSIA&#8221; 0,5 LITRA, \u017bAGLOWIEC 1 SZRON"},"content":{"rendered":"<p><img loading=\"lazy\" class=\"alignnone size-medium wp-image-1679\" src=\"http:\/\/violmax.pl\/wp-content\/uploads\/2019\/09\/PIWO-STOPKA-STRONA-2-220x300.jpg\" alt=\"\" width=\"220\" height=\"300\" \/><img loading=\"lazy\" class=\"alignnone size-medium wp-image-1678\" src=\"http:\/\/violmax.pl\/wp-content\/uploads\/2019\/09\/PIWO-STOPKA-STRONA-1-208x300.jpg\" alt=\"\" width=\"208\" height=\"300\" \/><\/p>\n<p>Szklanka do piwa na stopce &#8220;MA\u0141GOSIA&#8221; o litra\u017cu 0,5 l. Elegancka pami\u0105tka szczeg\u00f3\u0142owo wypiaskowana, z motywem zapory z wypiaskowanym dok\u0142adnie napisem \u0141eba. Wygodna szklanka ze stopk\u0105.Idealna pami\u0105tka z \u0141eby ,upominek dla ka\u017cdego. Nadaje si\u0119 do mycia w zmywarce.<\/p>\n","protected":false},"excerpt":{"rendered":"<div class=\"woocommerce-product-details__short-description\">\n<div class=\"woocommerce-product-details__short-description\">\n<div class=\"woocommerce-product-details__short-description\">\n<div class=\"woocommerce-product-details__short-description\">\n<p><img loading=\"lazy\" class=\"alignnone size-medium wp-image-3492\" src=\"http:\/\/violmax.pl\/wp-content\/uploads\/2020\/05\/VIOLMAX_POLSKA-300x28.jpg\" alt=\"\" width=\"300\" height=\"28\" \/><\/p>\n<p>&nbsp;<\/p>\n<p>Szklanka do piwa na stopce &#8220;MA\u0141GOSIA&#8221; o litra\u017cu 0,5 l. Elegancka pami\u0105tka szczeg\u00f3\u0142owo wypiaskowana, z motywem zapory z wypiaskowanym dok\u0142adnie napisem \u0141eba. Wygodna szklanka ze stopk\u0105.Idealna pami\u0105tka z \u0141eby ,upominek dla ka\u017cdego. Nadaje si\u0119 do mycia w zmywarce.<\/p>\n<p><strong><em>Minimalna ilo\u015b\u0107 zam\u00f3wienia \u2013 6 sztuk (1opakowanie)<\/em><br \/>\n<\/strong><\/p>\n<p><strong><em>Towar sprzedawany na opakowania<\/em><\/strong><\/p>\n<h3><span style=\"color: #ff0000;\">PRZY DODAWANIU DO KOSZYKA, NALE\u017bY DODAWA\u0106 KROTNO\u015a\u0106\u00a0 LICZBY 6 &#8211; (1 opak)\u00a0 np: 6 ; 12 ; 18 itd<\/span><\/h3>\n<h3><strong>CENA ZA SZTUK\u0118.<\/strong><\/h3>\n<p><strong><em>\u00a0<\/em><\/strong><\/p>\n<h3><\/h3>\n<\/div>\n<\/div>\n<\/div>\n<\/div>\n","protected":false},"featured_media":1679,"comment_status":"open","ping_status":"closed","template":"","meta":[],"_links":{"self":[{"href":"https:\/\/violmax.pl\/index.php\/wp-json\/wp\/v2\/product\/1676"}],"collection":[{"href":"https:\/\/violmax.pl\/index.php\/wp-json\/wp\/v2\/product"}],"about":[{"href":"https:\/\/violmax.pl\/index.php\/wp-json\/wp\/v2\/types\/product"}],"replies":[{"embeddable":true,"href":"https:\/\/violmax.pl\/index.php\/wp-json\/wp\/v2\/comments?post=1676"}],"wp:featuredmedia":[{"embeddable":true,"href":"https:\/\/violmax.pl\/index.php\/wp-json\/wp\/v2\/media\/1679"}],"wp:attachment":[{"href":"https:\/\/violmax.pl\/index.php\/wp-json\/wp\/v2\/media?parent=1676"}],"curies":[{"name":"wp","href":"https:\/\/api.w.org\/{rel}","templated":true}]}}