{"id":1673,"date":"2019-09-12T11:13:07","date_gmt":"2019-09-12T09:13:07","guid":{"rendered":"http:\/\/violmax.wroclaw.pl\/?post_type=product&#038;p=1673"},"modified":"2025-12-02T13:28:28","modified_gmt":"2025-12-02T12:28:28","slug":"leba-pin-metalowy","status":"publish","type":"product","link":"https:\/\/violmax.pl\/index.php\/produkt\/leba-pin-metalowy\/","title":{"rendered":"\u0141EBA, PIN METALOWY"},"content":{"rendered":"<p><img loading=\"lazy\" class=\"alignnone size-medium wp-image-1675\" src=\"http:\/\/violmax.pl\/wp-content\/uploads\/2019\/09\/PINS--300x154.jpg\" alt=\"\" width=\"300\" height=\"154\" \/><\/p>\n<p>Metalowe Pin. Ka\u017cdy pin wykonany jest z metalu. Na pinach wy\u017c\u0142obione s\u0105 precyzyjnie niepowtarzalne motywy zwi\u0105zane z \u0141eb\u0105. Znaczki mo\u017cna zamocowa\u0107 do r\u00f3\u017cnego rodzaju materia\u0142u (ubranie,plecak,torebka) za pomoc\u0105 zapi\u0119cia tzw. \u201dmotylka\u201d, kt\u00f3ry jest na sta\u0142e przymocowany do znaczka. Genialna pami\u0105tka, kt\u00f3ra zawsze znajdzie swoje miejsce i przypomni o \u0141ebie. Warto zaznaczy\u0107, \u017ce ka\u017cdy motyw widniej\u0105cy na pinach (na wszystkich naszych produktach) to nasz autorski pomys\u0142. Idealna pami\u0105tka z \u0141eby.<\/p>\n","protected":false},"excerpt":{"rendered":"<div class=\"woocommerce-product-details__short-description\">\n<div class=\"woocommerce-product-details__short-description\">\n<div class=\"woocommerce-product-details__short-description\">\n<div class=\"woocommerce-product-details__short-description\">\n<div class=\"woocommerce-product-details__short-description\">\n<div class=\"woocommerce-product-details__short-description\">\n<p><img loading=\"lazy\" class=\"alignnone size-medium wp-image-3492\" src=\"http:\/\/violmax.pl\/wp-content\/uploads\/2020\/05\/VIOLMAX_POLSKA-300x28.jpg\" alt=\"\" width=\"300\" height=\"28\" \/><\/p>\n<p>&nbsp;<\/p>\n<p>Metalowe Pin. Ka\u017cdy pin wykonany jest z metalu. Na pinach wy\u017c\u0142obione s\u0105 precyzyjnie niepowtarzalne motywy zwi\u0105zane z \u0141eb\u0105. Znaczki mo\u017cna zamocowa\u0107 do r\u00f3\u017cnego rodzaju materia\u0142u (ubranie,plecak,torebka) za pomoc\u0105 zapi\u0119cia tzw. \u201dmotylka\u201d, kt\u00f3ry jest na sta\u0142e przymocowany do znaczka. Genialna pami\u0105tka, kt\u00f3ra zawsze znajdzie swoje miejsce i przypomni o \u0141ebie. Warto zaznaczy\u0107, \u017ce ka\u017cdy motyw widniej\u0105cy na pinach (na wszystkich naszych produktach) to nasz autorski pomys\u0142. Idealna pami\u0105tka z \u0141eby.<\/p>\n<p><strong><em>Minimalna ilo\u015b\u0107 zam\u00f3wienia \u2013 20 sztuk (1 opakowanie)<\/em><br \/>\n<\/strong><\/p>\n<p><strong><em>Towar sprzedawany na opakowania<\/em><\/strong><\/p>\n<h3><span style=\"color: #ff0000;\">PRZY DODAWANIU DO KOSZYKA, NALE\u017bY DODAWA\u0106 KROTNO\u015a\u0106\u00a0 LICZBY 20- (1 opak)\u00a0 np: 20 ; 40 ; 60 itd<\/span><\/h3>\n<h3><strong>CENA ZA SZTUK\u0118.<\/strong><\/h3>\n<\/div>\n<\/div>\n<\/div>\n<\/div>\n<\/div>\n<\/div>\n","protected":false},"featured_media":1675,"comment_status":"open","ping_status":"closed","template":"","meta":[],"_links":{"self":[{"href":"https:\/\/violmax.pl\/index.php\/wp-json\/wp\/v2\/product\/1673"}],"collection":[{"href":"https:\/\/violmax.pl\/index.php\/wp-json\/wp\/v2\/product"}],"about":[{"href":"https:\/\/violmax.pl\/index.php\/wp-json\/wp\/v2\/types\/product"}],"replies":[{"embeddable":true,"href":"https:\/\/violmax.pl\/index.php\/wp-json\/wp\/v2\/comments?post=1673"}],"wp:featuredmedia":[{"embeddable":true,"href":"https:\/\/violmax.pl\/index.php\/wp-json\/wp\/v2\/media\/1675"}],"wp:attachment":[{"href":"https:\/\/violmax.pl\/index.php\/wp-json\/wp\/v2\/media?parent=1673"}],"curies":[{"name":"wp","href":"https:\/\/api.w.org\/{rel}","templated":true}]}}