{"id":1611,"date":"2019-09-11T15:35:36","date_gmt":"2019-09-11T13:35:36","guid":{"rendered":"http:\/\/violmax.wroclaw.pl\/?post_type=product&#038;p=1611"},"modified":"2025-12-02T13:28:33","modified_gmt":"2025-12-02T12:28:33","slug":"ustron-kufel-do-piwa-szef-500-ml-blacha-szarfa","status":"publish","type":"product","link":"https:\/\/violmax.pl\/index.php\/produkt\/ustron-kufel-do-piwa-szef-500-ml-blacha-szarfa\/","title":{"rendered":"USTRO\u0143, KUFEL DO PIWA &#8220;SZEF&#8221; 0,5 LITRA, BLACHA + SZARFA"},"content":{"rendered":"<p><img loading=\"lazy\" class=\"alignnone size-medium wp-image-1613\" src=\"http:\/\/violmax.pl\/wp-content\/uploads\/2019\/09\/KUFEL-BLACHA-DOCELOWY-296x300.jpg\" alt=\"\" width=\"296\" height=\"300\" \/><\/p>\n<p>&nbsp;<\/p>\n<p>Kufel do piwa SZEF o litra\u017cu 0,5 l. Na kuflu umieszczona jest metalowa ozdoba z motywem charakterystycznym dla Ustronia &#8211; piramid\u0105. Ozdoba jest du\u017ca, razem z szarf\u0105 robi wra\u017cenie. Wygodny kufel do codziennego u\u017cytku lub pami\u0105tka zdobi\u0105ca ka\u017cde wn\u0119trze. Idealna pami\u0105tka z g\u00f3r.<\/p>\n","protected":false},"excerpt":{"rendered":"<div class=\"woocommerce-product-details__short-description\">\n<div class=\"woocommerce-product-details__short-description\">\n<p><img loading=\"lazy\" class=\"alignnone size-full wp-image-5364\" src=\"http:\/\/violmax.pl\/wp-content\/uploads\/2020\/10\/VIOLMAX_POLSKA-3.jpg\" alt=\"\" width=\"300\" height=\"28\" \/><\/p>\n<p>&nbsp;<\/p>\n<p>Kufel do piwa SZEF o litra\u017cu 0,5 l. Na kuflu umieszczona jest metalowa ozdoba z motywem charakterystycznym dla Ustronia &#8211; piramid\u0105. Ozdoba jest du\u017ca, razem z szarf\u0105 robi wra\u017cenie. Wygodny kufel do codziennego u\u017cytku lub pami\u0105tka zdobi\u0105ca ka\u017cde wn\u0119trze. Idealna pami\u0105tka z g\u00f3r.<\/p>\n<p><strong><em>Minimalna ilo\u015b\u0107 zam\u00f3wienia \u2013 6 sztuk (1 opakowanie)<\/em><br \/>\n<\/strong><\/p>\n<p><strong><em>Towar sprzedawany na opakowania<\/em><\/strong><\/p>\n<h3><span style=\"color: #ff0000;\">PRZY DODAWANIU DO KOSZYKA, NALE\u017bY DODAWA\u0106 KROTNO\u015a\u0106\u00a0 LICZBY 6 &#8211; (1 opak)\u00a0 np: 6 ; 12 ; 18 itd<\/span><\/h3>\n<h3><strong>CENA ZA SZTUK\u0118.<\/strong><\/h3>\n<\/div>\n<\/div>\n","protected":false},"featured_media":1613,"comment_status":"open","ping_status":"closed","template":"","meta":[],"_links":{"self":[{"href":"https:\/\/violmax.pl\/index.php\/wp-json\/wp\/v2\/product\/1611"}],"collection":[{"href":"https:\/\/violmax.pl\/index.php\/wp-json\/wp\/v2\/product"}],"about":[{"href":"https:\/\/violmax.pl\/index.php\/wp-json\/wp\/v2\/types\/product"}],"replies":[{"embeddable":true,"href":"https:\/\/violmax.pl\/index.php\/wp-json\/wp\/v2\/comments?post=1611"}],"wp:featuredmedia":[{"embeddable":true,"href":"https:\/\/violmax.pl\/index.php\/wp-json\/wp\/v2\/media\/1613"}],"wp:attachment":[{"href":"https:\/\/violmax.pl\/index.php\/wp-json\/wp\/v2\/media?parent=1611"}],"curies":[{"name":"wp","href":"https:\/\/api.w.org\/{rel}","templated":true}]}}