{"id":1604,"date":"2019-09-11T15:29:45","date_gmt":"2019-09-11T13:29:45","guid":{"rendered":"http:\/\/violmax.wroclaw.pl\/?post_type=product&#038;p=1604"},"modified":"2025-12-02T13:28:33","modified_gmt":"2025-12-02T12:28:33","slug":"ustron-kieliszek-do-wina-375-ml-chata-2-szron","status":"publish","type":"product","link":"https:\/\/violmax.pl\/index.php\/produkt\/ustron-kieliszek-do-wina-375-ml-chata-2-szron\/","title":{"rendered":"USTRO\u0143, KIELISZEK DO WINA &#8220;KROSNO&#8221; 375 ML, CHATA 2 SZRON"},"content":{"rendered":"<p><img loading=\"lazy\" class=\"alignnone size-medium wp-image-1607\" src=\"http:\/\/violmax.pl\/wp-content\/uploads\/2019\/09\/KIELISZEK-WINO-2-DOCELOWY-1-180x300.jpg\" alt=\"\" width=\"180\" height=\"300\" \/><img loading=\"lazy\" class=\"alignnone size-medium wp-image-1606\" src=\"http:\/\/violmax.pl\/wp-content\/uploads\/2019\/09\/KIELISZEK-WINO-1-DOCELOWY-164x300.jpg\" alt=\"\" width=\"164\" height=\"300\" \/><\/p>\n<p>&nbsp;<\/p>\n<p>Kieliszek do wina lub wody o pojemno\u015bci 375 ml. Wykonany z wysokiej jako\u015bci szk\u0142a, bardzo mocny i porz\u0105dny. Kieliszek jest wypiaskowany, co sprawia \u017ce wygl\u0105da jak by by\u0142 zmro\u017cony. Na szkle widnieje napis \u201dUstro\u0144\u201d oraz wypiaskowany jest motyw typowo g\u00f3ralski. Bardzo elegancki pomys\u0142 na prezent. Idealna pami\u0105tka z g\u00f3r.<\/p>\n","protected":false},"excerpt":{"rendered":"<div class=\"woocommerce-product-details__short-description\">\n<p><img loading=\"lazy\" class=\"alignnone size-full wp-image-5364\" src=\"http:\/\/violmax.pl\/wp-content\/uploads\/2020\/10\/VIOLMAX_POLSKA-3.jpg\" alt=\"\" width=\"300\" height=\"28\" \/><\/p>\n<p>&nbsp;<\/p>\n<p>Kieliszek do wina lub wody o pojemno\u015bci 375 ml. Wykonany z wysokiej jako\u015bci szk\u0142a, bardzo mocny i porz\u0105dny. Kieliszek jest wypiaskowany, co sprawia \u017ce wygl\u0105da jak by by\u0142 zmro\u017cony. Na szkle widnieje napis \u201dUstro\u0144\u201d oraz wypiaskowany jest motyw typowo g\u00f3ralski. Bardzo elegancki pomys\u0142 na prezent. Idealna pami\u0105tka z g\u00f3r.<\/p>\n<p><strong><em>Minimalna ilo\u015b\u0107 zam\u00f3wienia \u2013 6 sztuk (1 opakowanie)<\/em><br \/>\n<\/strong><\/p>\n<p><strong><em>Towar sprzedawany na opakowania<\/em><\/strong><\/p>\n<h3><span style=\"color: #ff0000;\">PRZY DODAWANIU DO KOSZYKA, NALE\u017bY DODAWA\u0106 KROTNO\u015a\u0106\u00a0 LICZBY 6 &#8211; (1 opak)\u00a0 np: 6 ; 12 ; 18 itd<\/span><\/h3>\n<h3><strong>CENA ZA SZTUK\u0118.<\/strong><\/h3>\n<\/div>\n","protected":false},"featured_media":1607,"comment_status":"open","ping_status":"closed","template":"","meta":[],"_links":{"self":[{"href":"https:\/\/violmax.pl\/index.php\/wp-json\/wp\/v2\/product\/1604"}],"collection":[{"href":"https:\/\/violmax.pl\/index.php\/wp-json\/wp\/v2\/product"}],"about":[{"href":"https:\/\/violmax.pl\/index.php\/wp-json\/wp\/v2\/types\/product"}],"replies":[{"embeddable":true,"href":"https:\/\/violmax.pl\/index.php\/wp-json\/wp\/v2\/comments?post=1604"}],"wp:featuredmedia":[{"embeddable":true,"href":"https:\/\/violmax.pl\/index.php\/wp-json\/wp\/v2\/media\/1607"}],"wp:attachment":[{"href":"https:\/\/violmax.pl\/index.php\/wp-json\/wp\/v2\/media?parent=1604"}],"curies":[{"name":"wp","href":"https:\/\/api.w.org\/{rel}","templated":true}]}}