{"id":1503,"date":"2019-09-11T13:45:03","date_gmt":"2019-09-11T11:45:03","guid":{"rendered":"http:\/\/violmax.wroclaw.pl\/?post_type=product&#038;p=1503"},"modified":"2025-12-02T13:29:05","modified_gmt":"2025-12-02T12:29:05","slug":"rzeszow-kieliszek-do-wodki-shot-50-ml-ratusz-szron","status":"publish","type":"product","link":"https:\/\/violmax.pl\/index.php\/produkt\/rzeszow-kieliszek-do-wodki-shot-50-ml-ratusz-szron\/","title":{"rendered":"RZESZ\u00d3W, KIELISZEK DO W\u00d3DKA &#8220;SHOT 50&#8221; ML, RATUSZ SZRON"},"content":{"rendered":"<p><img loading=\"lazy\" class=\"alignnone size-medium wp-image-1505\" src=\"http:\/\/violmax.pl\/wp-content\/uploads\/2019\/09\/KIELISZEK-W\u00d3DKA-SZRON-STRONA-2-300x233.jpg\" alt=\"\" width=\"300\" height=\"233\" \/><img loading=\"lazy\" class=\"alignnone size-medium wp-image-1504\" src=\"http:\/\/violmax.pl\/wp-content\/uploads\/2019\/09\/KIELISZEK-W\u00d3DKA-SZRON-STRONA-1-300x291.jpg\" alt=\"\" width=\"300\" height=\"291\" \/><\/p>\n<p>&nbsp;<\/p>\n<p>Kieliszek do w\u00f3dki o pojemno\u015bci 50 ml. Ca\u0142y kieliszek zosta\u0142 wypiaskowany.Widzimy na nim motyw charakterystyczny dla Rzeszowa oraz wypiaskowan\u0105 nazw\u0119 miasta. Kieliszek pomimo ma\u0142ego rozmiaru robi ogromne wra\u017cenie.Po\u0142\u0105czenie praktycznej rzeczy z oryginaln\u0105 pami\u0105tk\u0105 i ozdob\u0105 np w kuchennej szafce czy eleganckim barku, w salonie. Idealna pami\u0105tka z Rzeszowa.<\/p>\n","protected":false},"excerpt":{"rendered":"<div class=\"woocommerce-product-details__short-description\">\n<p><img loading=\"lazy\" class=\"alignnone size-full wp-image-5364\" src=\"http:\/\/violmax.pl\/wp-content\/uploads\/2020\/10\/VIOLMAX_POLSKA-3.jpg\" alt=\"\" width=\"300\" height=\"28\" \/><\/p>\n<p>&nbsp;<\/p>\n<p>Kieliszek do w\u00f3dki o pojemno\u015bci 50 ml. Ca\u0142y kieliszek zosta\u0142 wypiaskowany.Widzimy na nim motyw charakterystyczny dla Rzeszowa oraz wypiaskowan\u0105 nazw\u0119 miasta. Kieliszek pomimo ma\u0142ego rozmiaru robi ogromne wra\u017cenie.Po\u0142\u0105czenie praktycznej rzeczy z oryginaln\u0105 pami\u0105tk\u0105 i ozdob\u0105 np w kuchennej szafce czy eleganckim barku, w salonie. Idealna pami\u0105tka z Rzeszowa.<\/p>\n<p><strong><em>Minimalna ilo\u015b\u0107 zam\u00f3wienia \u2013 6 sztuk (1 opakowanie)<\/em><br \/>\n<\/strong><\/p>\n<p><strong><em>Towar sprzedawany na opakowania<\/em><\/strong><\/p>\n<h3><span style=\"color: #ff0000;\">PRZY DODAWANIU DO KOSZYKA, NALE\u017bY DODAWA\u0106 KROTNO\u015a\u0106\u00a0 LICZBY 6 &#8211; (1 opak)\u00a0 np: 6 ; 12 ; 18 itd<\/span><\/h3>\n<h3><strong>CENA ZA SZTUK\u0118.<\/strong><\/h3>\n<\/div>\n","protected":false},"featured_media":1505,"comment_status":"open","ping_status":"closed","template":"","meta":[],"_links":{"self":[{"href":"https:\/\/violmax.pl\/index.php\/wp-json\/wp\/v2\/product\/1503"}],"collection":[{"href":"https:\/\/violmax.pl\/index.php\/wp-json\/wp\/v2\/product"}],"about":[{"href":"https:\/\/violmax.pl\/index.php\/wp-json\/wp\/v2\/types\/product"}],"replies":[{"embeddable":true,"href":"https:\/\/violmax.pl\/index.php\/wp-json\/wp\/v2\/comments?post=1503"}],"wp:featuredmedia":[{"embeddable":true,"href":"https:\/\/violmax.pl\/index.php\/wp-json\/wp\/v2\/media\/1505"}],"wp:attachment":[{"href":"https:\/\/violmax.pl\/index.php\/wp-json\/wp\/v2\/media?parent=1503"}],"curies":[{"name":"wp","href":"https:\/\/api.w.org\/{rel}","templated":true}]}}