{"id":1497,"date":"2019-09-11T13:37:30","date_gmt":"2019-09-11T11:37:30","guid":{"rendered":"http:\/\/violmax.wroclaw.pl\/?post_type=product&#038;p=1497"},"modified":"2025-12-02T13:29:06","modified_gmt":"2025-12-02T12:29:06","slug":"rzeszow-kieliszek-do-wodki-stopka-50-ml-szron-blaszka","status":"publish","type":"product","link":"https:\/\/violmax.pl\/index.php\/produkt\/rzeszow-kieliszek-do-wodki-stopka-50-ml-szron-blaszka\/","title":{"rendered":"RZESZ\u00d3W, KIELISZEK DO W\u00d3DKI &#8220;STOPKA 50&#8221; ML, SZRON + BLASZKA"},"content":{"rendered":"<p><img loading=\"lazy\" class=\"alignnone size-medium wp-image-1499\" src=\"http:\/\/violmax.pl\/wp-content\/uploads\/2019\/09\/KIELISZEK-W\u00d3DKA-SZRON-I-BLASZKA-STOPKA-231x300.jpg\" alt=\"\" width=\"231\" height=\"300\" \/><\/p>\n<p>&nbsp;<\/p>\n<p>Kieliszek do w\u00f3dki o pojemno\u015bci 50ml na stopce. Kieliszek jest pi\u0119knie oszroniony do po\u0142owy \u2013 na samym \u015brodku umieszczona zosta\u0142a metalowa ozdoba \u2013 motyw typowy dla Rzeszowa. Takie pami\u0105tki zawsze robi\u0105 wra\u017cenie. Po\u0142\u0105czenie praktycznej rzeczy z oryginaln\u0105 pami\u0105tk\u0105 i ozdob\u0105 np w kuchennej szafce czy eleganckim barku, w salonie.Idealna pami\u0105tka z Rzeszowa, \u015bwietny prezent dla ka\u017cdego.<\/p>\n","protected":false},"excerpt":{"rendered":"<p><img loading=\"lazy\" class=\"alignnone size-full wp-image-5364\" src=\"http:\/\/violmax.pl\/wp-content\/uploads\/2020\/10\/VIOLMAX_POLSKA-3.jpg\" alt=\"\" width=\"300\" height=\"28\" \/><\/p>\n<p>&nbsp;<\/p>\n<p>Kieliszek do w\u00f3dki o pojemno\u015bci 50ml na stopce. Kieliszek jest pi\u0119knie oszroniony do po\u0142owy \u2013 na samym \u015brodku umieszczona zosta\u0142a metalowa ozdoba \u2013 motyw typowy dla Rzeszowa. Takie pami\u0105tki zawsze robi\u0105 wra\u017cenie. Po\u0142\u0105czenie praktycznej rzeczy z oryginaln\u0105 pami\u0105tk\u0105 i ozdob\u0105 np w kuchennej szafce czy eleganckim barku, w salonie.Idealna pami\u0105tka z Rzeszowa, \u015bwietny prezent dla ka\u017cdego.<\/p>\n<p><strong><em>Minimalna ilo\u015b\u0107 zam\u00f3wienia \u2013 6 sztuk (1 opakowanie)<\/em><br \/>\n<\/strong><\/p>\n<p><strong><em>Towar sprzedawany na opakowania<\/em><\/strong><\/p>\n<h3><span style=\"color: #ff0000;\">PRZY DODAWANIU DO KOSZYKA, NALE\u017bY DODAWA\u0106 KROTNO\u015a\u0106\u00a0 LICZBY 6 &#8211; (1 opak)\u00a0 np: 6 ; 12 ; 18 itd<\/span><\/h3>\n<h3><strong>CENA ZA SZTUK\u0118.<\/strong><\/h3>\n","protected":false},"featured_media":1499,"comment_status":"open","ping_status":"closed","template":"","meta":[],"_links":{"self":[{"href":"https:\/\/violmax.pl\/index.php\/wp-json\/wp\/v2\/product\/1497"}],"collection":[{"href":"https:\/\/violmax.pl\/index.php\/wp-json\/wp\/v2\/product"}],"about":[{"href":"https:\/\/violmax.pl\/index.php\/wp-json\/wp\/v2\/types\/product"}],"replies":[{"embeddable":true,"href":"https:\/\/violmax.pl\/index.php\/wp-json\/wp\/v2\/comments?post=1497"}],"wp:featuredmedia":[{"embeddable":true,"href":"https:\/\/violmax.pl\/index.php\/wp-json\/wp\/v2\/media\/1499"}],"wp:attachment":[{"href":"https:\/\/violmax.pl\/index.php\/wp-json\/wp\/v2\/media?parent=1497"}],"curies":[{"name":"wp","href":"https:\/\/api.w.org\/{rel}","templated":true}]}}