{"id":1485,"date":"2019-09-11T13:17:11","date_gmt":"2019-09-11T11:17:11","guid":{"rendered":"http:\/\/violmax.wroclaw.pl\/?post_type=product&#038;p=1485"},"modified":"2025-12-02T13:29:06","modified_gmt":"2025-12-02T12:29:06","slug":"rzeszow-kubek-apollo-350-ml-ratusz-szron","status":"publish","type":"product","link":"https:\/\/violmax.pl\/index.php\/produkt\/rzeszow-kubek-apollo-350-ml-ratusz-szron\/","title":{"rendered":"RZESZ\u00d3W, KUBEK &#8220;APOLLO&#8221; 350 ML, RATUSZ SZRON"},"content":{"rendered":"<p><img loading=\"lazy\" class=\"alignnone size-medium wp-image-1488\" src=\"http:\/\/violmax.pl\/wp-content\/uploads\/2019\/09\/APOLLO-STRONA-2-1-300x217.jpg\" alt=\"\" width=\"300\" height=\"217\" \/><img loading=\"lazy\" class=\"alignnone size-medium wp-image-1487\" src=\"http:\/\/violmax.pl\/wp-content\/uploads\/2019\/09\/APOLLO-STRONA-1-1-300x207.jpg\" alt=\"\" width=\"300\" height=\"207\" \/><\/p>\n<p>&nbsp;<\/p>\n<p>Kubek o pojemno\u015bci 350 ml o ciekawym kszta\u0142cie (niski z uchem). Nadaje si\u0119 generalnie do ka\u017cdego rodzaju napoj\u00f3w (woda,soki,herbata,napoje gor\u0105ce). Pi\u0119kne zdobienia Rzeszowskiego Ratusza\u2013 wypiaskowane dodaj\u0105 kubkowi niepowtarzalnego uroku.Na kubku wypiaskowana jest tak\u017ce nazwa miejscowo\u015bci \u201dRzesz\u00f3w\u201d. Ka\u017cdy szczeg\u00f3\u0142 wykonany jest z precyzyjn\u0105 dok\u0142adno\u015bci\u0105. Na pami\u0105tce wida\u0107 nawet najmniejsze elementy dzi\u0119ki czemu zwyk\u0142y kubek nabra\u0142 oryginalnego wygl\u0105du. Idealna pami\u0105tka z Rzeszowa.<\/p>\n","protected":false},"excerpt":{"rendered":"<div class=\"woocommerce-product-details__short-description\">\n<div class=\"woocommerce-product-details__short-description\">\n<p><img loading=\"lazy\" class=\"alignnone size-full wp-image-5364\" src=\"http:\/\/violmax.pl\/wp-content\/uploads\/2020\/10\/VIOLMAX_POLSKA-3.jpg\" alt=\"\" width=\"300\" height=\"28\" \/><\/p>\n<p>&nbsp;<\/p>\n<p>Kubek o pojemno\u015bci 350 ml o ciekawym kszta\u0142cie (niski z uchem). Nadaje si\u0119 generalnie do ka\u017cdego rodzaju napoj\u00f3w (woda,soki,herbata,napoje gor\u0105ce). Pi\u0119kne zdobienia Rzeszowskiego Ratusza\u2013 wypiaskowane dodaj\u0105 kubkowi niepowtarzalnego uroku.Na kubku wypiaskowana jest tak\u017ce nazwa miejscowo\u015bci \u201dRzesz\u00f3w\u201d. Ka\u017cdy szczeg\u00f3\u0142 wykonany jest z precyzyjn\u0105 dok\u0142adno\u015bci\u0105. Na pami\u0105tce wida\u0107 nawet najmniejsze elementy dzi\u0119ki czemu zwyk\u0142y kubek nabra\u0142 oryginalnego wygl\u0105du. Idealna pami\u0105tka z Rzeszowa.<\/p>\n<p><strong><em>Minimalna ilo\u015b\u0107 zam\u00f3wienia &#8211; 9 szt (1 opakowanie)<\/em><br \/>\n<\/strong><\/p>\n<p><strong><em>Towar sprzedawany na opakowania<\/em><\/strong><\/p>\n<h3><span style=\"color: #ff0000;\">PRZY DODAWANIU DO KOSZYKA, NALE\u017bY DODAWA\u0106 KROTNO\u015a\u0106\u00a0 LICZBY 9 &#8211; (1 opak)\u00a0 np: 9 ; 18 ; 27 itd<\/span><\/h3>\n<h3><strong>CENA ZA SZTUK\u0118.<\/strong><\/h3>\n<\/div>\n<\/div>\n","protected":false},"featured_media":1488,"comment_status":"open","ping_status":"closed","template":"","meta":[],"_links":{"self":[{"href":"https:\/\/violmax.pl\/index.php\/wp-json\/wp\/v2\/product\/1485"}],"collection":[{"href":"https:\/\/violmax.pl\/index.php\/wp-json\/wp\/v2\/product"}],"about":[{"href":"https:\/\/violmax.pl\/index.php\/wp-json\/wp\/v2\/types\/product"}],"replies":[{"embeddable":true,"href":"https:\/\/violmax.pl\/index.php\/wp-json\/wp\/v2\/comments?post=1485"}],"wp:featuredmedia":[{"embeddable":true,"href":"https:\/\/violmax.pl\/index.php\/wp-json\/wp\/v2\/media\/1488"}],"wp:attachment":[{"href":"https:\/\/violmax.pl\/index.php\/wp-json\/wp\/v2\/media?parent=1485"}],"curies":[{"name":"wp","href":"https:\/\/api.w.org\/{rel}","templated":true}]}}