{"id":1452,"date":"2019-09-11T12:00:56","date_gmt":"2019-09-11T10:00:56","guid":{"rendered":"http:\/\/violmax.wroclaw.pl\/?post_type=product&#038;p=1452"},"modified":"2025-12-02T13:29:08","modified_gmt":"2025-12-02T12:29:08","slug":"solina-kufel-do-piwa-miodzio-500-ml-blacha-zapora","status":"publish","type":"product","link":"https:\/\/violmax.pl\/index.php\/produkt\/solina-kufel-do-piwa-miodzio-500-ml-blacha-zapora\/","title":{"rendered":"SOLINA, KUFEL DO PIWA &#8220;MIODZIO 2&#8221; 0,5 LITRA, BLACHA ZAPORA"},"content":{"rendered":"<p>&nbsp;<\/p>\n<p><img loading=\"lazy\" class=\"alignnone size-medium wp-image-3754\" src=\"http:\/\/violmax.pl\/wp-content\/uploads\/2020\/05\/SOLINA_KUFEL_DO_PIWA_MIODZIO_500_ML_ZAPORA_BLACHA-250x300.jpg\" alt=\"\" width=\"250\" height=\"300\" srcset=\"https:\/\/violmax.pl\/wp-content\/uploads\/2020\/05\/SOLINA_KUFEL_DO_PIWA_MIODZIO_500_ML_ZAPORA_BLACHA-250x300.jpg 250w, https:\/\/violmax.pl\/wp-content\/uploads\/2020\/05\/SOLINA_KUFEL_DO_PIWA_MIODZIO_500_ML_ZAPORA_BLACHA-680x816.jpg 680w, https:\/\/violmax.pl\/wp-content\/uploads\/2020\/05\/SOLINA_KUFEL_DO_PIWA_MIODZIO_500_ML_ZAPORA_BLACHA.jpg 750w\" sizes=\"(max-width: 250px) 100vw, 250px\" \/><\/p>\n<p>Kufel do piwa \u201dMiodzio\u201d o litra\u017cu 0,5 litra. Na kuflu s\u0105 wy\u017c\u0142obione charakterystyczne dla \u201dmiodzia\u201d p\u0142aty w szkle. Na \u015brodku kufla widzimy metalow\u0105 blach\u0119 z motywem typowym dla Soliny. Klasyczny, wygodny kufel, kt\u00f3ry sprawdzi si\u0119 u ka\u017cdego. Idealna pami\u0105tka z Soliny.<\/p>\n<p>&nbsp;<\/p>\n","protected":false},"excerpt":{"rendered":"<div class=\"woocommerce-product-details__short-description\">\n<div class=\"woocommerce-product-details__short-description\">\n<div class=\"woocommerce-product-details__short-description\">\n<p><img loading=\"lazy\" class=\"alignnone size-medium wp-image-4074\" src=\"http:\/\/violmax.pl\/wp-content\/uploads\/2020\/05\/VIOLMAX_POLSKA-11-300x28.jpg\" alt=\"\" width=\"300\" height=\"28\" \/><\/p>\n<p>&nbsp;<\/p>\n<p>Kufel do piwa \u201dMiodzio\u201d o litra\u017cu 0,5 litra. Na kuflu s\u0105 wy\u017c\u0142obione charakterystyczne dla \u201dmiodzia\u201d p\u0142aty w szkle. Na \u015brodku kufla widzimy metalow\u0105 blach\u0119 z motywem typowym dla Soliny. Klasyczny, wygodny kufel, kt\u00f3ry sprawdzi si\u0119 u ka\u017cdego. Idealna pami\u0105tka z Soliny.<\/p>\n<p><strong><em>Minimalna ilo\u015b\u0107 zam\u00f3wienia \u2013 6 sztuk (1 opakowanie)<\/em><br \/>\n<\/strong><\/p>\n<p><strong><em>Towar sprzedawany na opakowania<\/em><\/strong><\/p>\n<h3><span style=\"color: #ff0000;\">PRZY DODAWANIU DO KOSZYKA, NALE\u017bY DODAWA\u0106 KROTNO\u015a\u0106\u00a0 LICZBY 6 &#8211; (1 opak)\u00a0 np: 6 ; 12 ; 18 itd<\/span><\/h3>\n<h3><strong>CENA ZA SZTUK\u0118.<\/strong><\/h3>\n<\/div>\n<\/div>\n<\/div>\n","protected":false},"featured_media":3754,"comment_status":"open","ping_status":"closed","template":"","meta":[],"_links":{"self":[{"href":"https:\/\/violmax.pl\/index.php\/wp-json\/wp\/v2\/product\/1452"}],"collection":[{"href":"https:\/\/violmax.pl\/index.php\/wp-json\/wp\/v2\/product"}],"about":[{"href":"https:\/\/violmax.pl\/index.php\/wp-json\/wp\/v2\/types\/product"}],"replies":[{"embeddable":true,"href":"https:\/\/violmax.pl\/index.php\/wp-json\/wp\/v2\/comments?post=1452"}],"wp:featuredmedia":[{"embeddable":true,"href":"https:\/\/violmax.pl\/index.php\/wp-json\/wp\/v2\/media\/3754"}],"wp:attachment":[{"href":"https:\/\/violmax.pl\/index.php\/wp-json\/wp\/v2\/media?parent=1452"}],"curies":[{"name":"wp","href":"https:\/\/api.w.org\/{rel}","templated":true}]}}