{"id":1448,"date":"2019-09-11T11:58:04","date_gmt":"2019-09-11T09:58:04","guid":{"rendered":"http:\/\/violmax.wroclaw.pl\/?post_type=product&#038;p=1448"},"modified":"2025-12-02T13:29:08","modified_gmt":"2025-12-02T12:29:08","slug":"solina-kubek-kubas-400-ml-zapora-szron","status":"publish","type":"product","link":"https:\/\/violmax.pl\/index.php\/produkt\/solina-kubek-kubas-400-ml-zapora-szron\/","title":{"rendered":"SOLINA, KUBEK \u201dKUBAS\u201d 400 ml, ZAPORA SZRON"},"content":{"rendered":"<p><img loading=\"lazy\" class=\"alignnone size-medium wp-image-3220\" src=\"http:\/\/violmax.pl\/wp-content\/uploads\/2020\/04\/SOLINA_KUBEK_KUBAS_400_ML_SZRON_ZAPORA-300x250.jpg\" alt=\"\" width=\"300\" height=\"250\" srcset=\"https:\/\/violmax.pl\/wp-content\/uploads\/2020\/04\/SOLINA_KUBEK_KUBAS_400_ML_SZRON_ZAPORA-300x250.jpg 300w, https:\/\/violmax.pl\/wp-content\/uploads\/2020\/04\/SOLINA_KUBEK_KUBAS_400_ML_SZRON_ZAPORA-768x640.jpg 768w, https:\/\/violmax.pl\/wp-content\/uploads\/2020\/04\/SOLINA_KUBEK_KUBAS_400_ML_SZRON_ZAPORA-680x566.jpg 680w, https:\/\/violmax.pl\/wp-content\/uploads\/2020\/04\/SOLINA_KUBEK_KUBAS_400_ML_SZRON_ZAPORA.jpg 1000w\" sizes=\"(max-width: 300px) 100vw, 300px\" \/><\/p>\n<p>Kubek \u201dKubas\u201d to kubek w oryginalnym kszta\u0142cie o pojemno\u015bci 400 ml z uchem. Zosta\u0142 precyzyjnie wypiaskowany. Bardzo wygodny, pojemny kubek, kt\u00f3ry nada si\u0119 praktycznie do ka\u017cdego rodzaju napoj\u00f3w\/trunk\u00f3w.Idealna pami\u0105tka z Soliny. Nadaje si\u0119 do mycia w zmywarce.<\/p>\n","protected":false},"excerpt":{"rendered":"<div class=\"woocommerce-product-details__short-description\">\n<div class=\"woocommerce-product-details__short-description\">\n<div class=\"woocommerce-product-details__short-description\">\n<p><img loading=\"lazy\" class=\"alignnone size-medium wp-image-4074\" src=\"http:\/\/violmax.pl\/wp-content\/uploads\/2020\/05\/VIOLMAX_POLSKA-11-300x28.jpg\" alt=\"\" width=\"300\" height=\"28\" \/><\/p>\n<p>&nbsp;<\/p>\n<p>Kubek \u201dKubas\u201d to kubek w oryginalnym kszta\u0142cie o pojemno\u015bci 400 ml z uchem. Zosta\u0142 precyzyjnie wypiaskowany. Bardzo wygodny, pojemny kubek, kt\u00f3ry nada si\u0119 praktycznie do ka\u017cdego rodzaju napoj\u00f3w\/trunk\u00f3w.Idealna pami\u0105tka z Soliny. Nadaje si\u0119 do mycia w zmywarce.<\/p>\n<p><strong><em>Minimalna ilo\u015b\u0107 zam\u00f3wienia \u2013 6 sztuk (1 opakowanie)<\/em><br \/>\n<\/strong><\/p>\n<p><strong><em>Towar sprzedawany na opakowania<\/em><\/strong><\/p>\n<h3><span style=\"color: #ff0000;\">PRZY DODAWANIU DO KOSZYKA, NALE\u017bY DODAWA\u0106 KROTNO\u015a\u0106\u00a0 LICZBY 6 &#8211; (1 opak)\u00a0 np: 6 ; 12 ; 18 itd<\/span><\/h3>\n<h3><strong>CENA ZA SZTUK\u0118.<\/strong><\/h3>\n<\/div>\n<\/div>\n<\/div>\n","protected":false},"featured_media":3220,"comment_status":"open","ping_status":"closed","template":"","meta":[],"_links":{"self":[{"href":"https:\/\/violmax.pl\/index.php\/wp-json\/wp\/v2\/product\/1448"}],"collection":[{"href":"https:\/\/violmax.pl\/index.php\/wp-json\/wp\/v2\/product"}],"about":[{"href":"https:\/\/violmax.pl\/index.php\/wp-json\/wp\/v2\/types\/product"}],"replies":[{"embeddable":true,"href":"https:\/\/violmax.pl\/index.php\/wp-json\/wp\/v2\/comments?post=1448"}],"wp:featuredmedia":[{"embeddable":true,"href":"https:\/\/violmax.pl\/index.php\/wp-json\/wp\/v2\/media\/3220"}],"wp:attachment":[{"href":"https:\/\/violmax.pl\/index.php\/wp-json\/wp\/v2\/media?parent=1448"}],"curies":[{"name":"wp","href":"https:\/\/api.w.org\/{rel}","templated":true}]}}