{"id":1433,"date":"2019-09-11T10:59:38","date_gmt":"2019-09-11T08:59:38","guid":{"rendered":"http:\/\/violmax.wroclaw.pl\/?post_type=product&#038;p=1433"},"modified":"2025-12-02T13:29:09","modified_gmt":"2025-12-02T12:29:09","slug":"bieszczady-szklanka-do-piwa-05-litra-wilk-na-skale-szron","status":"publish","type":"product","link":"https:\/\/violmax.pl\/index.php\/produkt\/bieszczady-szklanka-do-piwa-05-litra-wilk-na-skale-szron\/","title":{"rendered":"BIESZCZADY, SZKLANKA DO PIWA &#8220;KROSNO&#8221; 0,5 LITRA, WILK NA SKALE SZRON"},"content":{"rendered":"<p><img loading=\"lazy\" class=\"alignnone size-medium wp-image-7330\" src=\"http:\/\/violmax.pl\/wp-content\/uploads\/2021\/03\/Bieszczady_szklanka_do_piwa_500_ml_wilk_na_skale_szron-300x300.png\" alt=\"\" width=\"300\" height=\"300\" srcset=\"https:\/\/violmax.pl\/wp-content\/uploads\/2021\/03\/Bieszczady_szklanka_do_piwa_500_ml_wilk_na_skale_szron-300x300.png 300w, https:\/\/violmax.pl\/wp-content\/uploads\/2021\/03\/Bieszczady_szklanka_do_piwa_500_ml_wilk_na_skale_szron-150x150.png 150w, https:\/\/violmax.pl\/wp-content\/uploads\/2021\/03\/Bieszczady_szklanka_do_piwa_500_ml_wilk_na_skale_szron-768x768.png 768w, https:\/\/violmax.pl\/wp-content\/uploads\/2021\/03\/Bieszczady_szklanka_do_piwa_500_ml_wilk_na_skale_szron-680x680.png 680w, https:\/\/violmax.pl\/wp-content\/uploads\/2021\/03\/Bieszczady_szklanka_do_piwa_500_ml_wilk_na_skale_szron-100x100.png 100w, https:\/\/violmax.pl\/wp-content\/uploads\/2021\/03\/Bieszczady_szklanka_do_piwa_500_ml_wilk_na_skale_szron.png 900w\" sizes=\"(max-width: 300px) 100vw, 300px\" \/><\/p>\n<p>Szklanka do piwa o pojemno\u015bci 0,5 litra z wypiaskowanym motywem wilka na skale, charakterystycznym dla Bieszczad oraz do po\u0142owy w szronie. Na szklance widnieje napis \u201dBieszczady\u201d. Zwyk\u0142a szklanka dzi\u0119ki precyzyjnemu piaskowaniu nabra\u0142a oryginalno\u015bci. Idealna pami\u0105tka z g\u00f3r. Nadaje si\u0119 do mycia w zmywarce.<\/p>\n<p>Istnieje mo\u017cliwo\u015b\u0107 zdobienia w innym wzorze, pod zam\u00f3wienie klienta.<\/p>\n","protected":false},"excerpt":{"rendered":"<div class=\"woocommerce-product-details__short-description\">\n<div class=\"woocommerce-product-details__short-description\">\n<div class=\"woocommerce-product-details__short-description\">\n<div class=\"woocommerce-product-details__short-description\">\n<div class=\"woocommerce-product-details__short-description\">\n<p><img loading=\"lazy\" class=\"alignnone size-medium wp-image-3492\" src=\"http:\/\/violmax.pl\/wp-content\/uploads\/2020\/05\/VIOLMAX_POLSKA-300x28.jpg\" alt=\"\" width=\"300\" height=\"28\" \/><\/p>\n<p>&nbsp;<\/p>\n<p>Szklanka do piwa o pojemno\u015bci 0,5 litra z wypiaskowanym motywem wilka na skale, charakterystycznym dla Bieszczad oraz do po\u0142owy w szronie. Na szklance widnieje napis \u201dBieszczady\u201d. Zwyk\u0142a szklanka dzi\u0119ki precyzyjnemu piaskowaniu nabra\u0142a oryginalno\u015bci. Idealna pami\u0105tka z g\u00f3r. Nadaje si\u0119 do mycia w zmywarce.<\/p>\n<p>Istnieje mo\u017cliwo\u015b\u0107 zdobienia w innym wzorze, pod zam\u00f3wienie klienta.<\/p>\n<p><strong><em>Minimalna ilo\u015b\u0107 zam\u00f3wienia \u2013 6 sztuk (1 opakowanie)<\/em><br \/>\n<\/strong><\/p>\n<p><strong><em>Towar sprzedawany na opakowania<\/em><\/strong><\/p>\n<h3><span style=\"color: #ff0000;\">PRZY DODAWANIU DO KOSZYKA, NALE\u017bY DODAWA\u0106 KROTNO\u015a\u0106\u00a0 LICZBY 6 &#8211; (1 opak)\u00a0 np: 6 ; 12 ; 18 itd<\/span><\/h3>\n<h3><strong>CENA ZA SZTUK\u0118.<\/strong><\/h3>\n<\/div>\n<\/div>\n<\/div>\n<\/div>\n<\/div>\n","protected":false},"featured_media":7330,"comment_status":"open","ping_status":"closed","template":"","meta":[],"_links":{"self":[{"href":"https:\/\/violmax.pl\/index.php\/wp-json\/wp\/v2\/product\/1433"}],"collection":[{"href":"https:\/\/violmax.pl\/index.php\/wp-json\/wp\/v2\/product"}],"about":[{"href":"https:\/\/violmax.pl\/index.php\/wp-json\/wp\/v2\/types\/product"}],"replies":[{"embeddable":true,"href":"https:\/\/violmax.pl\/index.php\/wp-json\/wp\/v2\/comments?post=1433"}],"wp:featuredmedia":[{"embeddable":true,"href":"https:\/\/violmax.pl\/index.php\/wp-json\/wp\/v2\/media\/7330"}],"wp:attachment":[{"href":"https:\/\/violmax.pl\/index.php\/wp-json\/wp\/v2\/media?parent=1433"}],"curies":[{"name":"wp","href":"https:\/\/api.w.org\/{rel}","templated":true}]}}