{"id":1413,"date":"2019-09-11T10:03:35","date_gmt":"2019-09-11T08:03:35","guid":{"rendered":"http:\/\/violmax.wroclaw.pl\/?post_type=product&#038;p=1413"},"modified":"2025-12-02T13:29:10","modified_gmt":"2025-12-02T12:29:10","slug":"bieszczady-mini-kufelek-blaszka","status":"publish","type":"product","link":"https:\/\/violmax.pl\/index.php\/produkt\/bieszczady-mini-kufelek-blaszka\/","title":{"rendered":"BIESZCZADY, MINI KUFELEK DO W\u00d3DKI &#8220;RYSIO 30&#8221; ML. BLASZKA"},"content":{"rendered":"<p><img loading=\"lazy\" class=\"alignnone size-medium wp-image-1415\" src=\"http:\/\/violmax.pl\/wp-content\/uploads\/2019\/09\/KUFELEK-MA\u0141Y-BLASZKA--300x242.jpg\" alt=\"\" width=\"300\" height=\"242\" srcset=\"https:\/\/violmax.pl\/wp-content\/uploads\/2019\/09\/KUFELEK-MA\u0141Y-BLASZKA--300x242.jpg 300w, https:\/\/violmax.pl\/wp-content\/uploads\/2019\/09\/KUFELEK-MA\u0141Y-BLASZKA--768x621.jpg 768w, https:\/\/violmax.pl\/wp-content\/uploads\/2019\/09\/KUFELEK-MA\u0141Y-BLASZKA--1024x827.jpg 1024w, https:\/\/violmax.pl\/wp-content\/uploads\/2019\/09\/KUFELEK-MA\u0141Y-BLASZKA--680x549.jpg 680w\" sizes=\"(max-width: 300px) 100vw, 300px\" \/><\/p>\n<p>Urocze, szklane mini kufelki\u00a0 z metalowym motywem. Na ka\u017cdym kufelku umieszczone zosta\u0142y ma\u0142e, metalowe blaszki z motywami typowymi dla Bieszczad. Mini kufelki to wdzi\u0119czna pami\u0105tka, kt\u00f3ra mo\u017ce s\u0142u\u017cy\u0107 jako ozdoba generalnie wsz\u0119dzie. Mo\u017ce si\u0119 tak\u017ce przyda\u0107 w podr\u00f3\u017cy, na spacerach \u2013 zawieszona na szyi jako malutki kubeczek do wody, lub czego\u015b mocniejszego \ud83d\ude42<\/p>\n","protected":false},"excerpt":{"rendered":"<div class=\"woocommerce-product-details__short-description\">\n<p><img loading=\"lazy\" class=\"alignnone size-medium wp-image-3492\" src=\"http:\/\/violmax.pl\/wp-content\/uploads\/2020\/05\/VIOLMAX_POLSKA-300x28.jpg\" alt=\"\" width=\"300\" height=\"28\" \/><\/p>\n<p>&nbsp;<\/p>\n<p>Urocze, szklane mini kufelki\u00a0 z metalowym motywem. Na ka\u017cdym kufelku umieszczone zosta\u0142y ma\u0142e, metalowe blaszki z motywami typowymi dla Bieszczad. Mini kufelki to wdzi\u0119czna pami\u0105tka, kt\u00f3ra mo\u017ce s\u0142u\u017cy\u0107 jako ozdoba generalnie wsz\u0119dzie. Mo\u017ce si\u0119 tak\u017ce przyda\u0107 w podr\u00f3\u017cy, na spacerach \u2013 zawieszona na szyi jako malutki kubeczek do wody, lub czego\u015b mocniejszego \ud83d\ude42<\/p>\n<p><strong><em>Minimalna ilo\u015b\u0107 zam\u00f3wienia \u2013 6 sztuk (1 opakowanie)<\/em><br \/>\n<\/strong><\/p>\n<p><strong><em>Towar sprzedawany na opakowania<\/em><\/strong><\/p>\n<h3><span style=\"color: #ff0000;\">PRZY DODAWANIU DO KOSZYKA, NALE\u017bY DODAWA\u0106 KROTNO\u015a\u0106\u00a0 LICZBY 6 &#8211; (1 opak)\u00a0 np: 6 ; 12 ; 18 itd<\/span><\/h3>\n<h3><strong>CENA ZA SZTUK\u0118.<\/strong><\/h3>\n<\/div>\n","protected":false},"featured_media":1415,"comment_status":"open","ping_status":"closed","template":"","meta":[],"_links":{"self":[{"href":"https:\/\/violmax.pl\/index.php\/wp-json\/wp\/v2\/product\/1413"}],"collection":[{"href":"https:\/\/violmax.pl\/index.php\/wp-json\/wp\/v2\/product"}],"about":[{"href":"https:\/\/violmax.pl\/index.php\/wp-json\/wp\/v2\/types\/product"}],"replies":[{"embeddable":true,"href":"https:\/\/violmax.pl\/index.php\/wp-json\/wp\/v2\/comments?post=1413"}],"wp:featuredmedia":[{"embeddable":true,"href":"https:\/\/violmax.pl\/index.php\/wp-json\/wp\/v2\/media\/1415"}],"wp:attachment":[{"href":"https:\/\/violmax.pl\/index.php\/wp-json\/wp\/v2\/media?parent=1413"}],"curies":[{"name":"wp","href":"https:\/\/api.w.org\/{rel}","templated":true}]}}