{"id":1394,"date":"2019-09-11T09:34:45","date_gmt":"2019-09-11T07:34:45","guid":{"rendered":"http:\/\/violmax.wroclaw.pl\/?post_type=product&#038;p=1394"},"modified":"2025-12-02T13:29:11","modified_gmt":"2025-12-02T12:29:11","slug":"bieszczady_karafka-075-litra-wilk-szron","status":"publish","type":"product","link":"https:\/\/violmax.pl\/index.php\/produkt\/bieszczady_karafka-075-litra-wilk-szron\/","title":{"rendered":"BIESZCZADY, KARAFKA &#8220;\u0141AMANA&#8221; 0,75 LITRA, BIESZCZADY SZRON"},"content":{"rendered":"<p><img loading=\"lazy\" class=\"alignnone size-medium wp-image-2462\" src=\"http:\/\/violmax.pl\/wp-content\/uploads\/2019\/09\/BIESZCZADY_KARAFKA_750_ML_SZRON_WILK-175x300.jpg\" alt=\"\" width=\"175\" height=\"300\" srcset=\"https:\/\/violmax.pl\/wp-content\/uploads\/2019\/09\/BIESZCZADY_KARAFKA_750_ML_SZRON_WILK-175x300.jpg 175w, https:\/\/violmax.pl\/wp-content\/uploads\/2019\/09\/BIESZCZADY_KARAFKA_750_ML_SZRON_WILK.jpg 583w\" sizes=\"(max-width: 175px) 100vw, 175px\" \/><\/p>\n<p>Karafka o litra\u017cu 0,75 litra \u2013 wypiaskowane motywy typowe dla Bieszczad (dwustronnie). Karafka mo\u017ce s\u0142u\u017cy\u0107 jako nietuzinkowy, szklany prezent lub ozdobny flakon na nalewki, wina, koniaki. Pi\u0119kna, okaza\u0142a ( 26 cm wysoko\u015bci ) pami\u0105tka z Bieszczad, kt\u00f3ra zachwyci ka\u017cdego.Idealna pami\u0105tka z g\u00f3r. Nadaje si\u0119 do mycia w zmywarce.<\/p>\n","protected":false},"excerpt":{"rendered":"<div class=\"woocommerce-product-details__short-description\">\n<p><img loading=\"lazy\" class=\"alignnone size-medium wp-image-3492\" src=\"http:\/\/violmax.pl\/wp-content\/uploads\/2020\/05\/VIOLMAX_POLSKA-300x28.jpg\" alt=\"\" width=\"300\" height=\"28\" \/><\/p>\n<p>&nbsp;<\/p>\n<p>Karafka o litra\u017cu 0,75 litra \u2013 wypiaskowane motywy typowe dla Bieszczad (dwustronnie). Karafka mo\u017ce s\u0142u\u017cy\u0107 jako nietuzinkowy, szklany prezent lub ozdobny flakon na nalewki, wina, koniaki. Pi\u0119kna, okaza\u0142a ( 26 cm wysoko\u015bci ) pami\u0105tka z Bieszczad, kt\u00f3ra zachwyci ka\u017cdego.Idealna pami\u0105tka z g\u00f3r. Nadaje si\u0119 do mycia w zmywarce.<\/p>\n<p><em><strong>Minimalna ilo\u015b\u0107 zam\u00f3wienia \u2013 1 sztuka<\/strong><\/em><\/p>\n<p><strong><em>Towar sprzedawany na opakowania<\/em><\/strong><\/p>\n<h3><strong>CENA ZA SZTUK\u0118.<\/strong><\/h3>\n<\/div>\n","protected":false},"featured_media":2462,"comment_status":"open","ping_status":"closed","template":"","meta":[],"_links":{"self":[{"href":"https:\/\/violmax.pl\/index.php\/wp-json\/wp\/v2\/product\/1394"}],"collection":[{"href":"https:\/\/violmax.pl\/index.php\/wp-json\/wp\/v2\/product"}],"about":[{"href":"https:\/\/violmax.pl\/index.php\/wp-json\/wp\/v2\/types\/product"}],"replies":[{"embeddable":true,"href":"https:\/\/violmax.pl\/index.php\/wp-json\/wp\/v2\/comments?post=1394"}],"wp:featuredmedia":[{"embeddable":true,"href":"https:\/\/violmax.pl\/index.php\/wp-json\/wp\/v2\/media\/2462"}],"wp:attachment":[{"href":"https:\/\/violmax.pl\/index.php\/wp-json\/wp\/v2\/media?parent=1394"}],"curies":[{"name":"wp","href":"https:\/\/api.w.org\/{rel}","templated":true}]}}