{"id":1388,"date":"2019-09-11T09:26:52","date_gmt":"2019-09-11T07:26:52","guid":{"rendered":"http:\/\/violmax.wroclaw.pl\/?post_type=product&#038;p=1388"},"modified":"2025-12-02T13:29:12","modified_gmt":"2025-12-02T12:29:12","slug":"bieszczady-kufel-do-piwa-brema-05-litra-blacha-wilk","status":"publish","type":"product","link":"https:\/\/violmax.pl\/index.php\/produkt\/bieszczady-kufel-do-piwa-brema-05-litra-blacha-wilk\/","title":{"rendered":"BIESZCZADY, KUFEL DO PIWA &#8220;BREMA&#8221; 0,5 LITRA, BLACHA WILK"},"content":{"rendered":"<p><img loading=\"lazy\" class=\"alignnone size-medium wp-image-2466\" src=\"http:\/\/violmax.pl\/wp-content\/uploads\/2019\/09\/BIESZCZADY_KUFEL_DO_PIWA_BERNA_500_ML_BLACHA_WILK-225x300.jpg\" alt=\"\" width=\"225\" height=\"300\" srcset=\"https:\/\/violmax.pl\/wp-content\/uploads\/2019\/09\/BIESZCZADY_KUFEL_DO_PIWA_BERNA_500_ML_BLACHA_WILK-225x300.jpg 225w, https:\/\/violmax.pl\/wp-content\/uploads\/2019\/09\/BIESZCZADY_KUFEL_DO_PIWA_BERNA_500_ML_BLACHA_WILK-680x907.jpg 680w, https:\/\/violmax.pl\/wp-content\/uploads\/2019\/09\/BIESZCZADY_KUFEL_DO_PIWA_BERNA_500_ML_BLACHA_WILK.jpg 750w\" sizes=\"(max-width: 225px) 100vw, 225px\" \/><\/p>\n<p>Kufel Brema o litra\u017cu 0,5 litra z umieszczon\u0105 na \u015brodku metalow\u0105 blach\u0105, z motywem wilka, lasu. Bardzo okaza\u0142y, wygodny kufel, kt\u00f3ry zachwyci wszystkich. Idealny pomys\u0142 na upominek z Bieszczad. Znakomicie sprawdzi si\u0119 jako kufel do codziennego u\u017cytku lub jako \u015bwietna pami\u0105tka z g\u00f3r. Idealny na prezent dla lubuj\u0105cych si\u0119 w piwie lub os\u00f3b, kt\u00f3re ceni\u0105 sobie pami\u0105tki ze smakiem. Ozdobi ka\u017cde wn\u0119trze i zachwyci go\u015bci.\u015awietna pami\u0105tka z Bieszczad.<\/p>\n","protected":false},"excerpt":{"rendered":"<p><img loading=\"lazy\" class=\"alignnone size-medium wp-image-3492\" src=\"http:\/\/violmax.pl\/wp-content\/uploads\/2020\/05\/VIOLMAX_POLSKA-300x28.jpg\" alt=\"\" width=\"300\" height=\"28\" \/><\/p>\n<p>&nbsp;<\/p>\n<p>Kufel Brema o litra\u017cu 0,5 litra z umieszczon\u0105 na \u015brodku metalow\u0105 blach\u0105, z motywem wilka, lasu. Bardzo okaza\u0142y, wygodny kufel, kt\u00f3ry zachwyci wszystkich. Idealny pomys\u0142 na upominek z Bieszczad. Znakomicie sprawdzi si\u0119 jako kufel do codziennego u\u017cytku lub jako \u015bwietna pami\u0105tka z g\u00f3r. Idealny na prezent dla lubuj\u0105cych si\u0119 w piwie lub os\u00f3b, kt\u00f3re ceni\u0105 sobie pami\u0105tki ze smakiem. Ozdobi ka\u017cde wn\u0119trze i zachwyci go\u015bci.\u015awietna pami\u0105tka z Bieszczad.<\/p>\n<p><strong><em>Minimalna ilo\u015b\u0107 zam\u00f3wienia &#8211; 6 sztuk (1 opakowanie)<\/em><br \/>\n<\/strong><\/p>\n<p><strong><em>Towar sprzedawany na opakowania<\/em><\/strong><\/p>\n<h3><span style=\"color: #ff0000;\">PRZY DODAWANIU DO KOSZYKA, NALE\u017bY DODAWA\u0106 KROTNO\u015a\u0106\u00a0 LICZBY 6 &#8211; (1 opak)\u00a0 np: 6 ; 12 ; 18 itd<\/span><\/h3>\n<h3><strong>CENA ZA SZTUK\u0118.<\/strong><\/h3>\n","protected":false},"featured_media":1390,"comment_status":"open","ping_status":"closed","template":"","meta":[],"_links":{"self":[{"href":"https:\/\/violmax.pl\/index.php\/wp-json\/wp\/v2\/product\/1388"}],"collection":[{"href":"https:\/\/violmax.pl\/index.php\/wp-json\/wp\/v2\/product"}],"about":[{"href":"https:\/\/violmax.pl\/index.php\/wp-json\/wp\/v2\/types\/product"}],"replies":[{"embeddable":true,"href":"https:\/\/violmax.pl\/index.php\/wp-json\/wp\/v2\/comments?post=1388"}],"wp:featuredmedia":[{"embeddable":true,"href":"https:\/\/violmax.pl\/index.php\/wp-json\/wp\/v2\/media\/1390"}],"wp:attachment":[{"href":"https:\/\/violmax.pl\/index.php\/wp-json\/wp\/v2\/media?parent=1388"}],"curies":[{"name":"wp","href":"https:\/\/api.w.org\/{rel}","templated":true}]}}