{"id":1331,"date":"2019-09-10T13:55:37","date_gmt":"2019-09-10T11:55:37","guid":{"rendered":"http:\/\/violmax.wroclaw.pl\/?post_type=product&#038;p=1331"},"modified":"2025-12-02T13:29:13","modified_gmt":"2025-12-02T12:29:13","slug":"szczyrk-szklanka-do-whisky-kwadrat-250-ml-rynek-szron","status":"publish","type":"product","link":"https:\/\/violmax.pl\/index.php\/produkt\/szczyrk-szklanka-do-whisky-kwadrat-250-ml-rynek-szron\/","title":{"rendered":"SZCZYRK, SZKLANKA DO WHISKY &#8220;KWADRAT&#8221; 250 ML, RYNEK SZRON"},"content":{"rendered":"<p><img loading=\"lazy\" class=\"alignnone size-medium wp-image-1334\" src=\"http:\/\/violmax.pl\/wp-content\/uploads\/2019\/09\/SZKLANKA-WHISKEY-DOCELOWY--216x300.jpg\" alt=\"\" width=\"216\" height=\"300\" \/><img loading=\"lazy\" class=\"alignnone size-medium wp-image-1333\" src=\"http:\/\/violmax.pl\/wp-content\/uploads\/2019\/09\/SZKLANKA-WHISKEY-2-DOCELOWY-211x300.jpg\" alt=\"\" width=\"211\" height=\"300\" \/><\/p>\n<p>&nbsp;<\/p>\n<p>Szklanka do whisky o pojemno\u015bci 250 ml. Ca\u0142a szklanka jest precyzyjnie wypiaskowana. Widnieje na niej wypiaskowana pijalnia wody oraz napis \u201dSzczyrk\u201d. Bardzo wygodnie utrzymuje si\u0119 w d\u0142oni dzi\u0119ki piaskowaniu.Idealna pami\u0105tka z g\u00f3r.<\/p>\n","protected":false},"excerpt":{"rendered":"<div class=\"woocommerce-product-details__short-description\">\n<div class=\"woocommerce-product-details__short-description\">\n<p><img loading=\"lazy\" class=\"alignnone size-full wp-image-5364\" src=\"http:\/\/violmax.pl\/wp-content\/uploads\/2020\/10\/VIOLMAX_POLSKA-3.jpg\" alt=\"\" width=\"300\" height=\"28\" \/><\/p>\n<p>&nbsp;<\/p>\n<p>Szklanka do whisky o pojemno\u015bci 250 ml. Ca\u0142a szklanka jest precyzyjnie wypiaskowana. Widnieje na niej wypiaskowana pijalnia wody oraz napis \u201dSzczyrk\u201d. Bardzo wygodnie utrzymuje si\u0119 w d\u0142oni dzi\u0119ki piaskowaniu.Idealna pami\u0105tka z g\u00f3r.<\/p>\n<p><strong><em>Minimalna ilo\u015b\u0107 zam\u00f3wienia \u2013 6 sztuk (1 opakowanie)<\/em><br \/>\n<\/strong><\/p>\n<p><strong><em>Towar sprzedawany na opakowania<\/em><\/strong><\/p>\n<h3><span style=\"color: #ff0000;\">PRZY DODAWANIU DO KOSZYKA, NALE\u017bY DODAWA\u0106 KROTNO\u015a\u0106\u00a0 LICZBY 6 &#8211; (1 opak)\u00a0 np: 6 ; 12 ; 18 itd<\/span><\/h3>\n<h3><strong>CENA ZA SZTUK\u0118.<\/strong><\/h3>\n<\/div>\n<\/div>\n","protected":false},"featured_media":1334,"comment_status":"open","ping_status":"closed","template":"","meta":[],"_links":{"self":[{"href":"https:\/\/violmax.pl\/index.php\/wp-json\/wp\/v2\/product\/1331"}],"collection":[{"href":"https:\/\/violmax.pl\/index.php\/wp-json\/wp\/v2\/product"}],"about":[{"href":"https:\/\/violmax.pl\/index.php\/wp-json\/wp\/v2\/types\/product"}],"replies":[{"embeddable":true,"href":"https:\/\/violmax.pl\/index.php\/wp-json\/wp\/v2\/comments?post=1331"}],"wp:featuredmedia":[{"embeddable":true,"href":"https:\/\/violmax.pl\/index.php\/wp-json\/wp\/v2\/media\/1334"}],"wp:attachment":[{"href":"https:\/\/violmax.pl\/index.php\/wp-json\/wp\/v2\/media?parent=1331"}],"curies":[{"name":"wp","href":"https:\/\/api.w.org\/{rel}","templated":true}]}}