{"id":1315,"date":"2019-09-10T13:43:30","date_gmt":"2019-09-10T11:43:30","guid":{"rendered":"http:\/\/violmax.wroclaw.pl\/?post_type=product&#038;p=1315"},"modified":"2025-12-02T13:29:14","modified_gmt":"2025-12-02T12:29:14","slug":"szczyrk-szklanka-lav-225-ml-harnas-szron","status":"publish","type":"product","link":"https:\/\/violmax.pl\/index.php\/produkt\/szczyrk-szklanka-lav-225-ml-harnas-szron\/","title":{"rendered":"SZCZYRK, SZKLANKA DO NAPOJ\u00d3W &#8220;LAV 335&#8221; ML, HARNA\u015a SZRON"},"content":{"rendered":"<p><img loading=\"lazy\" class=\"alignnone size-medium wp-image-1318\" src=\"http:\/\/violmax.pl\/wp-content\/uploads\/2019\/09\/SZKLANKA-LAV-2-DOCELOWY-183x300.jpg\" alt=\"\" width=\"183\" height=\"300\" \/><img loading=\"lazy\" class=\"alignnone size-medium wp-image-1317\" src=\"http:\/\/violmax.pl\/wp-content\/uploads\/2019\/09\/SZKLANKA-LAV-1-DOCELOWY-182x300.jpg\" alt=\"\" width=\"182\" height=\"300\" \/><\/p>\n<p>&nbsp;<\/p>\n<p>Szklanka do napoj\u00f3w 335 ml z niecodziennymi wy\u017c\u0142obieniami w szkle na dole, cz\u0119\u015bciowo wypiaskowana. Na szklance wypiaskowany zosta\u0142 motyw g\u00f3rala, nazwa miejscowo\u015bci,g\u00f3ry. Bardzo praktyczna pami\u0105tka do ka\u017cdego rodzaju napoj\u00f3w. Idealna pami\u0105tka dla ka\u017cdego ze Szczyrku.<\/p>\n","protected":false},"excerpt":{"rendered":"<p><img loading=\"lazy\" class=\"alignnone size-full wp-image-5364\" src=\"http:\/\/violmax.pl\/wp-content\/uploads\/2020\/10\/VIOLMAX_POLSKA-3.jpg\" alt=\"\" width=\"300\" height=\"28\" \/><\/p>\n<p>&nbsp;<\/p>\n<p>Szklanka do napoj\u00f3w 335 ml z niecodziennymi wy\u017c\u0142obieniami w szkle na dole, cz\u0119\u015bciowo wypiaskowana. Na szklance wypiaskowany zosta\u0142 motyw g\u00f3rala, nazwa miejscowo\u015bci,g\u00f3ry. Bardzo praktyczna pami\u0105tka do ka\u017cdego rodzaju napoj\u00f3w. Idealna pami\u0105tka dla ka\u017cdego ze Szczyrku.<\/p>\n<p><strong><em>Minimalna ilo\u015b\u0107 zam\u00f3wienia &#8211; 6 szt (1 opakowanie)<\/em><br \/>\n<\/strong><\/p>\n<p><strong><em>Towar sprzedawany na opakowania<\/em><\/strong><\/p>\n<h3><span style=\"color: #ff0000;\">PRZY DODAWANIU DO KOSZYKA, NALE\u017bY DODAWA\u0106 KROTNO\u015a\u0106\u00a0 LICZBY 6 &#8211; (1 opak)\u00a0 np: 6 ; 12 ; 18 itd<\/span><\/h3>\n<h3><strong>CENA ZA SZTUK\u0118.<\/strong><\/h3>\n","protected":false},"featured_media":1318,"comment_status":"open","ping_status":"closed","template":"","meta":[],"_links":{"self":[{"href":"https:\/\/violmax.pl\/index.php\/wp-json\/wp\/v2\/product\/1315"}],"collection":[{"href":"https:\/\/violmax.pl\/index.php\/wp-json\/wp\/v2\/product"}],"about":[{"href":"https:\/\/violmax.pl\/index.php\/wp-json\/wp\/v2\/types\/product"}],"replies":[{"embeddable":true,"href":"https:\/\/violmax.pl\/index.php\/wp-json\/wp\/v2\/comments?post=1315"}],"wp:featuredmedia":[{"embeddable":true,"href":"https:\/\/violmax.pl\/index.php\/wp-json\/wp\/v2\/media\/1318"}],"wp:attachment":[{"href":"https:\/\/violmax.pl\/index.php\/wp-json\/wp\/v2\/media?parent=1315"}],"curies":[{"name":"wp","href":"https:\/\/api.w.org\/{rel}","templated":true}]}}