{"id":1312,"date":"2019-09-10T13:38:20","date_gmt":"2019-09-10T11:38:20","guid":{"rendered":"http:\/\/violmax.wroclaw.pl\/?post_type=product&#038;p=1312"},"modified":"2025-12-02T13:29:14","modified_gmt":"2025-12-02T12:29:14","slug":"szczyrk-szklanka-beczka-250-ml-parzenica-kolor","status":"publish","type":"product","link":"https:\/\/violmax.pl\/index.php\/produkt\/szczyrk-szklanka-beczka-250-ml-parzenica-kolor\/","title":{"rendered":"SZCZYRK, SZKLANKA DO NAPOJ\u00d3W &#8220;BECZKA&#8221; 250 ML, PARZENICA KOLOR"},"content":{"rendered":"<p><img loading=\"lazy\" class=\"alignnone size-medium wp-image-1314\" src=\"http:\/\/violmax.pl\/wp-content\/uploads\/2019\/09\/SZKLANKA-BECZKA-PARZENICA-DOCELOWY-239x300.jpg\" alt=\"\" width=\"239\" height=\"300\" \/><\/p>\n<p>&nbsp;<\/p>\n<p>Szklanka tzw \u201dBeczka\u201d &#8211; bardzo ciekawy model. Na \u015brodku umieszczona zosta\u0142a metalowa, kolorowa parzenica .Pr\u00f3cz tego umieszczona jest jeszcze szarfa z metalu, z nazw\u0105 miejscowo\u015bci \u2013 Szczyrk. Bardzo wygodna szklanka, idealna pami\u0105tka. Pr\u00f3cz tego, \u017ce wygl\u0105da naprawd\u0119 okazale mo\u017ce s\u0142u\u017cy\u0107 przez d\u0142ugie lata do picia ulubionych drink\u00f3w.Idealna pami\u0105tka z g\u00f3r.<\/p>\n","protected":false},"excerpt":{"rendered":"<div class=\"woocommerce-product-details__short-description\">\n<p><img loading=\"lazy\" class=\"alignnone size-full wp-image-5364\" src=\"http:\/\/violmax.pl\/wp-content\/uploads\/2020\/10\/VIOLMAX_POLSKA-3.jpg\" alt=\"\" width=\"300\" height=\"28\" \/><\/p>\n<p>&nbsp;<\/p>\n<p>Szklanka tzw \u201dBeczka\u201d &#8211; bardzo ciekawy model. Na \u015brodku umieszczona zosta\u0142a metalowa, kolorowa parzenica .Pr\u00f3cz tego umieszczona jest jeszcze szarfa z metalu, z nazw\u0105 miejscowo\u015bci \u2013 Szczyrk. Bardzo wygodna szklanka, idealna pami\u0105tka. Pr\u00f3cz tego, \u017ce wygl\u0105da naprawd\u0119 okazale mo\u017ce s\u0142u\u017cy\u0107 przez d\u0142ugie lata do picia ulubionych drink\u00f3w.Idealna pami\u0105tka z g\u00f3r.<\/p>\n<p><strong><em>Minimalna ilo\u015b\u0107 zam\u00f3wienia \u2013 6 sztuk (1 opakowanie)<\/em><br \/>\n<\/strong><\/p>\n<p><strong><em>Towar sprzedawany na opakowania<\/em><\/strong><\/p>\n<h3><span style=\"color: #ff0000;\">PRZY DODAWANIU DO KOSZYKA, NALE\u017bY DODAWA\u0106 KROTNO\u015a\u0106\u00a0 LICZBY 6 &#8211; (1 opak)\u00a0 np: 6 ; 12 ; 18 itd<\/span><\/h3>\n<h3><strong>CENA ZA SZTUK\u0118.<\/strong><\/h3>\n<\/div>\n","protected":false},"featured_media":1314,"comment_status":"open","ping_status":"closed","template":"","meta":[],"_links":{"self":[{"href":"https:\/\/violmax.pl\/index.php\/wp-json\/wp\/v2\/product\/1312"}],"collection":[{"href":"https:\/\/violmax.pl\/index.php\/wp-json\/wp\/v2\/product"}],"about":[{"href":"https:\/\/violmax.pl\/index.php\/wp-json\/wp\/v2\/types\/product"}],"replies":[{"embeddable":true,"href":"https:\/\/violmax.pl\/index.php\/wp-json\/wp\/v2\/comments?post=1312"}],"wp:featuredmedia":[{"embeddable":true,"href":"https:\/\/violmax.pl\/index.php\/wp-json\/wp\/v2\/media\/1314"}],"wp:attachment":[{"href":"https:\/\/violmax.pl\/index.php\/wp-json\/wp\/v2\/media?parent=1312"}],"curies":[{"name":"wp","href":"https:\/\/api.w.org\/{rel}","templated":true}]}}