{"id":1267,"date":"2019-09-10T12:37:41","date_gmt":"2019-09-10T10:37:41","guid":{"rendered":"http:\/\/violmax.wroclaw.pl\/?post_type=product&#038;p=1267"},"modified":"2025-12-02T13:29:17","modified_gmt":"2025-12-02T12:29:17","slug":"wisla-kufel-do-piwa-isar-05-litra-harnas-2d","status":"publish","type":"product","link":"https:\/\/violmax.pl\/index.php\/produkt\/wisla-kufel-do-piwa-isar-05-litra-harnas-2d\/","title":{"rendered":"WIS\u0141A, KUFEL DO PIWA &#8220;ISAR&#8221; 0,5 LITRA, HARNA\u015a METAL 2D"},"content":{"rendered":"<p><img loading=\"lazy\" class=\"alignnone size-medium wp-image-7283\" src=\"http:\/\/violmax.pl\/wp-content\/uploads\/2021\/03\/Wisla_kufel_do_piwa_isar_500_ml_harnas_2d_gory-300x300.png\" alt=\"\" width=\"300\" height=\"300\" srcset=\"https:\/\/violmax.pl\/wp-content\/uploads\/2021\/03\/Wisla_kufel_do_piwa_isar_500_ml_harnas_2d_gory-300x300.png 300w, https:\/\/violmax.pl\/wp-content\/uploads\/2021\/03\/Wisla_kufel_do_piwa_isar_500_ml_harnas_2d_gory-150x150.png 150w, https:\/\/violmax.pl\/wp-content\/uploads\/2021\/03\/Wisla_kufel_do_piwa_isar_500_ml_harnas_2d_gory-768x768.png 768w, https:\/\/violmax.pl\/wp-content\/uploads\/2021\/03\/Wisla_kufel_do_piwa_isar_500_ml_harnas_2d_gory-680x680.png 680w, https:\/\/violmax.pl\/wp-content\/uploads\/2021\/03\/Wisla_kufel_do_piwa_isar_500_ml_harnas_2d_gory-100x100.png 100w, https:\/\/violmax.pl\/wp-content\/uploads\/2021\/03\/Wisla_kufel_do_piwa_isar_500_ml_harnas_2d_gory.png 900w\" sizes=\"(max-width: 300px) 100vw, 300px\" \/><\/p>\n<p>&nbsp;<\/p>\n<p>Kufel do piwa \u201eISAR\u201d o litra\u017cu 0,5 . Ozdobiony jest metalowym motywem Harnasia. Produkt\u00a0 z wysokiej jako\u015bci szk\u0142a z motywem metalowym. Znakomicie sprawdzi si\u0119 jako kufel do codziennego u\u017cytku lub jako \u015bwietna pami\u0105tka z g\u00f3r. Idealny na prezent dla lubuj\u0105cych si\u0119 w piwie lub os\u00f3b, kt\u00f3re ceni\u0105 sobie pami\u0105tki ze smakiem. Ozdobi ka\u017cde wn\u0119trze i zachwyci go\u015bci.Idealna pami\u0105tka z g\u00f3r.<\/p>\n","protected":false},"excerpt":{"rendered":"<div class=\"woocommerce-product-details__short-description\">\n<p><img loading=\"lazy\" class=\"alignnone size-full wp-image-5364\" src=\"http:\/\/violmax.pl\/wp-content\/uploads\/2020\/10\/VIOLMAX_POLSKA-3.jpg\" alt=\"\" width=\"300\" height=\"28\" \/><\/p>\n<p>&nbsp;<\/p>\n<p>Kufel do piwa \u201eISAR\u201d o litra\u017cu 0,5 . Ozdobiony jest metalowym motywem Harnasia. Produkt\u00a0 z wysokiej jako\u015bci szk\u0142a z motywem metalowym. Znakomicie sprawdzi si\u0119 jako kufel do codziennego u\u017cytku lub jako \u015bwietna pami\u0105tka z g\u00f3r. Idealny na prezent dla lubuj\u0105cych si\u0119 w piwie lub os\u00f3b, kt\u00f3re ceni\u0105 sobie pami\u0105tki ze smakiem. Ozdobi ka\u017cde wn\u0119trze i zachwyci go\u015bci.Idealna pami\u0105tka z g\u00f3r.<\/p>\n<p><strong><em>Minimalna ilo\u015b\u0107 zam\u00f3wienia \u2013 6 sztuk (1 opakowanie)<\/em><br \/>\n<\/strong><\/p>\n<p><strong><em>Towar sprzedawany na opakowania<\/em><\/strong><\/p>\n<h3><span style=\"color: #ff0000;\">PRZY DODAWANIU DO KOSZYKA, NALE\u017bY DODAWA\u0106 KROTNO\u015a\u0106\u00a0 LICZBY 6 &#8211; (1 opak)\u00a0 np: 6 ; 12 ; 18 itd<\/span><\/h3>\n<h3><strong>CENA ZA SZTUK\u0118.<\/strong><\/h3>\n<\/div>\n","protected":false},"featured_media":7283,"comment_status":"open","ping_status":"closed","template":"","meta":[],"_links":{"self":[{"href":"https:\/\/violmax.pl\/index.php\/wp-json\/wp\/v2\/product\/1267"}],"collection":[{"href":"https:\/\/violmax.pl\/index.php\/wp-json\/wp\/v2\/product"}],"about":[{"href":"https:\/\/violmax.pl\/index.php\/wp-json\/wp\/v2\/types\/product"}],"replies":[{"embeddable":true,"href":"https:\/\/violmax.pl\/index.php\/wp-json\/wp\/v2\/comments?post=1267"}],"wp:featuredmedia":[{"embeddable":true,"href":"https:\/\/violmax.pl\/index.php\/wp-json\/wp\/v2\/media\/7283"}],"wp:attachment":[{"href":"https:\/\/violmax.pl\/index.php\/wp-json\/wp\/v2\/media?parent=1267"}],"curies":[{"name":"wp","href":"https:\/\/api.w.org\/{rel}","templated":true}]}}