{"id":1256,"date":"2019-09-10T12:24:00","date_gmt":"2019-09-10T10:24:00","guid":{"rendered":"http:\/\/violmax.wroclaw.pl\/?post_type=product&#038;p=1256"},"modified":"2025-12-02T13:29:17","modified_gmt":"2025-12-02T12:29:17","slug":"wisla-kieliszek-do-wodki-shot-x-50ml-szron-podkowa","status":"publish","type":"product","link":"https:\/\/violmax.pl\/index.php\/produkt\/wisla-kieliszek-do-wodki-shot-x-50ml-szron-podkowa\/","title":{"rendered":"WIS\u0141A, KIELISZEK DO W\u00d3DKI SHOT &#8220;X 50&#8221; ml, SZRON + PODKOWA"},"content":{"rendered":"<p><img loading=\"lazy\" class=\"alignnone size-medium wp-image-7259\" src=\"http:\/\/violmax.pl\/wp-content\/uploads\/2021\/03\/Wisla_kieliszek_do_wodki_shot_50_x_szron_podkowa-300x200.png\" alt=\"\" width=\"300\" height=\"200\" srcset=\"https:\/\/violmax.pl\/wp-content\/uploads\/2021\/03\/Wisla_kieliszek_do_wodki_shot_50_x_szron_podkowa-300x200.png 300w, https:\/\/violmax.pl\/wp-content\/uploads\/2021\/03\/Wisla_kieliszek_do_wodki_shot_50_x_szron_podkowa-768x512.png 768w, https:\/\/violmax.pl\/wp-content\/uploads\/2021\/03\/Wisla_kieliszek_do_wodki_shot_50_x_szron_podkowa-680x453.png 680w, https:\/\/violmax.pl\/wp-content\/uploads\/2021\/03\/Wisla_kieliszek_do_wodki_shot_50_x_szron_podkowa.png 900w\" sizes=\"(max-width: 300px) 100vw, 300px\" \/><\/p>\n<p>&nbsp;<\/p>\n<p>Kieliszek do w\u00f3dki o pojemno\u015bci 50ml. Kieliszek jest pi\u0119knie oszroniony do po\u0142owy, na samym \u015brodku umieszczona zosta\u0142a metalowa ozdoba \u2013 podkowa z g\u0142ow\u0105 konia. Napis \u201dWis\u0142a\u201d zosta\u0142 precyzyjnie wypiaskowany. Takie pami\u0105tki zawsze robi\u0105 wra\u017cenie. Po\u0142\u0105czenie praktycznej rzeczy z oryginaln\u0105 pami\u0105tk\u0105 i ozdob\u0105 np w kuchennej szafce czy eleganckim barku, w salonie.Idealna pami\u0105tka z g\u00f3r.<\/p>\n","protected":false},"excerpt":{"rendered":"<div class=\"woocommerce-product-details__short-description\">\n<p><img loading=\"lazy\" class=\"alignnone size-full wp-image-5364\" src=\"http:\/\/violmax.pl\/wp-content\/uploads\/2020\/10\/VIOLMAX_POLSKA-3.jpg\" alt=\"\" width=\"300\" height=\"28\" \/><\/p>\n<p>&nbsp;<\/p>\n<p>Kieliszek do w\u00f3dki o pojemno\u015bci 50ml. Kieliszek jest pi\u0119knie oszroniony do po\u0142owy, na samym \u015brodku umieszczona zosta\u0142a metalowa ozdoba \u2013 podkowa z g\u0142ow\u0105 konia. Napis \u201dWis\u0142a\u201d zosta\u0142 precyzyjnie wypiaskowany. Takie pami\u0105tki zawsze robi\u0105 wra\u017cenie. Po\u0142\u0105czenie praktycznej rzeczy z oryginaln\u0105 pami\u0105tk\u0105 i ozdob\u0105 np w kuchennej szafce czy eleganckim barku, w salonie.Idealna pami\u0105tka z g\u00f3r.<\/p>\n<p><strong><em>Minimalna ilo\u015b\u0107 zam\u00f3wienia \u2013 6 sztuk (1 opakowanie)<\/em><br \/>\n<\/strong><\/p>\n<p><strong><em>Towar sprzedawany na opakowania<\/em><\/strong><\/p>\n<h3><span style=\"color: #ff0000;\">PRZY DODAWANIU DO KOSZYKA, NALE\u017bY DODAWA\u0106 KROTNO\u015a\u0106\u00a0 LICZBY 6 &#8211; (1 opak)\u00a0 np: 6 ; 12 ; 18 itd<\/span><\/h3>\n<h3><strong>CENA ZA SZTUK\u0118.<\/strong><\/h3>\n<\/div>\n","protected":false},"featured_media":7259,"comment_status":"open","ping_status":"closed","template":"","meta":[],"_links":{"self":[{"href":"https:\/\/violmax.pl\/index.php\/wp-json\/wp\/v2\/product\/1256"}],"collection":[{"href":"https:\/\/violmax.pl\/index.php\/wp-json\/wp\/v2\/product"}],"about":[{"href":"https:\/\/violmax.pl\/index.php\/wp-json\/wp\/v2\/types\/product"}],"replies":[{"embeddable":true,"href":"https:\/\/violmax.pl\/index.php\/wp-json\/wp\/v2\/comments?post=1256"}],"wp:featuredmedia":[{"embeddable":true,"href":"https:\/\/violmax.pl\/index.php\/wp-json\/wp\/v2\/media\/7259"}],"wp:attachment":[{"href":"https:\/\/violmax.pl\/index.php\/wp-json\/wp\/v2\/media?parent=1256"}],"curies":[{"name":"wp","href":"https:\/\/api.w.org\/{rel}","templated":true}]}}