{"id":1249,"date":"2019-09-10T12:16:54","date_gmt":"2019-09-10T10:16:54","guid":{"rendered":"http:\/\/violmax.wroclaw.pl\/?post_type=product&#038;p=1249"},"modified":"2025-12-02T13:29:18","modified_gmt":"2025-12-02T12:29:18","slug":"mielno-szklanka-do-piwa-05-litra-kapitan-szron","status":"publish","type":"product","link":"https:\/\/violmax.pl\/index.php\/produkt\/mielno-szklanka-do-piwa-05-litra-kapitan-szron\/","title":{"rendered":"MIELNO, SZKLANKA DO PIWA &#8220;KROSNO&#8221; 0,5 LITRA, KAPITAN SZRON"},"content":{"rendered":"<p><img loading=\"lazy\" class=\"alignnone size-medium wp-image-1252\" src=\"http:\/\/violmax.pl\/wp-content\/uploads\/2019\/09\/SZKLANKA-PIWO-SZRON-2-STRONA--164x300.jpg\" alt=\"\" width=\"164\" height=\"300\" \/><img loading=\"lazy\" class=\"alignnone size-medium wp-image-1251\" src=\"http:\/\/violmax.pl\/wp-content\/uploads\/2019\/09\/SZKLANKA-PIWO-SZRON-1-STRONA--176x300.jpg\" alt=\"\" width=\"176\" height=\"300\" \/><\/p>\n<p>Szklanka do piwa o pojemno\u015bci 0,5 litra z wypiaskowanym motywem charakterystycznym dla miejscowo\u015bci nadmorskiej oraz do po\u0142owy w szronie. Na szklance widnieje napis \u201dMielno\u201d. Zwyk\u0142a szklanka dzi\u0119ki precyzyjnemu piaskowaniu nabra\u0142a oryginalno\u015bci. Idealna pami\u0105tka znad morza. Nadaje si\u0119 do mycia w zmywarce.<\/p>\n","protected":false},"excerpt":{"rendered":"<div class=\"woocommerce-product-details__short-description\">\n<div class=\"woocommerce-product-details__short-description\">\n<div class=\"woocommerce-product-details__short-description\">\n<p><img loading=\"lazy\" class=\"alignnone size-medium wp-image-4375\" src=\"http:\/\/violmax.pl\/wp-content\/uploads\/2020\/05\/VIOLMAX_POLSKA-12-300x28.jpg\" alt=\"\" width=\"300\" height=\"28\" \/><\/p>\n<p>&nbsp;<\/p>\n<p>Szklanka do piwa o pojemno\u015bci 0,5 litra z wypiaskowanym motywem charakterystycznym dla miejscowo\u015bci nadmorskiej oraz do po\u0142owy w szronie. Na szklance widnieje napis \u201dMielno\u201d. Zwyk\u0142a szklanka dzi\u0119ki precyzyjnemu piaskowaniu nabra\u0142a oryginalno\u015bci. Idealna pami\u0105tka znad morza. Nadaje si\u0119 do mycia w zmywarce.<\/p>\n<p><strong><em>Minimalna ilo\u015b\u0107 zam\u00f3wienia \u2013 6 sztuk (1 opakowanie)<\/em><br \/>\n<\/strong><\/p>\n<p><strong><em>Towar sprzedawany na opakowania<\/em><\/strong><\/p>\n<h3><span style=\"color: #ff0000;\">PRZY DODAWANIU DO KOSZYKA, NALE\u017bY DODAWA\u0106 KROTNO\u015a\u0106\u00a0 LICZBY 6 &#8211; (1 opak)\u00a0 np: 6 ; 12 ; 18 itd<\/span><\/h3>\n<h3><strong>CENA ZA SZTUK\u0118.<\/strong><\/h3>\n<\/div>\n<\/div>\n<\/div>\n","protected":false},"featured_media":1252,"comment_status":"open","ping_status":"closed","template":"","meta":[],"_links":{"self":[{"href":"https:\/\/violmax.pl\/index.php\/wp-json\/wp\/v2\/product\/1249"}],"collection":[{"href":"https:\/\/violmax.pl\/index.php\/wp-json\/wp\/v2\/product"}],"about":[{"href":"https:\/\/violmax.pl\/index.php\/wp-json\/wp\/v2\/types\/product"}],"replies":[{"embeddable":true,"href":"https:\/\/violmax.pl\/index.php\/wp-json\/wp\/v2\/comments?post=1249"}],"wp:featuredmedia":[{"embeddable":true,"href":"https:\/\/violmax.pl\/index.php\/wp-json\/wp\/v2\/media\/1252"}],"wp:attachment":[{"href":"https:\/\/violmax.pl\/index.php\/wp-json\/wp\/v2\/media?parent=1249"}],"curies":[{"name":"wp","href":"https:\/\/api.w.org\/{rel}","templated":true}]}}