{"id":1236,"date":"2019-09-10T12:07:28","date_gmt":"2019-09-10T10:07:28","guid":{"rendered":"http:\/\/violmax.wroclaw.pl\/?post_type=product&#038;p=1236"},"modified":"2025-12-02T13:29:19","modified_gmt":"2025-12-02T12:29:19","slug":"mielno-kufel-do-piwa-miodzio-05-litra-zaglowiec-1","status":"publish","type":"product","link":"https:\/\/violmax.pl\/index.php\/produkt\/mielno-kufel-do-piwa-miodzio-05-litra-zaglowiec-1\/","title":{"rendered":"MIELNO, KUFEL DO PIWA &#8220;MIODZIO 2&#8221; 0,5 LITRA, \u017bAGLOWIEC 1"},"content":{"rendered":"<p>&nbsp;<\/p>\n<p><img loading=\"lazy\" class=\"alignnone size-medium wp-image-4383\" src=\"http:\/\/violmax.pl\/wp-content\/uploads\/2020\/05\/MIELNO_KUFEL_DO_PIWA_MIODZIO_500_ML_ZAGLOWIEC_1-300x300.jpg\" alt=\"\" width=\"300\" height=\"300\" srcset=\"https:\/\/violmax.pl\/wp-content\/uploads\/2020\/05\/MIELNO_KUFEL_DO_PIWA_MIODZIO_500_ML_ZAGLOWIEC_1-300x300.jpg 300w, https:\/\/violmax.pl\/wp-content\/uploads\/2020\/05\/MIELNO_KUFEL_DO_PIWA_MIODZIO_500_ML_ZAGLOWIEC_1-150x150.jpg 150w, https:\/\/violmax.pl\/wp-content\/uploads\/2020\/05\/MIELNO_KUFEL_DO_PIWA_MIODZIO_500_ML_ZAGLOWIEC_1-768x768.jpg 768w, https:\/\/violmax.pl\/wp-content\/uploads\/2020\/05\/MIELNO_KUFEL_DO_PIWA_MIODZIO_500_ML_ZAGLOWIEC_1-680x680.jpg 680w, https:\/\/violmax.pl\/wp-content\/uploads\/2020\/05\/MIELNO_KUFEL_DO_PIWA_MIODZIO_500_ML_ZAGLOWIEC_1-100x100.jpg 100w, https:\/\/violmax.pl\/wp-content\/uploads\/2020\/05\/MIELNO_KUFEL_DO_PIWA_MIODZIO_500_ML_ZAGLOWIEC_1.jpg 900w\" sizes=\"(max-width: 300px) 100vw, 300px\" \/><\/p>\n<p>Kufel do piwa \u201dMiodzio\u201d o litra\u017cu 0,5 litra. Na kuflu s\u0105 wy\u017c\u0142obione charakterystyczne dla \u201dmiodzia\u201d p\u0142aty w szkle. Na \u015brodku kufla widzimy metalowy odlew \u2013 \u017caglowiec. Klasyczny, wygodny kufel, kt\u00f3ry sprawdzi si\u0119 u ka\u017cdego. Idealna pami\u0105tka z Mielna.<\/p>\n","protected":false},"excerpt":{"rendered":"<div class=\"woocommerce-product-details__short-description\">\n<div class=\"woocommerce-product-details__short-description\">\n<div class=\"woocommerce-product-details__short-description\">\n<p><img loading=\"lazy\" class=\"alignnone size-medium wp-image-4375\" src=\"http:\/\/violmax.pl\/wp-content\/uploads\/2020\/05\/VIOLMAX_POLSKA-12-300x28.jpg\" alt=\"\" width=\"300\" height=\"28\" \/><\/p>\n<p>&nbsp;<\/p>\n<p>Kufel do piwa \u201dMiodzio\u201d o litra\u017cu 0,5 litra. Na kuflu s\u0105 wy\u017c\u0142obione charakterystyczne dla \u201dmiodzia\u201d p\u0142aty w szkle. Na \u015brodku kufla widzimy metalowy odlew \u2013 \u017caglowiec. Klasyczny, wygodny kufel, kt\u00f3ry sprawdzi si\u0119 u ka\u017cdego. Idealna pami\u0105tka z Mielna.<\/p>\n<p><strong><em>Minimalna ilo\u015b\u0107 zam\u00f3wienia \u2013 6 sztuk (1 opakowanie)<\/em><br \/>\n<\/strong><\/p>\n<p><strong><em>Towar sprzedawany na opakowania<\/em><\/strong><\/p>\n<h3><span style=\"color: #ff0000;\">PRZY DODAWANIU DO KOSZYKA, NALE\u017bY DODAWA\u0106 KROTNO\u015a\u0106\u00a0 6 SZT &#8211; 1 OPAKOWANIE np: 6 ; 12 ;18 itd<br \/>\n<\/span><\/h3>\n<h3><strong>CENA ZA SZTUK\u0118.<\/strong><\/h3>\n<\/div>\n<\/div>\n<\/div>\n","protected":false},"featured_media":4383,"comment_status":"open","ping_status":"closed","template":"","meta":[],"_links":{"self":[{"href":"https:\/\/violmax.pl\/index.php\/wp-json\/wp\/v2\/product\/1236"}],"collection":[{"href":"https:\/\/violmax.pl\/index.php\/wp-json\/wp\/v2\/product"}],"about":[{"href":"https:\/\/violmax.pl\/index.php\/wp-json\/wp\/v2\/types\/product"}],"replies":[{"embeddable":true,"href":"https:\/\/violmax.pl\/index.php\/wp-json\/wp\/v2\/comments?post=1236"}],"wp:featuredmedia":[{"embeddable":true,"href":"https:\/\/violmax.pl\/index.php\/wp-json\/wp\/v2\/media\/4383"}],"wp:attachment":[{"href":"https:\/\/violmax.pl\/index.php\/wp-json\/wp\/v2\/media?parent=1236"}],"curies":[{"name":"wp","href":"https:\/\/api.w.org\/{rel}","templated":true}]}}