{"id":12066,"date":"2025-03-03T18:57:14","date_gmt":"2025-03-03T17:57:14","guid":{"rendered":"https:\/\/violmax.pl\/?post_type=product&#038;p=12066"},"modified":"2025-12-02T12:16:07","modified_gmt":"2025-12-02T11:16:07","slug":"bieszczady-szklanka-do-napojow-echo-350ml-niedzwiedz-nad-potokiem-szron","status":"publish","type":"product","link":"https:\/\/violmax.pl\/index.php\/produkt\/bieszczady-szklanka-do-napojow-echo-350ml-niedzwiedz-nad-potokiem-szron\/","title":{"rendered":"BIESZCZADY, SZKLANKA DO NAPOJ\u00d3W &#8220;ECHO&#8221; 350 ML, NIED\u0179WIED\u0179 NAD POTOKIEM, SZRON"},"content":{"rendered":"<p><img loading=\"lazy\" class=\"alignnone size-medium wp-image-12053\" src=\"https:\/\/violmax.pl\/wp-content\/uploads\/2025\/03\/bieszczady_szklanka_do_napojow_echo_350ml_niedzwiedz_nad_potokiem_szron-500x417.jpg\" alt=\"\" width=\"500\" height=\"417\" srcset=\"https:\/\/violmax.pl\/wp-content\/uploads\/2025\/03\/bieszczady_szklanka_do_napojow_echo_350ml_niedzwiedz_nad_potokiem_szron-500x417.jpg 500w, https:\/\/violmax.pl\/wp-content\/uploads\/2025\/03\/bieszczady_szklanka_do_napojow_echo_350ml_niedzwiedz_nad_potokiem_szron-1024x853.jpg 1024w, https:\/\/violmax.pl\/wp-content\/uploads\/2025\/03\/bieszczady_szklanka_do_napojow_echo_350ml_niedzwiedz_nad_potokiem_szron-768x640.jpg 768w, https:\/\/violmax.pl\/wp-content\/uploads\/2025\/03\/bieszczady_szklanka_do_napojow_echo_350ml_niedzwiedz_nad_potokiem_szron-680x567.jpg 680w, https:\/\/violmax.pl\/wp-content\/uploads\/2025\/03\/bieszczady_szklanka_do_napojow_echo_350ml_niedzwiedz_nad_potokiem_szron.jpg 1140w\" sizes=\"(max-width: 500px) 100vw, 500px\" \/><\/p>\n<p>Szklanka do napoj\u00f3w &#8220;ECHO&#8221; o pojemno\u015bci 350 ml. Ca\u0142a szklanka jest precyzyjnie wypiaskowana i wygl\u0105da jak by by\u0142a zmro\u017cona. Widnieje na niej nied\u017awied\u017a nad potokiem oraz z ty\u0142u napis \u201dBieszczady\u201d. Szklanka jest wykonana z wysokiej jako\u015bci szk\u0142a. Bardzo wygodnie trzyma si\u0119 w d\u0142oni. Zdj\u0119cie przedstawia jedn\u0105 szklank\u0119, sfotografowan\u0105 z przodu i z ty\u0142u. Idealna pami\u0105tka z Bieszczad. Nadaje si\u0119 do mycia w zmywarkach.<\/p>\n<p>Istnieje mo\u017cliwo\u015b\u0107 zdobienia w innym wzorze, pod zam\u00f3wienie klienta.<\/p>\n","protected":false},"excerpt":{"rendered":"<div class=\"woocommerce-product-details__short-description\">\n<div class=\"woocommerce-product-details__short-description\">\n<div class=\"woocommerce-product-details__short-description\">\n<div class=\"woocommerce-product-details__short-description\">\n<div class=\"woocommerce-product-details__short-description\">\n<p><img loading=\"lazy\" class=\"alignnone size-medium wp-image-3492\" src=\"http:\/\/violmax.pl\/wp-content\/uploads\/2020\/05\/VIOLMAX_POLSKA-300x28.jpg\" alt=\"\" width=\"300\" height=\"28\" \/><\/p>\n<p>&nbsp;<\/p>\n<p>Szklanka do napoj\u00f3w &#8220;ECHO&#8221; o pojemno\u015bci 350 ml. Ca\u0142a szklanka jest precyzyjnie wypiaskowana i wygl\u0105da jak by by\u0142a zmro\u017cona. Widnieje na niej nied\u017awied\u017a nad potokiem oraz z ty\u0142u napis \u201dBieszczady\u201d. Szklanka jest wykonana z wysokiej jako\u015bci szk\u0142a. Bardzo wygodnie trzyma si\u0119 w d\u0142oni. Zdj\u0119cie przedstawia jedn\u0105 szklank\u0119, sfotografowan\u0105 z przodu i z ty\u0142u. Idealna pami\u0105tka z Bieszczad. Nadaje si\u0119 do mycia w zmywarkach.<\/p>\n<p>Istnieje mo\u017cliwo\u015b\u0107 zdobienia w innym wzorze, pod zam\u00f3wienie klienta.<\/p>\n<p><strong><em>Minimalna ilo\u015b\u0107 zam\u00f3wienia \u2013 6 sztuk (1 opakowanie)<\/em><br \/>\n<\/strong><\/p>\n<p><strong><em>Towar sprzedawany na opakowania<\/em><\/strong><\/p>\n<h3><span style=\"color: #ff0000;\">PRZY DODAWANIU DO KOSZYKA, NALE\u017bY DODAWA\u0106 KROTNO\u015a\u0106\u00a0 LICZBY 6 &#8211; (1 opak)\u00a0 np: 6 ; 12 ; 18 itd<\/span><\/h3>\n<h3><strong>CENA ZA SZTUK\u0118.<\/strong><\/h3>\n<\/div>\n<\/div>\n<\/div>\n<\/div>\n<\/div>\n","protected":false},"featured_media":12053,"comment_status":"open","ping_status":"closed","template":"","meta":[],"_links":{"self":[{"href":"https:\/\/violmax.pl\/index.php\/wp-json\/wp\/v2\/product\/12066"}],"collection":[{"href":"https:\/\/violmax.pl\/index.php\/wp-json\/wp\/v2\/product"}],"about":[{"href":"https:\/\/violmax.pl\/index.php\/wp-json\/wp\/v2\/types\/product"}],"replies":[{"embeddable":true,"href":"https:\/\/violmax.pl\/index.php\/wp-json\/wp\/v2\/comments?post=12066"}],"wp:featuredmedia":[{"embeddable":true,"href":"https:\/\/violmax.pl\/index.php\/wp-json\/wp\/v2\/media\/12053"}],"wp:attachment":[{"href":"https:\/\/violmax.pl\/index.php\/wp-json\/wp\/v2\/media?parent=12066"}],"curies":[{"name":"wp","href":"https:\/\/api.w.org\/{rel}","templated":true}]}}