{"id":12047,"date":"2025-03-02T21:56:51","date_gmt":"2025-03-02T20:56:51","guid":{"rendered":"https:\/\/violmax.pl\/?post_type=product&#038;p=12047"},"modified":"2025-12-02T12:16:08","modified_gmt":"2025-12-02T11:16:08","slug":"bieszczady-szklanka-do-piwa-monika-495ml-glowa-wilka-szron","status":"publish","type":"product","link":"https:\/\/violmax.pl\/index.php\/produkt\/bieszczady-szklanka-do-piwa-monika-495ml-glowa-wilka-szron\/","title":{"rendered":"BIESZCZADY, SZKLANKA DO PIWA &#8220;MONIKA&#8221; 495 ML, G\u0141OWA WILKA, SZRON"},"content":{"rendered":"<p><img loading=\"lazy\" class=\"alignnone size-medium wp-image-12036\" src=\"https:\/\/violmax.pl\/wp-content\/uploads\/2025\/03\/bieszczady_kieliszek_do_piwa_monika_495ml_wilk_glowa_szron-500x417.jpg\" alt=\"\" width=\"500\" height=\"417\" srcset=\"https:\/\/violmax.pl\/wp-content\/uploads\/2025\/03\/bieszczady_kieliszek_do_piwa_monika_495ml_wilk_glowa_szron-500x417.jpg 500w, https:\/\/violmax.pl\/wp-content\/uploads\/2025\/03\/bieszczady_kieliszek_do_piwa_monika_495ml_wilk_glowa_szron-1024x853.jpg 1024w, https:\/\/violmax.pl\/wp-content\/uploads\/2025\/03\/bieszczady_kieliszek_do_piwa_monika_495ml_wilk_glowa_szron-768x640.jpg 768w, https:\/\/violmax.pl\/wp-content\/uploads\/2025\/03\/bieszczady_kieliszek_do_piwa_monika_495ml_wilk_glowa_szron-680x567.jpg 680w, https:\/\/violmax.pl\/wp-content\/uploads\/2025\/03\/bieszczady_kieliszek_do_piwa_monika_495ml_wilk_glowa_szron.jpg 1140w\" sizes=\"(max-width: 500px) 100vw, 500px\" \/><\/p>\n<p>&nbsp;<\/p>\n<p>Szklanka do piwa na stopce \u201cMONIKA\u201d o pojemno\u015bci 495 ml. Zdj\u0119cie przedstawia jedn\u0105 szklank\u0119 uj\u0119t\u0105 z przodu i z ty\u0142u.\u00a0 Ca\u0142a szklanka jest precyzyjnie wypiaskowana i sprawia wra\u017cenie jak by by\u0142a zmro\u017cona. Widnieje na niej g\u0142owa wilka oraz z ty\u0142u napis \u201dBieszczady\u201d. Szklanka wykonana jest z wysokiej jako\u015bci szk\u0142a. Zdobienie metod\u0105 piaskowania sprawia \u017ce szklanka nie boi si\u0119 mycia w zmywarkach, gdy\u017c zdobienie jest trwa\u0142e. Bardzo wygodnie utrzymuje si\u0119 w d\u0142oni dzi\u0119ki piaskowaniu do po\u0142owy. Idealna pami\u0105tka z Bieszczad. Nadaje si\u0119 do mycia w zmywarkach.<\/p>\n<p>&nbsp;<\/p>\n","protected":false},"excerpt":{"rendered":"<div class=\"woocommerce-product-details__short-description\">\n<div class=\"woocommerce-product-details__short-description\">\n<div class=\"woocommerce-product-details__short-description\">\n<p><img loading=\"lazy\" class=\"alignnone size-medium wp-image-3492\" src=\"http:\/\/violmax.pl\/wp-content\/uploads\/2020\/05\/VIOLMAX_POLSKA-300x28.jpg\" alt=\"\" width=\"300\" height=\"28\" \/><\/p>\n<p>&nbsp;<\/p>\n<p>Szklanka do piwa na stopce \u201cMONIKA\u201d o pojemno\u015bci 495 ml. Zdj\u0119cie przedstawia jedn\u0105 szklank\u0119 uj\u0119t\u0105 z przodu i z ty\u0142u.\u00a0 Ca\u0142a szklanka jest precyzyjnie wypiaskowana i sprawia wra\u017cenie jak by by\u0142a zmro\u017cona. Widnieje na niej g\u0142owa wilka oraz z ty\u0142u napis \u201dBieszczady\u201d. Szklanka wykonana jest z wysokiej jako\u015bci szk\u0142a. Zdobienie metod\u0105 piaskowania sprawia \u017ce szklanka nie boi si\u0119 mycia w zmywarkach, gdy\u017c zdobienie jest trwa\u0142e. Bardzo wygodnie utrzymuje si\u0119 w d\u0142oni dzi\u0119ki piaskowaniu do po\u0142owy. Idealna pami\u0105tka z Bieszczad. Nadaje si\u0119 do mycia w zmywarkach.<\/p>\n<p>&nbsp;<\/p>\n<p>&nbsp;<\/p>\n<p><strong><em>Minimalna ilo\u015b\u0107 zam\u00f3wienia \u2013 6 sztuk (1 opakowanie)<\/em><br \/>\n<\/strong><\/p>\n<p><strong><em>Towar sprzedawany na opakowania<\/em><\/strong><\/p>\n<h3><span style=\"color: #ff0000;\">PRZY DODAWANIU DO KOSZYKA, NALE\u017bY DODAWA\u0106 KROTNO\u015a\u0106\u00a0 LICZBY 6 &#8211; (1 opak)\u00a0 np: 6 ; 12 ; 18 itd<\/span><\/h3>\n<h3><strong>CENA ZA SZTUK\u0118.<\/strong><\/h3>\n<\/div>\n<\/div>\n<\/div>\n","protected":false},"featured_media":12036,"comment_status":"open","ping_status":"closed","template":"","meta":[],"_links":{"self":[{"href":"https:\/\/violmax.pl\/index.php\/wp-json\/wp\/v2\/product\/12047"}],"collection":[{"href":"https:\/\/violmax.pl\/index.php\/wp-json\/wp\/v2\/product"}],"about":[{"href":"https:\/\/violmax.pl\/index.php\/wp-json\/wp\/v2\/types\/product"}],"replies":[{"embeddable":true,"href":"https:\/\/violmax.pl\/index.php\/wp-json\/wp\/v2\/comments?post=12047"}],"wp:featuredmedia":[{"embeddable":true,"href":"https:\/\/violmax.pl\/index.php\/wp-json\/wp\/v2\/media\/12036"}],"wp:attachment":[{"href":"https:\/\/violmax.pl\/index.php\/wp-json\/wp\/v2\/media?parent=12047"}],"curies":[{"name":"wp","href":"https:\/\/api.w.org\/{rel}","templated":true}]}}