{"id":12015,"date":"2025-02-28T21:07:44","date_gmt":"2025-02-28T20:07:44","guid":{"rendered":"https:\/\/violmax.pl\/?post_type=product&#038;p=12015"},"modified":"2025-12-02T12:16:11","modified_gmt":"2025-12-02T11:16:11","slug":"polanczyk-kieliszek-do-wina-amber-460ml-zaglowka-szron","status":"publish","type":"product","link":"https:\/\/violmax.pl\/index.php\/produkt\/polanczyk-kieliszek-do-wina-amber-460ml-zaglowka-szron\/","title":{"rendered":"POLA\u0143CZYK, KIELISZEK DO WINA &#8220;AMBER&#8221; 460 ML, \u017bAGL\u00d3WKA, SZRON"},"content":{"rendered":"<p><img loading=\"lazy\" class=\"alignnone size-medium wp-image-11983\" src=\"https:\/\/violmax.pl\/wp-content\/uploads\/2025\/02\/polanczyk_kieliszek_do_wina_amber_460ml_zaglowka_szron-500x417.jpg\" alt=\"\" width=\"500\" height=\"417\" srcset=\"https:\/\/violmax.pl\/wp-content\/uploads\/2025\/02\/polanczyk_kieliszek_do_wina_amber_460ml_zaglowka_szron-500x417.jpg 500w, https:\/\/violmax.pl\/wp-content\/uploads\/2025\/02\/polanczyk_kieliszek_do_wina_amber_460ml_zaglowka_szron-1024x853.jpg 1024w, https:\/\/violmax.pl\/wp-content\/uploads\/2025\/02\/polanczyk_kieliszek_do_wina_amber_460ml_zaglowka_szron-768x640.jpg 768w, https:\/\/violmax.pl\/wp-content\/uploads\/2025\/02\/polanczyk_kieliszek_do_wina_amber_460ml_zaglowka_szron-680x567.jpg 680w, https:\/\/violmax.pl\/wp-content\/uploads\/2025\/02\/polanczyk_kieliszek_do_wina_amber_460ml_zaglowka_szron.jpg 1140w\" sizes=\"(max-width: 500px) 100vw, 500px\" \/><\/p>\n<p>Kieliszek do wina &#8220;AMBER&#8221; o pojemno\u015bci 460 ml. Wykonany z wysokiej jako\u015bci szk\u0142a, bardzo mocny i porz\u0105dny. Obrze\u017ce kieliszka jest ozdobione kolorem z\u0142otym. Zdj\u0119cie przedstawia jeden kieliszek, sfotografowany z przodu i z ty\u0142u. Kieliszek jest wypiaskowany, co sprawia wra\u017cenie jak by by\u0142 zmro\u017cony. Na szkle widnieje napis &#8221;POLA\u0143CZYK&#8221; oraz \u017cagl\u00f3wka. Bardzo elegancki pomys\u0142 na prezent. Idealna pami\u0105tka z Bieszczad. Nadaje si\u0119 do mycia w zmywarkach.<\/p>\n<p>&nbsp;<\/p>\n","protected":false},"excerpt":{"rendered":"<p><img loading=\"lazy\" class=\"alignnone size-full wp-image-5364\" src=\"http:\/\/violmax.pl\/wp-content\/uploads\/2020\/10\/VIOLMAX_POLSKA-3.jpg\" alt=\"\" width=\"300\" height=\"28\" \/><\/p>\n<p>&nbsp;<\/p>\n<p>Kieliszek do wina &#8220;AMBER&#8221; o pojemno\u015bci 460 ml. Wykonany z wysokiej jako\u015bci szk\u0142a, bardzo mocny i porz\u0105dny. Obrze\u017ce kieliszka jest ozdobione kolorem z\u0142otym. Zdj\u0119cie przedstawia jeden kieliszek, sfotografowany z przodu i z ty\u0142u. Kieliszek jest wypiaskowany, co sprawia wra\u017cenie jak by by\u0142 zmro\u017cony. Na szkle widnieje napis &#8221;POLA\u0143CZYK&#8221; oraz \u017cagl\u00f3wka. Bardzo elegancki pomys\u0142 na prezent. Idealna pami\u0105tka z Bieszczad. Nadaje si\u0119 do mycia w zmywarkach.<\/p>\n<p><strong><em>Minimalna ilo\u015b\u0107 zam\u00f3wienia &#8211; 6 sztuk (1 opakowanie)<\/em><br \/>\n<\/strong><\/p>\n<p><strong><em>Towar sprzedawany na opakowania<\/em><\/strong><\/p>\n<h3><span style=\"color: #ff0000;\">PRZY DODAWANIU DO KOSZYKA, NALE\u017bY DODAWA\u0106 KROTNO\u015a\u0106\u00a0 LICZBY 6 &#8211; (1 opak)\u00a0 np: 6 ; 12 ; 18 itd<\/span><\/h3>\n<h3><strong>CENA ZA SZTUK\u0118.<\/strong><\/h3>\n","protected":false},"featured_media":11983,"comment_status":"open","ping_status":"closed","template":"","meta":[],"_links":{"self":[{"href":"https:\/\/violmax.pl\/index.php\/wp-json\/wp\/v2\/product\/12015"}],"collection":[{"href":"https:\/\/violmax.pl\/index.php\/wp-json\/wp\/v2\/product"}],"about":[{"href":"https:\/\/violmax.pl\/index.php\/wp-json\/wp\/v2\/types\/product"}],"replies":[{"embeddable":true,"href":"https:\/\/violmax.pl\/index.php\/wp-json\/wp\/v2\/comments?post=12015"}],"wp:featuredmedia":[{"embeddable":true,"href":"https:\/\/violmax.pl\/index.php\/wp-json\/wp\/v2\/media\/11983"}],"wp:attachment":[{"href":"https:\/\/violmax.pl\/index.php\/wp-json\/wp\/v2\/media?parent=12015"}],"curies":[{"name":"wp","href":"https:\/\/api.w.org\/{rel}","templated":true}]}}