{"id":11937,"date":"2025-02-26T22:39:21","date_gmt":"2025-02-26T21:39:21","guid":{"rendered":"https:\/\/violmax.pl\/?post_type=product&#038;p=11937"},"modified":"2025-12-02T12:16:18","modified_gmt":"2025-12-02T11:16:18","slug":"karpacz-szklanka-do-napojow-allegra-470ml-obserwatorium-duch-gor-blacha-szron","status":"publish","type":"product","link":"https:\/\/violmax.pl\/index.php\/produkt\/karpacz-szklanka-do-napojow-allegra-470ml-obserwatorium-duch-gor-blacha-szron\/","title":{"rendered":"KARPACZ, SZKLANKA DO NAPOJ\u00d3W &#8220;ALLEGRA&#8221; 470 ML, OBSERWATORIUM NA \u015aNIE\u017bCE + DUCH G\u00d3R, SZRON"},"content":{"rendered":"<p><img loading=\"lazy\" class=\"alignnone size-medium wp-image-11924\" src=\"https:\/\/violmax.pl\/wp-content\/uploads\/2025\/02\/karpacz_szklanka_do_napojow_allegra_470ml_obserwatorium_duch_gor_blacha_szron-500x417.jpg\" alt=\"\" width=\"500\" height=\"417\" srcset=\"https:\/\/violmax.pl\/wp-content\/uploads\/2025\/02\/karpacz_szklanka_do_napojow_allegra_470ml_obserwatorium_duch_gor_blacha_szron-500x417.jpg 500w, https:\/\/violmax.pl\/wp-content\/uploads\/2025\/02\/karpacz_szklanka_do_napojow_allegra_470ml_obserwatorium_duch_gor_blacha_szron-1024x853.jpg 1024w, https:\/\/violmax.pl\/wp-content\/uploads\/2025\/02\/karpacz_szklanka_do_napojow_allegra_470ml_obserwatorium_duch_gor_blacha_szron-768x640.jpg 768w, https:\/\/violmax.pl\/wp-content\/uploads\/2025\/02\/karpacz_szklanka_do_napojow_allegra_470ml_obserwatorium_duch_gor_blacha_szron-680x567.jpg 680w, https:\/\/violmax.pl\/wp-content\/uploads\/2025\/02\/karpacz_szklanka_do_napojow_allegra_470ml_obserwatorium_duch_gor_blacha_szron.jpg 1140w\" sizes=\"(max-width: 500px) 100vw, 500px\" \/><\/p>\n<p>&nbsp;<\/p>\n<p>Szklanka do napoj\u00f3w &#8220;ALLEGRA&#8221; o pojemno\u015bci 470 ml. Szklanka wypiaskowana jest ca\u0142a w motyw typowy dla Karpacza &#8211; Obserwatorium na \u015anie\u017cce i Duch G\u00f3r. Ka\u017cdy detal jest zachowany. Zdj\u0119cie przedstawia jedn\u0105 szklank\u0119, z przodu i z ty\u0142u. Zdobienie metod\u0105 piaskowania sprawia wra\u017cenie jak by szklanka by\u0142a zmro\u017cona a na dodatek jest ono trwa\u0142e i dlatego nie boi si\u0119 mycia w zmywarce. Wykonana jest z wysokiej jako\u015bci szk\u0142a. Idealna pami\u0105tka z Karpacza. Nadaje si\u0119 do mycia w zmywarce.<\/p>\n","protected":false},"excerpt":{"rendered":"<p><img loading=\"lazy\" class=\"alignnone size-medium wp-image-4666\" src=\"http:\/\/violmax.pl\/wp-content\/uploads\/2020\/06\/VIOLMAX_POLSKA-5-300x28.jpg\" alt=\"\" width=\"300\" height=\"28\" \/><\/p>\n<p>&nbsp;<\/p>\n<p>Szklanka do napoj\u00f3w &#8220;ALLEGRA&#8221; o pojemno\u015bci 470 ml. Szklanka wypiaskowana jest ca\u0142a w motyw typowy dla Karpacza &#8211; Obserwatorium na \u015anie\u017cce i Duch G\u00f3r. Ka\u017cdy detal jest zachowany. Zdj\u0119cie przedstawia jedn\u0105 szklank\u0119, z przodu i z ty\u0142u. Zdobienie metod\u0105 piaskowania sprawia wra\u017cenie jak by szklanka by\u0142a zmro\u017cona a na dodatek jest ono trwa\u0142e i dlatego nie boi si\u0119 mycia w zmywarce. Wykonana jest z wysokiej jako\u015bci szk\u0142a. Idealna pami\u0105tka z Karpacza. Nadaje si\u0119 do mycia w zmywarce.<\/p>\n<p><strong><em>Minimalne zam\u00f3wienie &#8211; 6 sztuk (1 opakowanie)<\/em><br \/>\n<\/strong><\/p>\n<p><strong><em>Towar sprzedawany na opakowania<\/em><\/strong><\/p>\n<h3><span style=\"color: #ff0000;\">PRZY DODAWANIU DO KOSZYKA, NALE\u017bY DODAWA\u0106 KROTNO\u015a\u0106\u00a0 LICZBY 6 &#8211; (1 opak)\u00a0 np: 6 ; 12 ; 18 itd<\/span><\/h3>\n<h3><strong>CENA ZA SZTUK\u0118.<\/strong><\/h3>\n<h2><strong>\u00a0<\/strong><\/h2>\n","protected":false},"featured_media":11924,"comment_status":"open","ping_status":"closed","template":"","meta":[],"_links":{"self":[{"href":"https:\/\/violmax.pl\/index.php\/wp-json\/wp\/v2\/product\/11937"}],"collection":[{"href":"https:\/\/violmax.pl\/index.php\/wp-json\/wp\/v2\/product"}],"about":[{"href":"https:\/\/violmax.pl\/index.php\/wp-json\/wp\/v2\/types\/product"}],"replies":[{"embeddable":true,"href":"https:\/\/violmax.pl\/index.php\/wp-json\/wp\/v2\/comments?post=11937"}],"wp:featuredmedia":[{"embeddable":true,"href":"https:\/\/violmax.pl\/index.php\/wp-json\/wp\/v2\/media\/11924"}],"wp:attachment":[{"href":"https:\/\/violmax.pl\/index.php\/wp-json\/wp\/v2\/media?parent=11937"}],"curies":[{"name":"wp","href":"https:\/\/api.w.org\/{rel}","templated":true}]}}